{"id":33923,"date":"2023-12-21T19:21:45","date_gmt":"2023-12-21T19:21:45","guid":{"rendered":"https:\/\/e.kosmolat.eu\/product\/dr-s-coconut-hair-sampuns-250-ml\/"},"modified":"2026-04-23T09:24:03","modified_gmt":"2026-04-23T09:24:03","slug":"dr-s-coconut-hair-sampuns-250-ml","status":"publish","type":"product","link":"https:\/\/e.kosmolat.eu\/lv\/product\/dr-s-coconut-hair-sampuns-250-ml\/","title":{"rendered":"&#8220;Dr.S Coconut Hair&#8221; \u0160amp\u016bns, 250 ml"},"content":{"rendered":"<p>Maigs pamats. Saudz\u012bga att\u012br\u012b\u0161ana. P\u0101rm\u0113r\u012bga matu p\u016bkainuma nov\u0113r\u0161ana. &Scaron;amp\u016bns labi putojas, viegli nomazg\u0101jams, sagatavo matus t\u0101l\u0101kai kop\u0161anai.<\/p>\n<p><strong>Lieto\u0161ana:&nbsp;<\/strong>uzkl\u0101t uz mitriem matiem, saputot, nomazg\u0101t ar \u016bdeni. Nepiecie\u0161am\u012bbas gad\u012bjum\u0101 proced\u016bru atk\u0101rot. Var lietot ikdien\u0101.<\/p>\n<p><strong>Piesardz\u012bbas pas\u0101kumi:<\/strong>&nbsp;ja iek\u013c\u016bst ac\u012bs, nomazg\u0101t ar \u016bdeni. Ir iesp\u0113jama individu\u0101l\u0101 jut\u012bba uz atsevi\u0161\u0137\u0101m sast\u0101vda\u013c\u0101m. <\/p>\n","protected":false},"excerpt":{"rendered":"<p>Maigs pamats. Saudz\u012bga att\u012br\u012b\u0161ana. P\u0101rm\u0113r\u012bga matu p\u016bkainuma nov\u0113r\u0161ana. &Scaron;amp\u016bns labi putojas, viegli nomazg\u0101jams, sagatavo matus t\u0101l\u0101kai kop\u0161anai. Lieto\u0161ana:&nbsp;uzkl\u0101t uz mitriem matiem, saputot, nomazg\u0101t ar \u016bdeni. Nepiecie\u0161am\u012bbas gad\u012bjum\u0101 proced\u016bru atk\u0101rot. Var lietot ikdien\u0101. Piesardz\u012bbas pas\u0101kumi:&nbsp;ja iek\u013c\u016bst ac\u012bs, nomazg\u0101t ar \u016bdeni. Ir iesp\u0113jama individu\u0101l\u0101 jut\u012bba uz atsevi\u0161\u0137\u0101m sast\u0101vda\u013c\u0101m.<\/p>\n","protected":false},"featured_media":80914,"template":"","meta":[],"product_cat":[1999],"product_tag":[],"class_list":{"0":"post-33923","1":"product","2":"type-product","3":"status-publish","4":"has-post-thumbnail","6":"product_brand-elfa_ua","7":"product_cat-bez-kategorijas","9":"first","10":"instock","11":"taxable","12":"shipping-taxable","13":"product-type-simple"},"_links":{"self":[{"href":"https:\/\/e.kosmolat.eu\/lv\/wp-json\/wp\/v2\/product\/33923","targetHints":{"allow":["GET"]}}],"collection":[{"href":"https:\/\/e.kosmolat.eu\/lv\/wp-json\/wp\/v2\/product"}],"about":[{"href":"https:\/\/e.kosmolat.eu\/lv\/wp-json\/wp\/v2\/types\/product"}],"wp:featuredmedia":[{"embeddable":true,"href":"https:\/\/e.kosmolat.eu\/lv\/wp-json\/wp\/v2\/media\/80914"}],"wp:attachment":[{"href":"https:\/\/e.kosmolat.eu\/lv\/wp-json\/wp\/v2\/media?parent=33923"}],"wp:term":[{"taxonomy":"product_cat","embeddable":true,"href":"https:\/\/e.kosmolat.eu\/lv\/wp-json\/wp\/v2\/product_cat?post=33923"},{"taxonomy":"product_tag","embeddable":true,"href":"https:\/\/e.kosmolat.eu\/lv\/wp-json\/wp\/v2\/product_tag?post=33923"}],"curies":[{"name":"wp","href":"https:\/\/api.w.org\/{rel}","templated":true}]}}