{"id":33919,"date":"2023-12-21T19:21:23","date_gmt":"2023-12-21T19:21:23","guid":{"rendered":"https:\/\/e.kosmolat.eu\/product\/i_dr-s-anti-hair-loss-sprejs-matiem-150-ml\/"},"modified":"2026-05-09T01:05:35","modified_gmt":"2026-05-09T01:05:35","slug":"dr-s-anti-hair-loss-sprejs-matiem-150-ml","status":"publish","type":"product","link":"https:\/\/e.kosmolat.eu\/lv\/product\/dr-s-anti-hair-loss-sprejs-matiem-150-ml\/","title":{"rendered":"&#8220;Dr.S Anti Hair Loss&#8221; Sprejs matiem, 150 ml"},"content":{"rendered":"<p>Pret matu izkri\u0161anu. Stimul\u0113 matu aug\u0161anu. Nov\u0101jin\u0101tiem matiem ar tendenci uz izkri\u0161anu. Sprejs nodro\u0161ina vieglu \u0137emm\u0113\u0161anu, mazina l\u016b\u0161anu. <\/p>\n<h4>Lieto\u0161ana: <\/h4>\n<p>izsmidzin\u0101t uz 15-20 cm att\u0101luma uz t\u012briem sausiem vai mitriem matiem. Nav j\u0101nomazg\u0101.<\/p>\n","protected":false},"excerpt":{"rendered":"<p>Pret matu izkri\u0161anu. Stimul\u0113 matu aug\u0161anu. Nov\u0101jin\u0101tiem matiem ar tendenci uz izkri\u0161anu. Sprejs nodro\u0161ina vieglu \u0137emm\u0113\u0161anu, mazina l\u016b\u0161anu. Lieto\u0161ana: izsmidzin\u0101t uz 15-20 cm att\u0101luma uz t\u012briem sausiem vai mitriem matiem. Nav j\u0101nomazg\u0101.<\/p>\n","protected":false},"featured_media":80910,"template":"","meta":[],"product_cat":[1346],"product_tag":[],"class_list":{"0":"post-33919","1":"product","2":"type-product","3":"status-publish","4":"has-post-thumbnail","6":"product_brand-elfa_ua","7":"product_cat-1346","9":"first","10":"instock","11":"taxable","12":"shipping-taxable","13":"product-type-simple"},"_links":{"self":[{"href":"https:\/\/e.kosmolat.eu\/lv\/wp-json\/wp\/v2\/product\/33919","targetHints":{"allow":["GET"]}}],"collection":[{"href":"https:\/\/e.kosmolat.eu\/lv\/wp-json\/wp\/v2\/product"}],"about":[{"href":"https:\/\/e.kosmolat.eu\/lv\/wp-json\/wp\/v2\/types\/product"}],"wp:featuredmedia":[{"embeddable":true,"href":"https:\/\/e.kosmolat.eu\/lv\/wp-json\/wp\/v2\/media\/80910"}],"wp:attachment":[{"href":"https:\/\/e.kosmolat.eu\/lv\/wp-json\/wp\/v2\/media?parent=33919"}],"wp:term":[{"taxonomy":"product_cat","embeddable":true,"href":"https:\/\/e.kosmolat.eu\/lv\/wp-json\/wp\/v2\/product_cat?post=33919"},{"taxonomy":"product_tag","embeddable":true,"href":"https:\/\/e.kosmolat.eu\/lv\/wp-json\/wp\/v2\/product_tag?post=33919"}],"curies":[{"name":"wp","href":"https:\/\/api.w.org\/{rel}","templated":true}]}}