{"id":33915,"date":"2023-12-21T19:20:59","date_gmt":"2023-12-21T19:20:59","guid":{"rendered":"https:\/\/e.kosmolat.eu\/product\/i_dr-s-anti-hair-loss-balzams-200-ml\/"},"modified":"2026-04-21T13:38:51","modified_gmt":"2026-04-21T13:38:51","slug":"dr-s-anti-hair-loss-balzams-200-ml","status":"publish","type":"product","link":"https:\/\/e.kosmolat.eu\/lv\/product\/dr-s-anti-hair-loss-balzams-200-ml\/","title":{"rendered":"&#8220;Dr.S Anti Hair Loss&#8221; Balzams, 200 ml"},"content":{"rendered":"<p>Trichogen complex. Stimul\u0113 matu aug\u0161anu. Nov\u0101jin\u0101tiem matiem ar tendenci uz izkri\u0161anu. Akt\u012bva sist\u0113ma, kur\u0101 ir aminosk\u0101bes, vitam\u012bni, miner\u0101li un prote\u012bni, intens\u012bvi iedarbojas uz matiem no sakn\u0113m l\u012bdz matu galiem. Nodro\u0161ina atjauno\u0161anu, aktiviz\u0113jot stipru un vesel\u012bgu matu aug\u0161anu. <\/p>\n<p><b>Peri\u0101nas maki ekstrakts<\/b> stiprina matu folikulas, stimul\u0113 kolag\u0113na sint\u0113zi. Paildzina matu aug\u0161anas f\u0101zi un samazina matu izkri\u0161anu. <\/p>\n<p><b>Lup\u012bna s\u0113klu prote\u012bni<\/b> labv\u0113l\u012bgi ietekm\u0113 matu \u0101r\u0113jo izskatu, pie\u0161kir tiem sp\u012bdumu un sp\u0113ku. Aizsarg\u0101 pret meh\u0101nisko un \u0137\u012bmisko iedarb\u012bbu matu z\u0101v\u0113\u0161anas, ieveido\u0161anas un kr\u0101so\u0161anas laik\u0101. <\/p>\n<p><b>Sa\u010da In\u010di s\u0113klu e\u013c\u013ca<\/b> (inku zemesrieksti), kuru satur\u0101 ir augsts polipies\u0101tin\u0101tu tauksk\u0101bju (Omega 3. Omega 6) procents, atjauno matu lip\u012bdu sl\u0101ni. Padara tos maz\u0101k l\u016bsto\u0161us, kav\u0113 matu gali\u0146u \u0161\u0137el\u0161anos. Balzams pie\u0161\u0137ir matiem m\u012bkstumu un elast\u012bbu, gludumu un mirdzumu. Atvieglo \u0137emm\u0113\u0161anu. <\/p>\n<h4>Lieto\u0161ana: <\/h4>\n<p>uzkl\u0101t uz t\u012briem mitriem matiem un izsm\u0113r\u0113t vis\u0101 matu garum\u0101. Nomazg\u0101t ar \u016bdeni.<\/p>\n","protected":false},"excerpt":{"rendered":"<p>Trichogen complex. Stimul\u0113 matu aug\u0161anu. Nov\u0101jin\u0101tiem matiem ar tendenci uz izkri\u0161anu. Akt\u012bva sist\u0113ma, kur\u0101 ir aminosk\u0101bes, vitam\u012bni, miner\u0101li un prote\u012bni, intens\u012bvi iedarbojas uz matiem no sakn\u0113m l\u012bdz matu galiem. Nodro\u0161ina atjauno\u0161anu, aktiviz\u0113jot stipru un vesel\u012bgu matu aug\u0161anu. Peri\u0101nas maki ekstrakts stiprina matu folikulas, stimul\u0113 kolag\u0113na sint\u0113zi. Paildzina matu aug\u0161anas f\u0101zi un samazina matu izkri\u0161anu. Lup\u012bna [&#8230;]\n","protected":false},"featured_media":80902,"template":"","meta":[],"product_cat":[1638],"product_tag":[],"class_list":{"0":"post-33915","1":"product","2":"type-product","3":"status-publish","4":"has-post-thumbnail","6":"product_brand-elfa_ua","7":"product_cat-balzami","9":"first","10":"instock","11":"taxable","12":"shipping-taxable","13":"product-type-simple"},"_links":{"self":[{"href":"https:\/\/e.kosmolat.eu\/lv\/wp-json\/wp\/v2\/product\/33915","targetHints":{"allow":["GET"]}}],"collection":[{"href":"https:\/\/e.kosmolat.eu\/lv\/wp-json\/wp\/v2\/product"}],"about":[{"href":"https:\/\/e.kosmolat.eu\/lv\/wp-json\/wp\/v2\/types\/product"}],"wp:featuredmedia":[{"embeddable":true,"href":"https:\/\/e.kosmolat.eu\/lv\/wp-json\/wp\/v2\/media\/80902"}],"wp:attachment":[{"href":"https:\/\/e.kosmolat.eu\/lv\/wp-json\/wp\/v2\/media?parent=33915"}],"wp:term":[{"taxonomy":"product_cat","embeddable":true,"href":"https:\/\/e.kosmolat.eu\/lv\/wp-json\/wp\/v2\/product_cat?post=33915"},{"taxonomy":"product_tag","embeddable":true,"href":"https:\/\/e.kosmolat.eu\/lv\/wp-json\/wp\/v2\/product_tag?post=33915"}],"curies":[{"name":"wp","href":"https:\/\/api.w.org\/{rel}","templated":true}]}}