{"id":33907,"date":"2023-12-21T19:20:16","date_gmt":"2023-12-21T19:20:16","guid":{"rendered":"https:\/\/e.kosmolat.eu\/product\/i_dd-mutes-eliksirs-kumelisu-500-ml\/"},"modified":"2026-04-23T11:42:53","modified_gmt":"2026-04-23T11:42:53","slug":"dd-mutes-eliksirs-kumelisu-500-ml","status":"publish","type":"product","link":"https:\/\/e.kosmolat.eu\/lv\/product\/dd-mutes-eliksirs-kumelisu-500-ml\/","title":{"rendered":"DD Mutes eliks\u012brs &#8220;Kumel\u012b\u0161u&#8221;, 500 ml"},"content":{"rendered":"<p>J\u016bt\u012bgiem zobiem un smagan\u0101m.<\/p>\n<p>Regul\u0101r\u0101 kumel\u012b&scaron;u eliks\u012bra lieto&scaron;ana nodro&scaron;ina pilnv\u0113rt\u012bgu mutes dobuma kop&scaron;anu un j\u016bt\u012bgo zobu un smaganu ilgsto&scaron;u aizsardz\u012bbu, pie&scaron;\u0137ir elpai svaigumu.<\/p>\n<p>Zobu j\u016bt\u012bguma samazin\u0101&scaron;anai eliks\u012brs papildin\u0101ts ar k\u0101lija hlor\u012bdu un augu kompleksu no <b>kumel\u012b&scaron;u, salvejas <\/b>un<b> sve\u0137u<\/b> ekstraktiem, kuriem piem\u012bt&nbsp;pretiekaisuma \u012bpa&scaron;\u012bbas.<\/p>\n<p>Akt\u012bv\u0101 komponenta iedarb\u012bba:<\/p>\n<ul>\n<li>aplikuma veido&scaron;an\u0101s profilakse<\/li>\n<li>antimikrobu barjeras veido&scaron;ana<\/li>\n<li>nov\u0113r&scaron; kariesu un parodontozi<\/li>\n<\/ul>\n<p>Eliks\u012bra sat\u0101v\u0101 ir olu \u010daumalas akr\u012bvs ekstrakts, kas stiprina zobu emaliju.<\/p>\n<h4>Lieto&scaron;ana:<\/h4>\n<p>piepild\u012bt v\u0101ci\u0146u ar skalo&scaron;anas l\u012bdzekli. Neat&scaron;\u0137aid\u012bt. Skalot 1-2 min\u016btes. Lietot skalo&scaron;anas l\u012bdzekli p\u0113c zobu t\u012br\u012b&scaron;anas vai p\u0113c \u0113&scaron;anas. Ar vec\u0101ku uzraudz\u012bbu var lietot b\u0113rniem p\u0113c 6 gadu vecuma.<\/p>\n<h4>Rekomend\u0113jams daudzums:<\/h4>\n<p>b\u0113rni un pusaud\u017ei &ndash; 5 ml, vec\u0101ki &ndash; 10-20 ml. Nenor\u012bt!&nbsp;<\/p>\n","protected":false},"excerpt":{"rendered":"<p>J\u016bt\u012bgiem zobiem un smagan\u0101m. Regul\u0101r\u0101 kumel\u012b&scaron;u eliks\u012bra lieto&scaron;ana nodro&scaron;ina pilnv\u0113rt\u012bgu mutes dobuma kop&scaron;anu un j\u016bt\u012bgo zobu un smaganu ilgsto&scaron;u aizsardz\u012bbu, pie&scaron;\u0137ir elpai svaigumu. Zobu j\u016bt\u012bguma samazin\u0101&scaron;anai eliks\u012brs papildin\u0101ts ar k\u0101lija hlor\u012bdu un augu kompleksu no kumel\u012b&scaron;u, salvejas un sve\u0137u ekstraktiem, kuriem piem\u012bt&nbsp;pretiekaisuma \u012bpa&scaron;\u012bbas. Akt\u012bv\u0101 komponenta iedarb\u012bba: aplikuma veido&scaron;an\u0101s profilakse antimikrobu barjeras veido&scaron;ana nov\u0113r&scaron; kariesu un [&#8230;]\n","protected":false},"featured_media":80982,"template":"","meta":[],"product_cat":[1311],"product_tag":[],"class_list":{"0":"post-33907","1":"product","2":"type-product","3":"status-publish","4":"has-post-thumbnail","6":"product_brand-elfa_ua","7":"product_cat-mutes-skalotaji","9":"first","10":"instock","11":"taxable","12":"shipping-taxable","13":"product-type-simple"},"_links":{"self":[{"href":"https:\/\/e.kosmolat.eu\/lv\/wp-json\/wp\/v2\/product\/33907","targetHints":{"allow":["GET"]}}],"collection":[{"href":"https:\/\/e.kosmolat.eu\/lv\/wp-json\/wp\/v2\/product"}],"about":[{"href":"https:\/\/e.kosmolat.eu\/lv\/wp-json\/wp\/v2\/types\/product"}],"wp:featuredmedia":[{"embeddable":true,"href":"https:\/\/e.kosmolat.eu\/lv\/wp-json\/wp\/v2\/media\/80982"}],"wp:attachment":[{"href":"https:\/\/e.kosmolat.eu\/lv\/wp-json\/wp\/v2\/media?parent=33907"}],"wp:term":[{"taxonomy":"product_cat","embeddable":true,"href":"https:\/\/e.kosmolat.eu\/lv\/wp-json\/wp\/v2\/product_cat?post=33907"},{"taxonomy":"product_tag","embeddable":true,"href":"https:\/\/e.kosmolat.eu\/lv\/wp-json\/wp\/v2\/product_tag?post=33907"}],"curies":[{"name":"wp","href":"https:\/\/api.w.org\/{rel}","templated":true}]}}