{"id":33903,"date":"2023-12-21T19:19:54","date_gmt":"2023-12-21T19:19:54","guid":{"rendered":"https:\/\/e.kosmolat.eu\/product\/dd-mutes-eliksirs-ciedra-500-ml\/"},"modified":"2026-05-08T16:27:02","modified_gmt":"2026-05-08T16:27:02","slug":"the-dr-hc-mutes-eliksirs-ciedra-500-ml","status":"publish","type":"product","link":"https:\/\/e.kosmolat.eu\/lv\/product\/the-dr-hc-mutes-eliksirs-ciedra-500-ml\/","title":{"rendered":"The Dr. H&#038;C Mutes eliks\u012brs &#8220;Ciedra&#8221;, 500 ml"},"content":{"rendered":"<p>Regul\u0101r\u0101 ciedru eliks\u012bra lieto&scaron;ana nodro&scaron;ina pilnv\u0113rt\u012bgu mutes dobuma kop&scaron;anu, pie&scaron;\u0137ir elpai svaigumu.<\/p>\n<p>Smaganu asi\u0146o&scaron;anas profilaksei eliks\u012bra sast\u0101v\u0101 ir komplekss no 5 akt\u012bviem komponentiem:&nbsp;<strong>ciedru e\u013c\u013ca, propoliss, v\u0101rnk\u0101ja ozola mizu&nbsp;<\/strong>un<strong>&nbsp;ce\u013ctekas nov\u0101r\u012bjums.<\/strong><\/p>\n<p>5 komponentu iedarb\u012bba:<\/p>\n<ul>\n<li>veicina smaganu asi\u0146o&scaron;anas samazin\u0101&scaron;anos<\/li>\n<li>veicina smaganu stiprin\u0101&scaron;anu<\/li>\n<li>samazina iekaisumus, neitraliz\u0113 mutes dobuma nepat\u012bkamu arom\u0101tu<\/li>\n<\/ul>\n<p>Eliks\u012bra sast\u0101vs ir papildin\u0101ts ar olu \u010daumalas akt\u012bvo kalciju, kur&scaron; savienojum\u0101 ar flouru:<\/p>\n<ul>\n<li>stiprina zobu emaliju<\/li>\n<li>veicina kariesa att\u012bst\u012bbas samazin\u0101&scaron;anos<\/li>\n<li>palielina emalijas iztur\u012bbu pret bakt\u0113riju un sk\u0101bju iedarb\u012bbu<\/li>\n<\/ul>\n<p><strong>Lieto&scaron;ana:<\/strong>&nbsp;piepild\u012bt v\u0101ci\u0146u ar skalo&scaron;anas l\u012bdzekli. Neat&scaron;\u0137aid\u012bt. Skalot 1-2 min\u016btes. Lietot skalo&scaron;anas l\u012bdzekli p\u0113c zobu t\u012br\u012b&scaron;anas vai p\u0113c \u0113&scaron;anas. Ar vec\u0101ku uzraudz\u012bbu var lietot b\u0113rniem p\u0113c 6 gadu vecuma.<\/p>\n<p><strong>Rekomend\u0113jams daudzums:<\/strong>&nbsp;b\u0113rni un pusaud\u017ei &ndash; 5 ml, pieaugu&scaron;ie &ndash; 10-20 ml. Nenor\u012bt!<\/p>\n","protected":false},"excerpt":{"rendered":"<p>Regul\u0101r\u0101 ciedru eliks\u012bra lieto&scaron;ana nodro&scaron;ina pilnv\u0113rt\u012bgu mutes dobuma kop&scaron;anu, pie&scaron;\u0137ir elpai svaigumu. Smaganu asi\u0146o&scaron;anas profilaksei eliks\u012bra sast\u0101v\u0101 ir komplekss no 5 akt\u012bviem komponentiem:&nbsp;ciedru e\u013c\u013ca, propoliss, v\u0101rnk\u0101ja ozola mizu&nbsp;un&nbsp;ce\u013ctekas nov\u0101r\u012bjums. 5 komponentu iedarb\u012bba: veicina smaganu asi\u0146o&scaron;anas samazin\u0101&scaron;anos veicina smaganu stiprin\u0101&scaron;anu samazina iekaisumus, neitraliz\u0113 mutes dobuma nepat\u012bkamu arom\u0101tu Eliks\u012bra sast\u0101vs ir papildin\u0101ts ar olu \u010daumalas akt\u012bvo kalciju, [&#8230;]\n","protected":false},"featured_media":0,"template":"","meta":[],"product_cat":[1314],"product_tag":[],"class_list":{"0":"post-33903","1":"product","2":"type-product","3":"status-publish","5":"product_brand-elfa_ua","6":"product_cat-1314","8":"first","9":"instock","10":"taxable","11":"shipping-taxable","12":"product-type-simple"},"_links":{"self":[{"href":"https:\/\/e.kosmolat.eu\/lv\/wp-json\/wp\/v2\/product\/33903","targetHints":{"allow":["GET"]}}],"collection":[{"href":"https:\/\/e.kosmolat.eu\/lv\/wp-json\/wp\/v2\/product"}],"about":[{"href":"https:\/\/e.kosmolat.eu\/lv\/wp-json\/wp\/v2\/types\/product"}],"wp:attachment":[{"href":"https:\/\/e.kosmolat.eu\/lv\/wp-json\/wp\/v2\/media?parent=33903"}],"wp:term":[{"taxonomy":"product_cat","embeddable":true,"href":"https:\/\/e.kosmolat.eu\/lv\/wp-json\/wp\/v2\/product_cat?post=33903"},{"taxonomy":"product_tag","embeddable":true,"href":"https:\/\/e.kosmolat.eu\/lv\/wp-json\/wp\/v2\/product_tag?post=33903"}],"curies":[{"name":"wp","href":"https:\/\/api.w.org\/{rel}","templated":true}]}}