{"id":33899,"date":"2023-12-21T19:19:31","date_gmt":"2023-12-21T19:19:31","guid":{"rendered":"https:\/\/e.kosmolat.eu\/product\/dd-mutes-eliksirs-kompleksa-iedarbiba-500-ml\/"},"modified":"2026-04-28T09:10:43","modified_gmt":"2026-04-28T09:10:43","slug":"i_dd-mutes-eliksirs-kompleksa-iedarbiba-500-ml","status":"publish","type":"product","link":"https:\/\/e.kosmolat.eu\/lv\/product\/i_dd-mutes-eliksirs-kompleksa-iedarbiba-500-ml\/","title":{"rendered":"I_&#8221;DD&#8221; Mutes eliks\u012brs &#8220;Kompleksa iedarb\u012bba&#8221;, 500 ml"},"content":{"rendered":"<p>Skalo&scaron;anas eliks\u012brs nodro&scaron;ina pilnv\u0113rt\u012bgo komplekso mutes dobuma kop&scaron;anu. Pie&scaron;\u0137ir elpas svaigumu.<\/p>\n<p>Kariesa profilaksei un aizsardz\u012bbai no bakt\u0113rij\u0101m bag\u0101tin\u0101ts ar speci\u0101lo <strong>alvejas sulas<\/strong> kompleksu un akt\u012bviem <strong>kadi\u0137a ogu <\/strong>un <strong>piparm\u0113tras <\/strong>ekstraktiem.<\/p>\n<p>Kompleks\u0101 akt\u012bvo komponentu iedarb\u012bba:<\/p>\n<ul>\n<li>veicina smaganu iekaisuma samazin\u0101&scaron;anu<\/li>\n<li>pie&scaron;\u0137ir elpai svaigumu<\/li>\n<\/ul>\n<p>Eliks\u012bra sast\u0101vs ir papildin\u0101ts ar olu \u010daumalas akt\u012bvo kalciju, kur&scaron; savienojum\u0101 ar flouru:<\/p>\n<ul>\n<li>stiprina zobu emaliju<\/li>\n<li>veicina kariesa att\u012bst\u012bbas samazin\u0101&scaron;anos<\/li>\n<li>palielina emalijas iztur\u012bbu pret bakt\u0113riju un sk\u0101bju iedarb\u012bbu<\/li>\n<\/ul>\n<p>Lieto&scaron;ana:<\/p>\n<p>piepild\u012bt v\u0101ci\u0146u ar skalo&scaron;anas l\u012bdzekli. Neat&scaron;\u0137aid\u012bt. Skalot 1-2 min\u016btes. Lietot skalo&scaron;anas l\u012bdzekli p\u0113c zobu t\u012br\u012b&scaron;anas vai p\u0113c \u0113&scaron;anas. Ar vec\u0101ku uzraudz\u012bbu var lietot b\u0113rniem p\u0113c 6 gadu vecuma.<\/p>\n<p>Rekomend\u0113jams daudzums:<\/p>\n<p>b\u0113rni un pusaud\u017ei &ndash; 5 ml, vec\u0101ki &ndash; 10-20 ml. Nenor\u012bt! Piesardz\u012bbas pas\u0101kumi: Satur n\u0101trija fluor\u012bdu. Nedr\u012bkst nor\u012bt. Nav ieteicams lietot b\u0113rniem l\u012bdz 6 gadu vecumam bez zob\u0101rsta nor\u0101d\u012bjuma. Fluor\u012bdu masasda\u013ca ir 0.05%.<\/p>\n<p>Uzglab\u0101t temperat\u016br\u0101 no +5&deg;C l\u012bdz +25&deg;C.<\/p>\n","protected":false},"excerpt":{"rendered":"<p>Skalo&scaron;anas eliks\u012brs nodro&scaron;ina pilnv\u0113rt\u012bgo komplekso mutes dobuma kop&scaron;anu. Pie&scaron;\u0137ir elpas svaigumu. Kariesa profilaksei un aizsardz\u012bbai no bakt\u0113rij\u0101m bag\u0101tin\u0101ts ar speci\u0101lo alvejas sulas kompleksu un akt\u012bviem kadi\u0137a ogu un piparm\u0113tras ekstraktiem. Kompleks\u0101 akt\u012bvo komponentu iedarb\u012bba: veicina smaganu iekaisuma samazin\u0101&scaron;anu pie&scaron;\u0137ir elpai svaigumu Eliks\u012bra sast\u0101vs ir papildin\u0101ts ar olu \u010daumalas akt\u012bvo kalciju, kur&scaron; savienojum\u0101 ar flouru: stiprina [&#8230;]\n","protected":false},"featured_media":80974,"template":"","meta":[],"product_cat":[1314],"product_tag":[],"class_list":{"0":"post-33899","1":"product","2":"type-product","3":"status-publish","4":"has-post-thumbnail","6":"product_brand-sale","7":"product_cat-1314","9":"first","10":"instock","11":"taxable","12":"shipping-taxable","13":"product-type-simple"},"_links":{"self":[{"href":"https:\/\/e.kosmolat.eu\/lv\/wp-json\/wp\/v2\/product\/33899","targetHints":{"allow":["GET"]}}],"collection":[{"href":"https:\/\/e.kosmolat.eu\/lv\/wp-json\/wp\/v2\/product"}],"about":[{"href":"https:\/\/e.kosmolat.eu\/lv\/wp-json\/wp\/v2\/types\/product"}],"wp:featuredmedia":[{"embeddable":true,"href":"https:\/\/e.kosmolat.eu\/lv\/wp-json\/wp\/v2\/media\/80974"}],"wp:attachment":[{"href":"https:\/\/e.kosmolat.eu\/lv\/wp-json\/wp\/v2\/media?parent=33899"}],"wp:term":[{"taxonomy":"product_cat","embeddable":true,"href":"https:\/\/e.kosmolat.eu\/lv\/wp-json\/wp\/v2\/product_cat?post=33899"},{"taxonomy":"product_tag","embeddable":true,"href":"https:\/\/e.kosmolat.eu\/lv\/wp-json\/wp\/v2\/product_tag?post=33899"}],"curies":[{"name":"wp","href":"https:\/\/api.w.org\/{rel}","templated":true}]}}