{"id":33895,"date":"2023-12-21T19:19:15","date_gmt":"2023-12-21T19:19:15","guid":{"rendered":"https:\/\/e.kosmolat.eu\/product\/dd-higieniska-lupu-krasa-eikalipts-un-alveja-36-g\/"},"modified":"2026-04-24T05:33:25","modified_gmt":"2026-04-24T05:33:25","slug":"i_dd-higieniska-lupu-krasa-eikalipts-un-alveja-36-g","status":"publish","type":"product","link":"https:\/\/e.kosmolat.eu\/lv\/product\/i_dd-higieniska-lupu-krasa-eikalipts-un-alveja-36-g\/","title":{"rendered":"I_&#8221;DD&#8221; Higi\u0113nisk\u0101 l\u016bpu kr\u0101sa &#8220;Eikalipts un alveja&#8221;, 3,6 g"},"content":{"rendered":"<p>Re\u0123ener\u0113jo\u0161s l\u016bpu balzams. <\/p>\n<\/p>\n<p>M\u012bkstina un aizsarg\u0101 maigu l\u016bpu \u0101du no sliktiem laika apst\u0101k\u013ciem. Eikalipta e\u013c\u013ca veicina v\u012brusa izsitumu profilaksei uz l\u016bp\u0101m, sniedz pretiekaisuma iedarb\u012bbu. Alveja ekstrakts veicina s\u012bku plaisi\u0146u sadzied\u0113\u0161anu<br \/>\n uz l\u016bpu \u0101das.<\/p>\n<p>Lieto\u0161ana: uzkl\u0101t uz l\u016bp\u0101m.\u00a0<\/p>\n","protected":false},"excerpt":{"rendered":"<p>Re\u0123ener\u0113jo\u0161s l\u016bpu balzams. M\u012bkstina un aizsarg\u0101 maigu l\u016bpu \u0101du no sliktiem laika apst\u0101k\u013ciem. Eikalipta e\u013c\u013ca veicina v\u012brusa izsitumu profilaksei uz l\u016bp\u0101m, sniedz pretiekaisuma iedarb\u012bbu. Alveja ekstrakts veicina s\u012bku plaisi\u0146u sadzied\u0113\u0161anu uz l\u016bpu \u0101das. Lieto\u0161ana: uzkl\u0101t uz l\u016bp\u0101m.\u00a0<\/p>\n","protected":false},"featured_media":80970,"template":"","meta":[],"product_cat":[1384],"product_tag":[],"class_list":{"0":"post-33895","1":"product","2":"type-product","3":"status-publish","4":"has-post-thumbnail","6":"product_brand-elfa_ua","7":"product_cat-lupu-balzams","9":"first","10":"instock","11":"taxable","12":"shipping-taxable","13":"product-type-simple"},"_links":{"self":[{"href":"https:\/\/e.kosmolat.eu\/lv\/wp-json\/wp\/v2\/product\/33895","targetHints":{"allow":["GET"]}}],"collection":[{"href":"https:\/\/e.kosmolat.eu\/lv\/wp-json\/wp\/v2\/product"}],"about":[{"href":"https:\/\/e.kosmolat.eu\/lv\/wp-json\/wp\/v2\/types\/product"}],"wp:featuredmedia":[{"embeddable":true,"href":"https:\/\/e.kosmolat.eu\/lv\/wp-json\/wp\/v2\/media\/80970"}],"wp:attachment":[{"href":"https:\/\/e.kosmolat.eu\/lv\/wp-json\/wp\/v2\/media?parent=33895"}],"wp:term":[{"taxonomy":"product_cat","embeddable":true,"href":"https:\/\/e.kosmolat.eu\/lv\/wp-json\/wp\/v2\/product_cat?post=33895"},{"taxonomy":"product_tag","embeddable":true,"href":"https:\/\/e.kosmolat.eu\/lv\/wp-json\/wp\/v2\/product_tag?post=33895"}],"curies":[{"name":"wp","href":"https:\/\/api.w.org\/{rel}","templated":true}]}}