{"id":33891,"date":"2023-12-21T19:19:00","date_gmt":"2023-12-21T19:19:00","guid":{"rendered":"https:\/\/e.kosmolat.eu\/product\/dd-higieniska-lupu-krasa-medus-un-smilterkskis-36-g\/"},"modified":"2026-04-17T08:11:47","modified_gmt":"2026-04-17T08:11:47","slug":"i_dd-higieniska-lupu-krasa-medus-un-smilterkskis-36-g","status":"publish","type":"product","link":"https:\/\/e.kosmolat.eu\/lv\/product\/i_dd-higieniska-lupu-krasa-medus-un-smilterkskis-36-g\/","title":{"rendered":"I_&#8221;DD&#8221; Higi\u0113nisk\u0101 l\u016bpu kr\u0101sa &#8220;Medus un smilt\u0113rk\u0161\u0137is&#8221;, 3,6 g"},"content":{"rendered":"<p>Barojo\u0161\u0101. M\u012bkstina un aizsarg\u0101 l\u016bpu \u0101du. Lieto\u0161ana: uzkl\u0101t uz l\u016bp\u0101m.<\/p>\n","protected":false},"excerpt":{"rendered":"<p>Barojo\u0161\u0101. M\u012bkstina un aizsarg\u0101 l\u016bpu \u0101du. Lieto\u0161ana: uzkl\u0101t uz l\u016bp\u0101m.<\/p>\n","protected":false},"featured_media":80958,"template":"","meta":[],"product_cat":[1999],"product_tag":[],"class_list":{"0":"post-33891","1":"product","2":"type-product","3":"status-publish","4":"has-post-thumbnail","6":"product_brand-elfa_ua","7":"product_cat-bez-kategorijas","9":"first","10":"outofstock","11":"taxable","12":"shipping-taxable","13":"product-type-simple"},"_links":{"self":[{"href":"https:\/\/e.kosmolat.eu\/lv\/wp-json\/wp\/v2\/product\/33891","targetHints":{"allow":["GET"]}}],"collection":[{"href":"https:\/\/e.kosmolat.eu\/lv\/wp-json\/wp\/v2\/product"}],"about":[{"href":"https:\/\/e.kosmolat.eu\/lv\/wp-json\/wp\/v2\/types\/product"}],"wp:featuredmedia":[{"embeddable":true,"href":"https:\/\/e.kosmolat.eu\/lv\/wp-json\/wp\/v2\/media\/80958"}],"wp:attachment":[{"href":"https:\/\/e.kosmolat.eu\/lv\/wp-json\/wp\/v2\/media?parent=33891"}],"wp:term":[{"taxonomy":"product_cat","embeddable":true,"href":"https:\/\/e.kosmolat.eu\/lv\/wp-json\/wp\/v2\/product_cat?post=33891"},{"taxonomy":"product_tag","embeddable":true,"href":"https:\/\/e.kosmolat.eu\/lv\/wp-json\/wp\/v2\/product_tag?post=33891"}],"curies":[{"name":"wp","href":"https:\/\/api.w.org\/{rel}","templated":true}]}}