{"id":33887,"date":"2023-12-21T19:18:43","date_gmt":"2023-12-21T19:18:43","guid":{"rendered":"https:\/\/e.kosmolat.eu\/product\/dd-higieniska-lupu-krasa-dzervene-un-bruklene-36-g\/"},"modified":"2026-04-24T05:32:38","modified_gmt":"2026-04-24T05:32:38","slug":"i_dd-higieniska-lupu-krasa-dzervene-un-bruklene-36-g","status":"publish","type":"product","link":"https:\/\/e.kosmolat.eu\/lv\/product\/i_dd-higieniska-lupu-krasa-dzervene-un-bruklene-36-g\/","title":{"rendered":"I_&#8221;DD&#8221; Higi\u0113nisk\u0101 l\u016bpu kr\u0101sa &#8220;Dz\u0113rvene un br\u016bklene&#8221;, 3,6 g"},"content":{"rendered":"<p>Aizsarg\u0101jo&scaron;a higi\u0113nisk\u0101 l\u016bpu kr\u0101sa. M\u012bkstina un aizsarg\u0101 l\u016bpu \u0101du.<\/p>\n<p><strong>Lieto&scaron;ana:<\/strong> uzkl\u0101t uz l\u016bp\u0101m.&nbsp;<\/p>\n","protected":false},"excerpt":{"rendered":"<p>Aizsarg\u0101jo&scaron;a higi\u0113nisk\u0101 l\u016bpu kr\u0101sa. M\u012bkstina un aizsarg\u0101 l\u016bpu \u0101du. Lieto&scaron;ana: uzkl\u0101t uz l\u016bp\u0101m.&nbsp;<\/p>\n","protected":false},"featured_media":80954,"template":"","meta":[],"product_cat":[1593],"product_tag":[],"class_list":{"0":"post-33887","1":"product","2":"type-product","3":"status-publish","4":"has-post-thumbnail","6":"product_brand-elfa_ua","7":"product_cat-lupu-prieziura","9":"first","10":"instock","11":"taxable","12":"shipping-taxable","13":"product-type-simple"},"_links":{"self":[{"href":"https:\/\/e.kosmolat.eu\/lv\/wp-json\/wp\/v2\/product\/33887","targetHints":{"allow":["GET"]}}],"collection":[{"href":"https:\/\/e.kosmolat.eu\/lv\/wp-json\/wp\/v2\/product"}],"about":[{"href":"https:\/\/e.kosmolat.eu\/lv\/wp-json\/wp\/v2\/types\/product"}],"wp:featuredmedia":[{"embeddable":true,"href":"https:\/\/e.kosmolat.eu\/lv\/wp-json\/wp\/v2\/media\/80954"}],"wp:attachment":[{"href":"https:\/\/e.kosmolat.eu\/lv\/wp-json\/wp\/v2\/media?parent=33887"}],"wp:term":[{"taxonomy":"product_cat","embeddable":true,"href":"https:\/\/e.kosmolat.eu\/lv\/wp-json\/wp\/v2\/product_cat?post=33887"},{"taxonomy":"product_tag","embeddable":true,"href":"https:\/\/e.kosmolat.eu\/lv\/wp-json\/wp\/v2\/product_tag?post=33887"}],"curies":[{"name":"wp","href":"https:\/\/api.w.org\/{rel}","templated":true}]}}