{"id":33871,"date":"2023-12-21T19:17:47","date_gmt":"2023-12-21T19:17:47","guid":{"rendered":"https:\/\/e.kosmolat.eu\/product\/dd-lupu-balzams-ar-d-pantenolu-visai-gimenei-36-g\/"},"modified":"2026-04-23T13:25:30","modified_gmt":"2026-04-23T13:25:30","slug":"dd-lupu-balzams-ar-d-pantenolu-visai-gimenei-36-g","status":"publish","type":"product","link":"https:\/\/e.kosmolat.eu\/lv\/product\/dd-lupu-balzams-ar-d-pantenolu-visai-gimenei-36-g\/","title":{"rendered":"&#8220;DD&#8221; L\u016bpu balzams ar D-pantenolu visai \u0123imenei, 3,6 g"},"content":{"rendered":"<p>Satur A un E vitam\u012bnu. Plais\u0101jo&scaron;as \u0101das atjauno&scaron;ana. Aizsardz\u012bba pret v\u0113ju, salu un sauli.<\/p>\n<p>Iedarb\u012bba: m\u012bkstina, baro un atjauno ieplais\u0101ju&scaron;u \u0101du; nesausina, p\u0113c uzkl\u0101&scaron;anas neatst\u0101j sp\u012bdumu; D-pantenols re\u0123ener\u0113 un mitrina \u0101du.&nbsp;<\/p>\n","protected":false},"excerpt":{"rendered":"<p>Satur A un E vitam\u012bnu. Plais\u0101jo&scaron;as \u0101das atjauno&scaron;ana. Aizsardz\u012bba pret v\u0113ju, salu un sauli. Iedarb\u012bba: m\u012bkstina, baro un atjauno ieplais\u0101ju&scaron;u \u0101du; nesausina, p\u0113c uzkl\u0101&scaron;anas neatst\u0101j sp\u012bdumu; D-pantenols re\u0123ener\u0113 un mitrina \u0101du.&nbsp;<\/p>\n","protected":false},"featured_media":80942,"template":"","meta":[],"product_cat":[1384],"product_tag":[],"class_list":{"0":"post-33871","1":"product","2":"type-product","3":"status-publish","4":"has-post-thumbnail","6":"product_brand-elfa_ua","7":"product_cat-lupu-balzams","9":"first","10":"instock","11":"taxable","12":"shipping-taxable","13":"product-type-simple"},"_links":{"self":[{"href":"https:\/\/e.kosmolat.eu\/lv\/wp-json\/wp\/v2\/product\/33871","targetHints":{"allow":["GET"]}}],"collection":[{"href":"https:\/\/e.kosmolat.eu\/lv\/wp-json\/wp\/v2\/product"}],"about":[{"href":"https:\/\/e.kosmolat.eu\/lv\/wp-json\/wp\/v2\/types\/product"}],"wp:featuredmedia":[{"embeddable":true,"href":"https:\/\/e.kosmolat.eu\/lv\/wp-json\/wp\/v2\/media\/80942"}],"wp:attachment":[{"href":"https:\/\/e.kosmolat.eu\/lv\/wp-json\/wp\/v2\/media?parent=33871"}],"wp:term":[{"taxonomy":"product_cat","embeddable":true,"href":"https:\/\/e.kosmolat.eu\/lv\/wp-json\/wp\/v2\/product_cat?post=33871"},{"taxonomy":"product_tag","embeddable":true,"href":"https:\/\/e.kosmolat.eu\/lv\/wp-json\/wp\/v2\/product_tag?post=33871"}],"curies":[{"name":"wp","href":"https:\/\/api.w.org\/{rel}","templated":true}]}}