{"id":33855,"date":"2023-12-21T19:16:50","date_gmt":"2023-12-21T19:16:50","guid":{"rendered":"https:\/\/e.kosmolat.eu\/product\/dr-s-keratin-balzams-200-ml\/"},"modified":"2026-04-22T09:59:18","modified_gmt":"2026-04-22T09:59:18","slug":"dr-s-keratin-balzams-200-ml","status":"publish","type":"product","link":"https:\/\/e.kosmolat.eu\/lv\/product\/dr-s-keratin-balzams-200-ml\/","title":{"rendered":"&#8220;Dr.S Keratin&#8221; Balzams, 200 ml"},"content":{"rendered":"<ul>\n<li><span style=\"line-height: 1.42857;\">Kerat\u012bns + Argan\u012bns + Kolag\u0113ns<\/span><\/li>\n<li>Matu strukt\u016bras atjauno\u0161ana<\/li>\n<li>Matu sp\u012bdums un elast\u012bba<\/li>\n<li>Bl\u0101viem un l\u016bsto\u0161iem matiem<\/li>\n<li>0% parab\u0113nu un miner\u0101le\u013c\u013cu<\/li>\n<\/ul>\n<p>Balz\u0101ms ar prote\u012bnu kompleksu aizsarg\u0101 matus no apk\u0101rt\u0113j\u0101s vides iedarb\u012bbas (v\u0113j\u0161, saule, sals), nodro\u0161ina matu termoaizsardz\u012bbu (f\u0113ns, matu taisnot\u0101js), kav\u0113 matu l\u016b\u0161anu un bl\u0101vumu, mitrina un baro, atvieglo \u0137emm\u0113\u0161anu.<\/p>\n<h4>Rezult\u0101ts:<\/h4>\n<p>kopti mati vis\u0101 to garum\u0101.<\/p>\n<h4>Lieto\u0161ana:<\/h4>\n<p>uzkl\u0101jiet uz mitriem matiem un izsm\u0113r\u0113jiet vis\u0101 to garum\u0101. Nomazgajiet ar \u016bdeni.<\/p>\n","protected":false},"excerpt":{"rendered":"<p>Kerat\u012bns + Argan\u012bns + Kolag\u0113ns Matu strukt\u016bras atjauno\u0161ana Matu sp\u012bdums un elast\u012bba Bl\u0101viem un l\u016bsto\u0161iem matiem 0% parab\u0113nu un miner\u0101le\u013c\u013cu Balz\u0101ms ar prote\u012bnu kompleksu aizsarg\u0101 matus no apk\u0101rt\u0113j\u0101s vides iedarb\u012bbas (v\u0113j\u0161, saule, sals), nodro\u0161ina matu termoaizsardz\u012bbu (f\u0113ns, matu taisnot\u0101js), kav\u0113 matu l\u016b\u0161anu un bl\u0101vumu, mitrina un baro, atvieglo \u0137emm\u0113\u0161anu. Rezult\u0101ts: kopti mati vis\u0101 to garum\u0101. [&#8230;]\n","protected":false},"featured_media":80894,"template":"","meta":[],"product_cat":[1999],"product_tag":[],"class_list":{"0":"post-33855","1":"product","2":"type-product","3":"status-publish","4":"has-post-thumbnail","6":"product_brand-elfa_ua","7":"product_cat-bez-kategorijas","9":"first","10":"instock","11":"taxable","12":"shipping-taxable","13":"product-type-simple"},"_links":{"self":[{"href":"https:\/\/e.kosmolat.eu\/lv\/wp-json\/wp\/v2\/product\/33855","targetHints":{"allow":["GET"]}}],"collection":[{"href":"https:\/\/e.kosmolat.eu\/lv\/wp-json\/wp\/v2\/product"}],"about":[{"href":"https:\/\/e.kosmolat.eu\/lv\/wp-json\/wp\/v2\/types\/product"}],"wp:featuredmedia":[{"embeddable":true,"href":"https:\/\/e.kosmolat.eu\/lv\/wp-json\/wp\/v2\/media\/80894"}],"wp:attachment":[{"href":"https:\/\/e.kosmolat.eu\/lv\/wp-json\/wp\/v2\/media?parent=33855"}],"wp:term":[{"taxonomy":"product_cat","embeddable":true,"href":"https:\/\/e.kosmolat.eu\/lv\/wp-json\/wp\/v2\/product_cat?post=33855"},{"taxonomy":"product_tag","embeddable":true,"href":"https:\/\/e.kosmolat.eu\/lv\/wp-json\/wp\/v2\/product_tag?post=33855"}],"curies":[{"name":"wp","href":"https:\/\/api.w.org\/{rel}","templated":true}]}}