{"id":33851,"date":"2023-12-21T19:16:30","date_gmt":"2023-12-21T19:16:30","guid":{"rendered":"https:\/\/e.kosmolat.eu\/product\/dr-s-keratin-fluids-50-ml\/"},"modified":"2025-09-19T17:33:06","modified_gmt":"2025-09-19T17:33:06","slug":"dr-s-keratin-fluids-50-ml","status":"publish","type":"product","link":"https:\/\/e.kosmolat.eu\/lv\/product\/dr-s-keratin-fluids-50-ml\/","title":{"rendered":"&#8220;Dr.S Keratin&#8221; Flu\u012bds, 50 ml"},"content":{"rendered":"<p>Matu strukt\u016bras atjauno\u0161ana. <\/p>\n<p><b>Kerat\u012bns<\/b> &#8211; matu &#8220;b\u016bv\u0113\u0161anas&#8221; pamatkomponents, ierindojoties boj\u0101tos laukumos, atjauno matu strukt\u016bru, atgrie\u017e elast\u012bgumu un sp\u012bdumu.<\/p>\n<p>Flu\u012bds aizsarg\u0101 matu saknes no sausuma un \u0161\u0137el\u0161an\u0101s, pie\u0161\u0137ir m\u012bkstumu, nov\u0113r\u0161 l\u016b\u0161anu. Mati k\u013c\u016bst gludi, sp\u012bd\u012bgi un kopti. L\u012bdzeklis \u012bpa\u0161i piem\u0113rots sausiem, \u0161\u0137eltiem un nedz\u012bviem matiem. Tiek rekomend\u0113ts lietot p\u0113c katras galvas mazg\u0101\u0161anas.\u00a0<\/p>\n<h4>Lieto\u0161ana:<\/h4>\n<p>1-2 l\u012bdzek\u013ca pilienus, uzkl\u0101t uz sausiem vai mitriem matu gali\u0146iem. Nenomazg\u0101t.\u00a0<\/p>\n<p><\/p>\n<p><\/p>\n","protected":false},"excerpt":{"rendered":"<p>Matu strukt\u016bras atjauno\u0161ana. Kerat\u012bns &#8211; matu &#8220;b\u016bv\u0113\u0161anas&#8221; pamatkomponents, ierindojoties boj\u0101tos laukumos, atjauno matu strukt\u016bru, atgrie\u017e elast\u012bgumu un sp\u012bdumu. Flu\u012bds aizsarg\u0101 matu saknes no sausuma un \u0161\u0137el\u0161an\u0101s, pie\u0161\u0137ir m\u012bkstumu, nov\u0113r\u0161 l\u016b\u0161anu. Mati k\u013c\u016bst gludi, sp\u012bd\u012bgi un kopti. L\u012bdzeklis \u012bpa\u0161i piem\u0113rots sausiem, \u0161\u0137eltiem un nedz\u012bviem matiem. Tiek rekomend\u0113ts lietot p\u0113c katras galvas mazg\u0101\u0161anas.\u00a0 Lieto\u0161ana: 1-2 l\u012bdzek\u013ca pilienus, [&#8230;]\n","protected":false},"featured_media":80890,"template":"","meta":[],"product_cat":[1343],"product_tag":[],"class_list":{"0":"post-33851","1":"product","2":"type-product","3":"status-publish","4":"has-post-thumbnail","6":"product_brand-elfa_ua","7":"product_cat-citi-matu-kopsanas-produkti","9":"first","10":"outofstock","11":"taxable","12":"shipping-taxable","13":"product-type-simple"},"_links":{"self":[{"href":"https:\/\/e.kosmolat.eu\/lv\/wp-json\/wp\/v2\/product\/33851","targetHints":{"allow":["GET"]}}],"collection":[{"href":"https:\/\/e.kosmolat.eu\/lv\/wp-json\/wp\/v2\/product"}],"about":[{"href":"https:\/\/e.kosmolat.eu\/lv\/wp-json\/wp\/v2\/types\/product"}],"wp:featuredmedia":[{"embeddable":true,"href":"https:\/\/e.kosmolat.eu\/lv\/wp-json\/wp\/v2\/media\/80890"}],"wp:attachment":[{"href":"https:\/\/e.kosmolat.eu\/lv\/wp-json\/wp\/v2\/media?parent=33851"}],"wp:term":[{"taxonomy":"product_cat","embeddable":true,"href":"https:\/\/e.kosmolat.eu\/lv\/wp-json\/wp\/v2\/product_cat?post=33851"},{"taxonomy":"product_tag","embeddable":true,"href":"https:\/\/e.kosmolat.eu\/lv\/wp-json\/wp\/v2\/product_tag?post=33851"}],"curies":[{"name":"wp","href":"https:\/\/api.w.org\/{rel}","templated":true}]}}