{"id":33847,"date":"2023-12-21T19:16:01","date_gmt":"2023-12-21T19:16:01","guid":{"rendered":"https:\/\/e.kosmolat.eu\/product\/dr-s-keratin-sprejs-150-ml\/"},"modified":"2026-04-24T07:33:38","modified_gmt":"2026-04-24T07:33:38","slug":"dr-s-keratin-sprejs-150-ml","status":"publish","type":"product","link":"https:\/\/e.kosmolat.eu\/lv\/product\/dr-s-keratin-sprejs-150-ml\/","title":{"rendered":"&#8220;Dr.S Keratin&#8221; Sprejs, 150 ml"},"content":{"rendered":"<p>Viegla \u0137emm\u0113\u0161ana. Bl\u0101viem un trausliem matiem. Matu strukt\u016bras atjauno\u0161ana.<\/p>\n<p>S\u0113rijas pamat\u0101 ir speci\u0101li izstr\u0101d\u0101tais Pro-Keratin Complex, kas, saturot kerat\u012bnu, argin\u012bnu un kolag\u0113nu, ir v\u0113rsts uz matu atjauno\u0161anu vis\u0101 to garum\u0101.<\/p>\n<p>Kerat\u012bns &ndash; galven\u0101 matu &ldquo;celtniec\u012bbas&rdquo; sast\u0101vda\u013ca, integr\u0113joties boj\u0101jumu viet\u0101s, atjauno matu strukt\u016bru no iek\u0161puses.<\/p>\n<p>Argin\u012bns &ndash; &nbsp;aminosk\u0101be, kas pie\u0161\u0137ir matiem sp\u0113ku un ener\u0123iju.<\/p>\n<p>Kolag\u0113ns &ndash; &nbsp;veido neredzamu p\u0101rkl\u0101jumu, stiprina matus, aizsarg\u0101 pret termisko ietekmi.<\/p>\n<p>Pateicoties Pro-Keratin formulai, sprejs nodro\u0161ina matiem efekt\u012bvu kop\u0161anu &ndash; at\u0161\u0137etina matus un padara tos viegl\u0101k \u0137emm\u0113jamus, nov\u0113r\u0161 bl\u0101vumu un sausumu, palielina elast\u012bbu, pie\u0161\u0137ir matiem sp\u012bdumu un koptu izskatu. Nenoslogo matus un atst\u0101j pat\u012bkamu arom\u0101tu uz ilgu laiku.*<br \/>\nLai sasniegtu maksim\u0101lo efektu, ieteicams lietot visus s\u0113rijas produktus.<br \/>\n*Efektivit\u0101ti apstiprina 4 ned\u0113\u013cu pat\u0113r\u0113t\u0101ju test\u0113\u0161anas rezult\u0101ti.<\/p>\n<p><strong>Lieto\u0161ana: <\/strong>izsmidzin\u0101t 15-20 cm att\u0101lum\u0101 uz t\u012briem, sausiem vai mitriem matiem. Nenoskalot. Ieteicams uzkl\u0101t pirms katras termisk\u0101s apstr\u0101des.<\/p>\n<p><strong>Piesardz\u012bbas pas\u0101kumi:<\/strong> Ja nok\u013c\u016bst ac\u012bs, izskalot ar \u016bdeni. Iesp\u0113jama paaugstin\u0101ta individu\u0101l\u0101 jut\u012bba pret atsevi\u0161\u0137\u0101m sast\u0101vda\u013c\u0101m.<br \/>\n&nbsp;<\/p>\n","protected":false},"excerpt":{"rendered":"<p>Viegla \u0137emm\u0113\u0161ana. Bl\u0101viem un trausliem matiem. Matu strukt\u016bras atjauno\u0161ana. S\u0113rijas pamat\u0101 ir speci\u0101li izstr\u0101d\u0101tais Pro-Keratin Complex, kas, saturot kerat\u012bnu, argin\u012bnu un kolag\u0113nu, ir v\u0113rsts uz matu atjauno\u0161anu vis\u0101 to garum\u0101. Kerat\u012bns &ndash; galven\u0101 matu &ldquo;celtniec\u012bbas&rdquo; sast\u0101vda\u013ca, integr\u0113joties boj\u0101jumu viet\u0101s, atjauno matu strukt\u016bru no iek\u0161puses. Argin\u012bns &ndash; &nbsp;aminosk\u0101be, kas pie\u0161\u0137ir matiem sp\u0113ku un ener\u0123iju. Kolag\u0113ns &ndash; [&#8230;]\n","protected":false},"featured_media":80886,"template":"","meta":[],"product_cat":[1343],"product_tag":[],"class_list":{"0":"post-33847","1":"product","2":"type-product","3":"status-publish","4":"has-post-thumbnail","6":"product_brand-elfa_ua","7":"product_cat-citi-matu-kopsanas-produkti","9":"first","10":"instock","11":"taxable","12":"shipping-taxable","13":"product-type-simple"},"_links":{"self":[{"href":"https:\/\/e.kosmolat.eu\/lv\/wp-json\/wp\/v2\/product\/33847","targetHints":{"allow":["GET"]}}],"collection":[{"href":"https:\/\/e.kosmolat.eu\/lv\/wp-json\/wp\/v2\/product"}],"about":[{"href":"https:\/\/e.kosmolat.eu\/lv\/wp-json\/wp\/v2\/types\/product"}],"wp:featuredmedia":[{"embeddable":true,"href":"https:\/\/e.kosmolat.eu\/lv\/wp-json\/wp\/v2\/media\/80886"}],"wp:attachment":[{"href":"https:\/\/e.kosmolat.eu\/lv\/wp-json\/wp\/v2\/media?parent=33847"}],"wp:term":[{"taxonomy":"product_cat","embeddable":true,"href":"https:\/\/e.kosmolat.eu\/lv\/wp-json\/wp\/v2\/product_cat?post=33847"},{"taxonomy":"product_tag","embeddable":true,"href":"https:\/\/e.kosmolat.eu\/lv\/wp-json\/wp\/v2\/product_tag?post=33847"}],"curies":[{"name":"wp","href":"https:\/\/api.w.org\/{rel}","templated":true}]}}