{"id":33843,"date":"2023-12-21T19:15:39","date_gmt":"2023-12-21T19:15:39","guid":{"rendered":"https:\/\/e.kosmolat.eu\/product\/dr-s-keratin-maska-300-ml\/"},"modified":"2026-04-17T12:19:58","modified_gmt":"2026-04-17T12:19:58","slug":"dr-s-keratin-maska-300-ml","status":"publish","type":"product","link":"https:\/\/e.kosmolat.eu\/lv\/product\/dr-s-keratin-maska-300-ml\/","title":{"rendered":"&#8220;Dr.S Keratin&#8221; Maska, 300 ml"},"content":{"rendered":"<p>Matu strukt\u016bras atjauno\u0161ana.&nbsp;S\u0113rijas pamat\u0101 ir speci\u0101ls Pro-Keratin Complex ar&nbsp;kerat\u012bnu, argan\u012bnu un kolag\u0113nu, kura m\u0113r\u0137is ir matu atjauno\u0161ana vis\u0101 to garum\u0101.&nbsp;<\/p>\n<p>Maska ar prote\u012bnu kompleksu aizsarg\u0101 matus no apk\u0101rt\u0113j\u0101s vides negat\u012bv\u0101s ietekmes (v\u0113j\u0161, saule, sals), nodro\u0161ina matu termoaizsardz\u012bbu (f\u0113ns, taisnot\u0101js), kav\u0113 matu l\u016b\u0161anu un bl\u0101vumu, mitrina un baro, atvieglo \u0137emm\u0113\u0161anu.&nbsp;<\/p>\n<p>Rezult\u0101ts:&nbsp;kopti mati vis\u0101 to garum\u0101.<\/p>\n<p><strong>Lieto\u0161ana:<\/strong>&nbsp;vienm\u0113r\u012bgi&nbsp;uzkl\u0101t uz matiem piesak\u0146u zon\u0101 un vis\u0101 to garum\u0101. P\u0113c 2-3 min\u016bt\u0113m izskalot ar \u016bdeni.<\/p>\n<p>&nbsp;<\/p>\n","protected":false},"excerpt":{"rendered":"<p>Matu strukt\u016bras atjauno\u0161ana.&nbsp;S\u0113rijas pamat\u0101 ir speci\u0101ls Pro-Keratin Complex ar&nbsp;kerat\u012bnu, argan\u012bnu un kolag\u0113nu, kura m\u0113r\u0137is ir matu atjauno\u0161ana vis\u0101 to garum\u0101.&nbsp; Maska ar prote\u012bnu kompleksu aizsarg\u0101 matus no apk\u0101rt\u0113j\u0101s vides negat\u012bv\u0101s ietekmes (v\u0113j\u0161, saule, sals), nodro\u0161ina matu termoaizsardz\u012bbu (f\u0113ns, taisnot\u0101js), kav\u0113 matu l\u016b\u0161anu un bl\u0101vumu, mitrina un baro, atvieglo \u0137emm\u0113\u0161anu.&nbsp; Rezult\u0101ts:&nbsp;kopti mati vis\u0101 to garum\u0101. Lieto\u0161ana:&nbsp;vienm\u0113r\u012bgi&nbsp;uzkl\u0101t [&#8230;]\n","protected":false},"featured_media":80882,"template":"","meta":[],"product_cat":[1256],"product_tag":[],"class_list":{"0":"post-33843","1":"product","2":"type-product","3":"status-publish","4":"has-post-thumbnail","6":"product_brand-elfa_ua","7":"product_cat-plauku-kaukes","9":"first","10":"instock","11":"taxable","12":"shipping-taxable","13":"product-type-simple"},"_links":{"self":[{"href":"https:\/\/e.kosmolat.eu\/lv\/wp-json\/wp\/v2\/product\/33843","targetHints":{"allow":["GET"]}}],"collection":[{"href":"https:\/\/e.kosmolat.eu\/lv\/wp-json\/wp\/v2\/product"}],"about":[{"href":"https:\/\/e.kosmolat.eu\/lv\/wp-json\/wp\/v2\/types\/product"}],"wp:featuredmedia":[{"embeddable":true,"href":"https:\/\/e.kosmolat.eu\/lv\/wp-json\/wp\/v2\/media\/80882"}],"wp:attachment":[{"href":"https:\/\/e.kosmolat.eu\/lv\/wp-json\/wp\/v2\/media?parent=33843"}],"wp:term":[{"taxonomy":"product_cat","embeddable":true,"href":"https:\/\/e.kosmolat.eu\/lv\/wp-json\/wp\/v2\/product_cat?post=33843"},{"taxonomy":"product_tag","embeddable":true,"href":"https:\/\/e.kosmolat.eu\/lv\/wp-json\/wp\/v2\/product_tag?post=33843"}],"curies":[{"name":"wp","href":"https:\/\/api.w.org\/{rel}","templated":true}]}}