{"id":33839,"date":"2023-12-21T19:15:18","date_gmt":"2023-12-21T19:15:18","guid":{"rendered":"https:\/\/e.kosmolat.eu\/product\/dr-s-keratin-sampuns-250-ml\/"},"modified":"2026-04-22T10:30:46","modified_gmt":"2026-04-22T10:30:46","slug":"dr-s-keratin-sampuns-250-ml","status":"publish","type":"product","link":"https:\/\/e.kosmolat.eu\/lv\/product\/dr-s-keratin-sampuns-250-ml\/","title":{"rendered":"&#8220;Dr.S Keratin&#8221; \u0160amp\u016bns, 250 ml"},"content":{"rendered":"<p>Matu strukt\u016bras atjauno\u0161ana.&nbsp;S\u0113rijas pamat\u0101 ir speci\u0101ls Pro-Keratin komplekss ar<strong>&nbsp;<\/strong>kerat\u012bnu, argan\u012bnu un kolag\u0113nu, kura m\u0113r\u0137is ir matu atjauno\u0161ana vis\u0101 to garum\u0101.&nbsp;<\/p>\n<p>&Scaron;amp\u016bna maig\u0101 b\u0101ze nodro\u0161ina r\u016bp\u012bgu kop\u0161anu, neboj\u0101jot matu strukt\u016bru. Pie\u0161\u0137ir matiem apjomu un sp\u012bdumu, vieglumu un elast\u012bgumu.&nbsp;<\/p>\n<p><strong>Lieto\u0161ana:<\/strong>&nbsp;uzkl\u0101jiet uz mitriem matiem, saputojiet, nomazg\u0101jiet ar \u016bdeni. Nepiecie\u0161am\u012bbas gad\u012bjum\u0101 proced\u016bru atk\u0101rtojiet.<\/p>\n<p>&nbsp;<\/p>\n","protected":false},"excerpt":{"rendered":"<p>Matu strukt\u016bras atjauno\u0161ana.&nbsp;S\u0113rijas pamat\u0101 ir speci\u0101ls Pro-Keratin komplekss ar&nbsp;kerat\u012bnu, argan\u012bnu un kolag\u0113nu, kura m\u0113r\u0137is ir matu atjauno\u0161ana vis\u0101 to garum\u0101.&nbsp; &Scaron;amp\u016bna maig\u0101 b\u0101ze nodro\u0161ina r\u016bp\u012bgu kop\u0161anu, neboj\u0101jot matu strukt\u016bru. Pie\u0161\u0137ir matiem apjomu un sp\u012bdumu, vieglumu un elast\u012bgumu.&nbsp; Lieto\u0161ana:&nbsp;uzkl\u0101jiet uz mitriem matiem, saputojiet, nomazg\u0101jiet ar \u016bdeni. Nepiecie\u0161am\u012bbas gad\u012bjum\u0101 proced\u016bru atk\u0101rtojiet. &nbsp;<\/p>\n","protected":false},"featured_media":80878,"template":"","meta":[],"product_cat":[1999],"product_tag":[],"class_list":{"0":"post-33839","1":"product","2":"type-product","3":"status-publish","4":"has-post-thumbnail","6":"product_brand-elfa_ua","7":"product_cat-bez-kategorijas","9":"first","10":"instock","11":"taxable","12":"shipping-taxable","13":"product-type-simple"},"_links":{"self":[{"href":"https:\/\/e.kosmolat.eu\/lv\/wp-json\/wp\/v2\/product\/33839","targetHints":{"allow":["GET"]}}],"collection":[{"href":"https:\/\/e.kosmolat.eu\/lv\/wp-json\/wp\/v2\/product"}],"about":[{"href":"https:\/\/e.kosmolat.eu\/lv\/wp-json\/wp\/v2\/types\/product"}],"wp:featuredmedia":[{"embeddable":true,"href":"https:\/\/e.kosmolat.eu\/lv\/wp-json\/wp\/v2\/media\/80878"}],"wp:attachment":[{"href":"https:\/\/e.kosmolat.eu\/lv\/wp-json\/wp\/v2\/media?parent=33839"}],"wp:term":[{"taxonomy":"product_cat","embeddable":true,"href":"https:\/\/e.kosmolat.eu\/lv\/wp-json\/wp\/v2\/product_cat?post=33839"},{"taxonomy":"product_tag","embeddable":true,"href":"https:\/\/e.kosmolat.eu\/lv\/wp-json\/wp\/v2\/product_tag?post=33839"}],"curies":[{"name":"wp","href":"https:\/\/api.w.org\/{rel}","templated":true}]}}