{"id":33835,"date":"2023-12-21T19:14:57","date_gmt":"2023-12-21T19:14:57","guid":{"rendered":"https:\/\/e.kosmolat.eu\/product\/i_fj-pilings-kermenim-marakuja-brunais-cukurs-200-ml\/"},"modified":"2026-04-23T07:42:14","modified_gmt":"2026-04-23T07:42:14","slug":"fj-pilings-kermenim-marakuja-brunais-cukurs-200-ml","status":"publish","type":"product","link":"https:\/\/e.kosmolat.eu\/lv\/product\/fj-pilings-kermenim-marakuja-brunais-cukurs-200-ml\/","title":{"rendered":"&#8220;FJ&#8221; P\u012blings \u0137ermenim &#8220;Marakuja &#038; Br\u016bnais cukurs&#8221;, 200 ml"},"content":{"rendered":"<p>Satur marakujas un br\u016bn\u0101 cukura ekstraktu. Pateicoties kokosriekstu p\u016bdera skrub\u0113jo\u0161\u0101m da\u013ci\u0146\u0101m, p\u012blings maigi un saudz\u012bgi att\u012bra \u0101du no apragoju\u0161\u0101m \u0161\u016bn\u0101m. P\u0113c p\u012blinga, mitrin\u0101t\u0101 un ide\u0101li m\u012bksta \u0101da ir sagatavota n\u0101kamaj\u0101m kop\u0161anas proced\u016br\u0101m. Lielisks eksotisk\u0101s marakujas arom\u0101ts pie\u0161\u0137ir vasaras siltuma un saules saj\u016btu.<\/p>\n<p><strong>Lieto\u0161ana:<\/strong> ar mas\u0113jo\u0161\u0101m kust\u012bb\u0101m&nbsp;uzkl\u0101t uz \u0101das un noskalot ar \u016bdeni.&nbsp;<\/p>\n","protected":false},"excerpt":{"rendered":"<p>Satur marakujas un br\u016bn\u0101 cukura ekstraktu. Pateicoties kokosriekstu p\u016bdera skrub\u0113jo\u0161\u0101m da\u013ci\u0146\u0101m, p\u012blings maigi un saudz\u012bgi att\u012bra \u0101du no apragoju\u0161\u0101m \u0161\u016bn\u0101m. P\u0113c p\u012blinga, mitrin\u0101t\u0101 un ide\u0101li m\u012bksta \u0101da ir sagatavota n\u0101kamaj\u0101m kop\u0161anas proced\u016br\u0101m. Lielisks eksotisk\u0101s marakujas arom\u0101ts pie\u0161\u0137ir vasaras siltuma un saules saj\u016btu. Lieto\u0161ana: ar mas\u0113jo\u0161\u0101m kust\u012bb\u0101m&nbsp;uzkl\u0101t uz \u0101das un noskalot ar \u016bdeni.&nbsp;<\/p>\n","protected":false},"featured_media":80870,"template":"","meta":[],"product_cat":[1999],"product_tag":[],"class_list":{"0":"post-33835","1":"product","2":"type-product","3":"status-publish","4":"has-post-thumbnail","6":"product_brand-elfa_ua","7":"product_cat-bez-kategorijas","9":"first","10":"instock","11":"taxable","12":"shipping-taxable","13":"product-type-simple"},"_links":{"self":[{"href":"https:\/\/e.kosmolat.eu\/lv\/wp-json\/wp\/v2\/product\/33835","targetHints":{"allow":["GET"]}}],"collection":[{"href":"https:\/\/e.kosmolat.eu\/lv\/wp-json\/wp\/v2\/product"}],"about":[{"href":"https:\/\/e.kosmolat.eu\/lv\/wp-json\/wp\/v2\/types\/product"}],"wp:featuredmedia":[{"embeddable":true,"href":"https:\/\/e.kosmolat.eu\/lv\/wp-json\/wp\/v2\/media\/80870"}],"wp:attachment":[{"href":"https:\/\/e.kosmolat.eu\/lv\/wp-json\/wp\/v2\/media?parent=33835"}],"wp:term":[{"taxonomy":"product_cat","embeddable":true,"href":"https:\/\/e.kosmolat.eu\/lv\/wp-json\/wp\/v2\/product_cat?post=33835"},{"taxonomy":"product_tag","embeddable":true,"href":"https:\/\/e.kosmolat.eu\/lv\/wp-json\/wp\/v2\/product_tag?post=33835"}],"curies":[{"name":"wp","href":"https:\/\/api.w.org\/{rel}","templated":true}]}}