{"id":33831,"date":"2023-12-21T19:14:35","date_gmt":"2023-12-21T19:14:35","guid":{"rendered":"https:\/\/e.kosmolat.eu\/product\/i_fj-pilings-kermenim-apelsins-kanelis-200-ml\/"},"modified":"2026-04-23T07:42:00","modified_gmt":"2026-04-23T07:42:00","slug":"fj-pilings-kermenim-apelsins-kanelis-200-ml","status":"publish","type":"product","link":"https:\/\/e.kosmolat.eu\/lv\/product\/fj-pilings-kermenim-apelsins-kanelis-200-ml\/","title":{"rendered":"&#8220;FJ&#8221; P\u012blings \u0137ermenim &#8220;Apels\u012bns &#038; Kan\u0113lis&#8221;, 200 ml"},"content":{"rendered":"<p>Satur kan\u0113\u013cu e\u013c\u013cu. Pateicoties kokosriekstu p\u016bdera skrub\u0113jo\u0161\u0101m da\u013ci\u0146\u0101m, p\u012blings efekt\u012bvi un saudz\u012bgi att\u012bra \u0101du no apragoju\u0161\u0101m \u0161\u016bn\u0101m. P\u0113c p\u012blinga lieto\u0161anas \u0101da ir mitrin\u0101ta un ide\u0101li m\u012bksta, sagatavota n\u0101kam\u0101m kop\u0161anas proced\u016br\u0101m. Viegls sul\u012bg\u0101 apels\u012bna arom\u0101ts ar sildo\u0161\u0101 kan\u0113\u013ca not\u012bm d\u0101v\u0101 lielisku garast\u0101vokli.<\/p>\n<p><strong>Lieto\u0161ana<\/strong>: ar mas\u0113jo\u0161\u0101m kust\u012bb\u0101m<strong>&nbsp;<\/strong>uzkl\u0101t uz \u0101das, nomazg\u0101t ar \u016bdeni.<\/p>\n","protected":false},"excerpt":{"rendered":"<p>Satur kan\u0113\u013cu e\u013c\u013cu. Pateicoties kokosriekstu p\u016bdera skrub\u0113jo\u0161\u0101m da\u013ci\u0146\u0101m, p\u012blings efekt\u012bvi un saudz\u012bgi att\u012bra \u0101du no apragoju\u0161\u0101m \u0161\u016bn\u0101m. P\u0113c p\u012blinga lieto\u0161anas \u0101da ir mitrin\u0101ta un ide\u0101li m\u012bksta, sagatavota n\u0101kam\u0101m kop\u0161anas proced\u016br\u0101m. Viegls sul\u012bg\u0101 apels\u012bna arom\u0101ts ar sildo\u0161\u0101 kan\u0113\u013ca not\u012bm d\u0101v\u0101 lielisku garast\u0101vokli. Lieto\u0161ana: ar mas\u0113jo\u0161\u0101m kust\u012bb\u0101m&nbsp;uzkl\u0101t uz \u0101das, nomazg\u0101t ar \u016bdeni.<\/p>\n","protected":false},"featured_media":80866,"template":"","meta":[],"product_cat":[1999],"product_tag":[],"class_list":{"0":"post-33831","1":"product","2":"type-product","3":"status-publish","4":"has-post-thumbnail","6":"product_brand-elfa_ua","7":"product_cat-bez-kategorijas","9":"first","10":"instock","11":"taxable","12":"shipping-taxable","13":"product-type-simple"},"_links":{"self":[{"href":"https:\/\/e.kosmolat.eu\/lv\/wp-json\/wp\/v2\/product\/33831","targetHints":{"allow":["GET"]}}],"collection":[{"href":"https:\/\/e.kosmolat.eu\/lv\/wp-json\/wp\/v2\/product"}],"about":[{"href":"https:\/\/e.kosmolat.eu\/lv\/wp-json\/wp\/v2\/types\/product"}],"wp:featuredmedia":[{"embeddable":true,"href":"https:\/\/e.kosmolat.eu\/lv\/wp-json\/wp\/v2\/media\/80866"}],"wp:attachment":[{"href":"https:\/\/e.kosmolat.eu\/lv\/wp-json\/wp\/v2\/media?parent=33831"}],"wp:term":[{"taxonomy":"product_cat","embeddable":true,"href":"https:\/\/e.kosmolat.eu\/lv\/wp-json\/wp\/v2\/product_cat?post=33831"},{"taxonomy":"product_tag","embeddable":true,"href":"https:\/\/e.kosmolat.eu\/lv\/wp-json\/wp\/v2\/product_tag?post=33831"}],"curies":[{"name":"wp","href":"https:\/\/api.w.org\/{rel}","templated":true}]}}