{"id":33823,"date":"2023-12-21T19:13:57","date_gmt":"2023-12-21T19:13:57","guid":{"rendered":"https:\/\/e.kosmolat.eu\/product\/i_fj-pilings-kermenim-litci-ingvers-200-ml\/"},"modified":"2026-04-23T07:41:45","modified_gmt":"2026-04-23T07:41:45","slug":"fj-pilings-kermenim-litci-ingvers-200-ml","status":"publish","type":"product","link":"https:\/\/e.kosmolat.eu\/lv\/product\/fj-pilings-kermenim-litci-ingvers-200-ml\/","title":{"rendered":"&#8220;FJ&#8221; P\u012blings \u0137ermenim &#8220;Litci &#038; Ingvers&#8221;, 200 ml"},"content":{"rendered":"<p>Li\u010di un ingvers. Ar li\u010di ekstraktu un ingvera e\u013c\u013cu. Pateicoties kokosriekstu p\u016bdera skrub\u0113jo\u0161\u0101m da\u013ci\u0146\u0101m, p\u012blings maigi un saudz\u012bgi att\u012bra \u0101du no apragoju\u0161\u0101m \u0161\u016bn\u0101m. P\u0113c p\u012blinga lieto\u0161anas mitrin\u0101ta un ide\u0101li m\u012bksta \u0101da ir sagatavota t\u0101l\u0101k\u0101m proced\u016br\u0101m. Eksotisk\u0101 li\u010di un ingvera arom\u0101ts pie\u0161\u0137irs mo\u017euma un ener\u0123ijas l\u0101di\u0146u. <\/p>\n<h4>Lieto\u0161ana: <\/h4>\n<p>uzkl\u0101t uz \u0101das mas\u0113jo\u0161\u0101m kust\u012bb\u0101m, nomazg\u0101t ar \u016bdeni. Piesardz\u012bbas pas\u0101kumi: paaugstin\u0101ta individu\u0101la jut\u012bba uz atsevi\u0161\u0137\u0101m sast\u0101vda\u013c\u0101m.<\/p>\n","protected":false},"excerpt":{"rendered":"<p>Li\u010di un ingvers. Ar li\u010di ekstraktu un ingvera e\u013c\u013cu. Pateicoties kokosriekstu p\u016bdera skrub\u0113jo\u0161\u0101m da\u013ci\u0146\u0101m, p\u012blings maigi un saudz\u012bgi att\u012bra \u0101du no apragoju\u0161\u0101m \u0161\u016bn\u0101m. P\u0113c p\u012blinga lieto\u0161anas mitrin\u0101ta un ide\u0101li m\u012bksta \u0101da ir sagatavota t\u0101l\u0101k\u0101m proced\u016br\u0101m. Eksotisk\u0101 li\u010di un ingvera arom\u0101ts pie\u0161\u0137irs mo\u017euma un ener\u0123ijas l\u0101di\u0146u. Lieto\u0161ana: uzkl\u0101t uz \u0101das mas\u0113jo\u0161\u0101m kust\u012bb\u0101m, nomazg\u0101t ar \u016bdeni. Piesardz\u012bbas [&#8230;]\n","protected":false},"featured_media":80858,"template":"","meta":[],"product_cat":[1999],"product_tag":[],"class_list":{"0":"post-33823","1":"product","2":"type-product","3":"status-publish","4":"has-post-thumbnail","6":"product_brand-elfa_ua","7":"product_cat-bez-kategorijas","9":"first","10":"instock","11":"taxable","12":"shipping-taxable","13":"product-type-simple"},"_links":{"self":[{"href":"https:\/\/e.kosmolat.eu\/lv\/wp-json\/wp\/v2\/product\/33823","targetHints":{"allow":["GET"]}}],"collection":[{"href":"https:\/\/e.kosmolat.eu\/lv\/wp-json\/wp\/v2\/product"}],"about":[{"href":"https:\/\/e.kosmolat.eu\/lv\/wp-json\/wp\/v2\/types\/product"}],"wp:featuredmedia":[{"embeddable":true,"href":"https:\/\/e.kosmolat.eu\/lv\/wp-json\/wp\/v2\/media\/80858"}],"wp:attachment":[{"href":"https:\/\/e.kosmolat.eu\/lv\/wp-json\/wp\/v2\/media?parent=33823"}],"wp:term":[{"taxonomy":"product_cat","embeddable":true,"href":"https:\/\/e.kosmolat.eu\/lv\/wp-json\/wp\/v2\/product_cat?post=33823"},{"taxonomy":"product_tag","embeddable":true,"href":"https:\/\/e.kosmolat.eu\/lv\/wp-json\/wp\/v2\/product_tag?post=33823"}],"curies":[{"name":"wp","href":"https:\/\/api.w.org\/{rel}","templated":true}]}}