{"id":33819,"date":"2023-12-21T19:13:36","date_gmt":"2023-12-21T19:13:36","guid":{"rendered":"https:\/\/e.kosmolat.eu\/product\/fj-cukura-skrubis-kermenim-apelsins-mango-225-ml\/"},"modified":"2026-04-23T13:24:32","modified_gmt":"2026-04-23T13:24:32","slug":"fj-cukura-skrubis-kermenim-apelsins-mango-225-ml","status":"publish","type":"product","link":"https:\/\/e.kosmolat.eu\/lv\/product\/fj-cukura-skrubis-kermenim-apelsins-mango-225-ml\/","title":{"rendered":"&#8220;FJ&#8221; Cukura skrubis \u0137ermenim &#8220;Apels\u012bns &#038; Mango&#8221;, 225 ml"},"content":{"rendered":"<p>Apels\u012bns un mango ar amarantas e\u013c\u013cu. Cukura skrubis lieliski skrub\u0113 un veicina \u0101das atjauno&scaron;anos, pie&scaron;\u0137ir gludumu un tvirtumu. Sast\u0101vs ir bag\u0101tin\u0101ts ar apels\u012bnu un amarantas e\u013c\u013cu un mango ekstraktu, kas paaugstina \u0101das tonusu un elast\u012bbu.<\/p>\n<p><strong>Lieto&scaron;ana:<\/strong>&nbsp;uzskl\u0101t uz \u0137erme\u0146a \u0101das, pamas\u0113t, nomazg\u0101t ar \u016bdeni. Lietot 1-2 ned\u0113\u013c\u0101. Dermatolo\u0123iski p\u0101rbaud\u012bts.&nbsp;<\/p>\n","protected":false},"excerpt":{"rendered":"<p>Apels\u012bns un mango ar amarantas e\u013c\u013cu. Cukura skrubis lieliski skrub\u0113 un veicina \u0101das atjauno&scaron;anos, pie&scaron;\u0137ir gludumu un tvirtumu. Sast\u0101vs ir bag\u0101tin\u0101ts ar apels\u012bnu un amarantas e\u013c\u013cu un mango ekstraktu, kas paaugstina \u0101das tonusu un elast\u012bbu. Lieto&scaron;ana:&nbsp;uzskl\u0101t uz \u0137erme\u0146a \u0101das, pamas\u0113t, nomazg\u0101t ar \u016bdeni. Lietot 1-2 ned\u0113\u013c\u0101. Dermatolo\u0123iski p\u0101rbaud\u012bts.&nbsp;<\/p>\n","protected":false},"featured_media":80826,"template":"","meta":[],"product_cat":[1359],"product_tag":[],"class_list":{"0":"post-33819","1":"product","2":"type-product","3":"status-publish","4":"has-post-thumbnail","6":"product_brand-elfa_ua","7":"product_cat-kuno-sveitikliai-ir-pilingai","9":"first","10":"instock","11":"taxable","12":"shipping-taxable","13":"product-type-simple"},"_links":{"self":[{"href":"https:\/\/e.kosmolat.eu\/lv\/wp-json\/wp\/v2\/product\/33819","targetHints":{"allow":["GET"]}}],"collection":[{"href":"https:\/\/e.kosmolat.eu\/lv\/wp-json\/wp\/v2\/product"}],"about":[{"href":"https:\/\/e.kosmolat.eu\/lv\/wp-json\/wp\/v2\/types\/product"}],"wp:featuredmedia":[{"embeddable":true,"href":"https:\/\/e.kosmolat.eu\/lv\/wp-json\/wp\/v2\/media\/80826"}],"wp:attachment":[{"href":"https:\/\/e.kosmolat.eu\/lv\/wp-json\/wp\/v2\/media?parent=33819"}],"wp:term":[{"taxonomy":"product_cat","embeddable":true,"href":"https:\/\/e.kosmolat.eu\/lv\/wp-json\/wp\/v2\/product_cat?post=33819"},{"taxonomy":"product_tag","embeddable":true,"href":"https:\/\/e.kosmolat.eu\/lv\/wp-json\/wp\/v2\/product_tag?post=33819"}],"curies":[{"name":"wp","href":"https:\/\/api.w.org\/{rel}","templated":true}]}}