{"id":33815,"date":"2023-12-21T19:13:18","date_gmt":"2023-12-21T19:13:18","guid":{"rendered":"https:\/\/e.kosmolat.eu\/product\/fj-cukura-skrubis-kermenim-sokolade-marcipans-225-ml\/"},"modified":"2026-04-23T13:24:21","modified_gmt":"2026-04-23T13:24:21","slug":"fj-cukura-skrubis-kermenim-sokolade-marcipans-225-ml","status":"publish","type":"product","link":"https:\/\/e.kosmolat.eu\/lv\/product\/fj-cukura-skrubis-kermenim-sokolade-marcipans-225-ml\/","title":{"rendered":"&#8220;FJ&#8221; Cukura skrubis \u0137ermenim &#8220;\u0160okol\u0101de &#038; Marcip\u0101ns&#8221;, 225 ml"},"content":{"rendered":"<p>Cukura skrubis lieliski skrub\u0113 un veicina \u0101das atjauno&scaron;anos, pie&scaron;\u0137ir gludumu un tvirtumu. Mande\u013cu e\u013c\u013ca, &scaron;\u012b un kakao sviests skrubja sast\u0101v\u0101 intens\u012bvi baro \u0101du.<\/p>\n<p><strong>Lieto&scaron;ana:&nbsp;<\/strong>uzkl\u0101t uz \u0137erme\u0146a \u0101das ar mas\u0113jo&scaron;\u0101m kust\u012bbam, noskalot ar \u016bdeni. Lietot 1-2 ned\u0113\u013c\u0101. Dermatolo\u0123iski p\u0101rbaud\u012bts.&nbsp;<\/p>\n","protected":false},"excerpt":{"rendered":"<p>Cukura skrubis lieliski skrub\u0113 un veicina \u0101das atjauno&scaron;anos, pie&scaron;\u0137ir gludumu un tvirtumu. Mande\u013cu e\u013c\u013ca, &scaron;\u012b un kakao sviests skrubja sast\u0101v\u0101 intens\u012bvi baro \u0101du. Lieto&scaron;ana:&nbsp;uzkl\u0101t uz \u0137erme\u0146a \u0101das ar mas\u0113jo&scaron;\u0101m kust\u012bbam, noskalot ar \u016bdeni. Lietot 1-2 ned\u0113\u013c\u0101. Dermatolo\u0123iski p\u0101rbaud\u012bts.&nbsp;<\/p>\n","protected":false},"featured_media":80822,"template":"","meta":[],"product_cat":[1357],"product_tag":[],"class_list":{"0":"post-33815","1":"product","2":"type-product","3":"status-publish","4":"has-post-thumbnail","6":"product_brand-elfa_ua","7":"product_cat-skrubji-un-pilingi-kermenim","9":"first","10":"instock","11":"taxable","12":"shipping-taxable","13":"product-type-simple"},"_links":{"self":[{"href":"https:\/\/e.kosmolat.eu\/lv\/wp-json\/wp\/v2\/product\/33815","targetHints":{"allow":["GET"]}}],"collection":[{"href":"https:\/\/e.kosmolat.eu\/lv\/wp-json\/wp\/v2\/product"}],"about":[{"href":"https:\/\/e.kosmolat.eu\/lv\/wp-json\/wp\/v2\/types\/product"}],"wp:featuredmedia":[{"embeddable":true,"href":"https:\/\/e.kosmolat.eu\/lv\/wp-json\/wp\/v2\/media\/80822"}],"wp:attachment":[{"href":"https:\/\/e.kosmolat.eu\/lv\/wp-json\/wp\/v2\/media?parent=33815"}],"wp:term":[{"taxonomy":"product_cat","embeddable":true,"href":"https:\/\/e.kosmolat.eu\/lv\/wp-json\/wp\/v2\/product_cat?post=33815"},{"taxonomy":"product_tag","embeddable":true,"href":"https:\/\/e.kosmolat.eu\/lv\/wp-json\/wp\/v2\/product_tag?post=33815"}],"curies":[{"name":"wp","href":"https:\/\/api.w.org\/{rel}","templated":true}]}}