{"id":33799,"date":"2023-12-21T19:12:25","date_gmt":"2023-12-21T19:12:25","guid":{"rendered":"https:\/\/e.kosmolat.eu\/product\/za-micelarais-udens-3in1-zala-teja-un-alveja-500-ml-rus\/"},"modified":"2026-04-22T11:29:32","modified_gmt":"2026-04-22T11:29:32","slug":"gp-micelarais-udens-3in1-zala-teja-un-alveja-500-ml","status":"publish","type":"product","link":"https:\/\/e.kosmolat.eu\/lv\/product\/gp-micelarais-udens-3in1-zala-teja-un-alveja-500-ml\/","title":{"rendered":"GP  Micel\u0101rais \u016bdens 3in1 &#8220;Za\u013c\u0101 t\u0113ja un alveja&#8221;, 500 ml"},"content":{"rendered":"<p>Att\u012br\u012b&scaron;ana + mitrin\u0101&scaron;ana + toniz\u0113&scaron;ana.<\/p>\n<p>Taukainai un kombin\u0113tai \u0101dai. Ar hialuronsk\u0101bi. 0% parab\u0113nu, kr\u0101svielu, alkohola un smar\u017evielu.<\/p>\n<p>Makij\u0101\u017eas no\u0146em&scaron;ana ar micel\u0101r\u0101 \u016bdens pal\u012bdz\u012bbu ir viegl\u0101kais \u0101das att\u012br\u012b&scaron;anas veids. Micellas apv\u0101ko \u0101das net\u012brumus un viegli likvid\u0113 tos, izpildot pamatfunkciju &ndash; maigu un efekt\u012bvu att\u012br\u012b&scaron;anu. Otr\u0101 svar\u012bg\u0101ka funkcija &ndash; \u0101das mitrin\u0101&scaron;ana un jaun\u012bbas saglab\u0101&scaron;ana pateicoties sast\u0101v\u0101 eso&scaron;ai hialuronsk\u0101bei. Tre&scaron;\u0101 funkcija &ndash; \u0101das toniz\u0113&scaron;ana. Viegla mas\u0101\u017ea un dab\u012bgi ekstrakti pie&scaron;\u0137ir \u0101dai tonusu un uzlabo t\u0101s kr\u0101su! Hialuronsk\u0101be uztur mitrumu \u0101d\u0101, saglab\u0101jot t\u0101s tvirtumu, tonusu un jaun\u012bbu. Za\u013c\u0101s t\u0113jas ekstrakts atsvaidzina \u0101du, alvejas sula mitrina to. Nav j\u0101noskalo.<\/p>\n<p>Piem\u0113rots plaksti\u0146u, sejas, l\u016bpu un dekolt\u0113 \u0101das att\u012br\u012b&scaron;anai. Ikdienas lieto&scaron;anai.<\/p>\n<p><strong>Lieto&scaron;ana:<\/strong> uzkl\u0101t uz vates pl\u0101ksn\u012btes un att\u012br\u012bt \u0101du.<\/p>\n","protected":false},"excerpt":{"rendered":"<p>Att\u012br\u012b&scaron;ana + mitrin\u0101&scaron;ana + toniz\u0113&scaron;ana. Taukainai un kombin\u0113tai \u0101dai. Ar hialuronsk\u0101bi. 0% parab\u0113nu, kr\u0101svielu, alkohola un smar\u017evielu. Makij\u0101\u017eas no\u0146em&scaron;ana ar micel\u0101r\u0101 \u016bdens pal\u012bdz\u012bbu ir viegl\u0101kais \u0101das att\u012br\u012b&scaron;anas veids. Micellas apv\u0101ko \u0101das net\u012brumus un viegli likvid\u0113 tos, izpildot pamatfunkciju &ndash; maigu un efekt\u012bvu att\u012br\u012b&scaron;anu. Otr\u0101 svar\u012bg\u0101ka funkcija &ndash; \u0101das mitrin\u0101&scaron;ana un jaun\u012bbas saglab\u0101&scaron;ana pateicoties sast\u0101v\u0101 eso&scaron;ai [&#8230;]\n","protected":false},"featured_media":80766,"template":"","meta":[],"product_cat":[1999],"product_tag":[],"class_list":{"0":"post-33799","1":"product","2":"type-product","3":"status-publish","4":"has-post-thumbnail","6":"product_brand-elfa_ua","7":"product_cat-bez-kategorijas","9":"first","10":"instock","11":"taxable","12":"shipping-taxable","13":"product-type-simple"},"_links":{"self":[{"href":"https:\/\/e.kosmolat.eu\/lv\/wp-json\/wp\/v2\/product\/33799","targetHints":{"allow":["GET"]}}],"collection":[{"href":"https:\/\/e.kosmolat.eu\/lv\/wp-json\/wp\/v2\/product"}],"about":[{"href":"https:\/\/e.kosmolat.eu\/lv\/wp-json\/wp\/v2\/types\/product"}],"wp:featuredmedia":[{"embeddable":true,"href":"https:\/\/e.kosmolat.eu\/lv\/wp-json\/wp\/v2\/media\/80766"}],"wp:attachment":[{"href":"https:\/\/e.kosmolat.eu\/lv\/wp-json\/wp\/v2\/media?parent=33799"}],"wp:term":[{"taxonomy":"product_cat","embeddable":true,"href":"https:\/\/e.kosmolat.eu\/lv\/wp-json\/wp\/v2\/product_cat?post=33799"},{"taxonomy":"product_tag","embeddable":true,"href":"https:\/\/e.kosmolat.eu\/lv\/wp-json\/wp\/v2\/product_tag?post=33799"}],"curies":[{"name":"wp","href":"https:\/\/api.w.org\/{rel}","templated":true}]}}