{"id":33795,"date":"2023-12-21T19:12:07","date_gmt":"2023-12-21T19:12:07","guid":{"rendered":"https:\/\/e.kosmolat.eu\/product\/za-sejas-toniks-zala-teja-200-ml\/"},"modified":"2026-04-23T12:14:43","modified_gmt":"2026-04-23T12:14:43","slug":"gp-sejas-toniks-zala-teja-200-ml","status":"publish","type":"product","link":"https:\/\/e.kosmolat.eu\/lv\/product\/gp-sejas-toniks-zala-teja-200-ml\/","title":{"rendered":"GP Sejas toniks Za\u013c\u0101 t\u0113ja, 200 ml"},"content":{"rendered":"<p>Visiem \u0101das tipiem. Dermatolo\u0123iski p\u0101rbaud\u012bts.<\/p>\n<p>Nosl\u0113dz \u0101das att\u012br\u012b\u0161anas proced\u016bru, no\u0146emot net\u012brumus un grima paliekas. Za\u013c\u0101s t\u0113jas ekstrakts \u2013 dabisks antioksidants, kas mitrina \u0101du.<\/p>\n<p>Lieto\u0161ana: Uzkl\u0101jiet uz vates diska un not\u012briet sejas \u0101du.<\/p>\n<p>Uzglab\u0101t temperat\u016br\u0101 no +5\u00b0C l\u012bdz +25\u00b0C.<\/p>\n","protected":false},"excerpt":{"rendered":"<p>Visiem \u0101das tipiem. Dermatolo\u0123iski p\u0101rbaud\u012bts. Nosl\u0113dz \u0101das att\u012br\u012b\u0161anas proced\u016bru, no\u0146emot net\u012brumus un grima paliekas. Za\u013c\u0101s t\u0113jas ekstrakts \u2013 dabisks antioksidants, kas mitrina \u0101du. Lieto\u0161ana: Uzkl\u0101jiet uz vates diska un not\u012briet sejas \u0101du. Uzglab\u0101t temperat\u016br\u0101 no +5\u00b0C l\u012bdz +25\u00b0C.<\/p>\n","protected":false},"featured_media":80758,"template":"","meta":[],"product_cat":[1578],"product_tag":[],"class_list":{"0":"post-33795","1":"product","2":"type-product","3":"status-publish","4":"has-post-thumbnail","6":"product_brand-elfa_ua","7":"product_cat-losjoni-un-toniki","9":"first","10":"instock","11":"taxable","12":"shipping-taxable","13":"product-type-simple"},"_links":{"self":[{"href":"https:\/\/e.kosmolat.eu\/lv\/wp-json\/wp\/v2\/product\/33795","targetHints":{"allow":["GET"]}}],"collection":[{"href":"https:\/\/e.kosmolat.eu\/lv\/wp-json\/wp\/v2\/product"}],"about":[{"href":"https:\/\/e.kosmolat.eu\/lv\/wp-json\/wp\/v2\/types\/product"}],"wp:featuredmedia":[{"embeddable":true,"href":"https:\/\/e.kosmolat.eu\/lv\/wp-json\/wp\/v2\/media\/80758"}],"wp:attachment":[{"href":"https:\/\/e.kosmolat.eu\/lv\/wp-json\/wp\/v2\/media?parent=33795"}],"wp:term":[{"taxonomy":"product_cat","embeddable":true,"href":"https:\/\/e.kosmolat.eu\/lv\/wp-json\/wp\/v2\/product_cat?post=33795"},{"taxonomy":"product_tag","embeddable":true,"href":"https:\/\/e.kosmolat.eu\/lv\/wp-json\/wp\/v2\/product_tag?post=33795"}],"curies":[{"name":"wp","href":"https:\/\/api.w.org\/{rel}","templated":true}]}}