{"id":33791,"date":"2023-12-21T19:11:47","date_gmt":"2023-12-21T19:11:47","guid":{"rendered":"https:\/\/e.kosmolat.eu\/product\/za-maigs-pienins-intimai-higienai-sieviesu-zales-normalizejoss-370-ml\/"},"modified":"2026-04-22T14:04:32","modified_gmt":"2026-04-22T14:04:32","slug":"gp-maigs-pienins-intimai-higienai-sieviesu-zalaugi-normalizejoss-370-ml","status":"publish","type":"product","link":"https:\/\/e.kosmolat.eu\/lv\/product\/gp-maigs-pienins-intimai-higienai-sieviesu-zalaugi-normalizejoss-370-ml\/","title":{"rendered":"GP Maigs pieni\u0146\u0161 int\u012bmai higi\u0113nai &#8220;Sievie\u0161u z\u0101laugi&#8221; normaliz\u0113jo\u0161s, 370 ml"},"content":{"rendered":"<p>Normaliz\u0113jo&scaron;s, maigs pieni\u0146&scaron; ar z\u0101\u013cu ekstraktiem, kam piem\u012bt labv\u0113l\u012bga iedarb\u012bba uz sievie&scaron;u organismu, piem\u0113rots int\u012bmo zonu \u0101das saudz\u012bgai att\u012br\u012b&scaron;anai un kop&scaron;anai. Sabalans\u0113ts pieni\u0146a sast\u0101vs \u0146em v\u0113r\u0101 int\u012bmo zonu maig\u0101s \u0101das \u012bpatn\u012bbas, nesausina to. Nodro&scaron;ina ilgsto&scaron;u komforta, svaiguma un t\u012bruma saj\u016btu. Rekomend\u0113ts ikdienas lieto&scaron;anai.<\/p>\n<p><strong>Lieto&scaron;ana:<\/strong>&nbsp;uzkl\u0101t uz int\u012bmiem \u0137erme\u0146a laukumiem, nomazg\u0101t ar \u016bdeni.<\/p>\n","protected":false},"excerpt":{"rendered":"<p>Normaliz\u0113jo&scaron;s, maigs pieni\u0146&scaron; ar z\u0101\u013cu ekstraktiem, kam piem\u012bt labv\u0113l\u012bga iedarb\u012bba uz sievie&scaron;u organismu, piem\u0113rots int\u012bmo zonu \u0101das saudz\u012bgai att\u012br\u012b&scaron;anai un kop&scaron;anai. Sabalans\u0113ts pieni\u0146a sast\u0101vs \u0146em v\u0113r\u0101 int\u012bmo zonu maig\u0101s \u0101das \u012bpatn\u012bbas, nesausina to. Nodro&scaron;ina ilgsto&scaron;u komforta, svaiguma un t\u012bruma saj\u016btu. Rekomend\u0113ts ikdienas lieto&scaron;anai. Lieto&scaron;ana:&nbsp;uzkl\u0101t uz int\u012bmiem \u0137erme\u0146a laukumiem, nomazg\u0101t ar \u016bdeni.<\/p>\n","protected":false},"featured_media":80798,"template":"","meta":[],"product_cat":[2181],"product_tag":[],"class_list":{"0":"post-33791","1":"product","2":"type-product","3":"status-publish","4":"has-post-thumbnail","6":"product_brand-elfa_ua","7":"product_cat-bez-kategorijas-lt","9":"first","10":"instock","11":"taxable","12":"shipping-taxable","13":"product-type-simple"},"_links":{"self":[{"href":"https:\/\/e.kosmolat.eu\/lv\/wp-json\/wp\/v2\/product\/33791","targetHints":{"allow":["GET"]}}],"collection":[{"href":"https:\/\/e.kosmolat.eu\/lv\/wp-json\/wp\/v2\/product"}],"about":[{"href":"https:\/\/e.kosmolat.eu\/lv\/wp-json\/wp\/v2\/types\/product"}],"wp:featuredmedia":[{"embeddable":true,"href":"https:\/\/e.kosmolat.eu\/lv\/wp-json\/wp\/v2\/media\/80798"}],"wp:attachment":[{"href":"https:\/\/e.kosmolat.eu\/lv\/wp-json\/wp\/v2\/media?parent=33791"}],"wp:term":[{"taxonomy":"product_cat","embeddable":true,"href":"https:\/\/e.kosmolat.eu\/lv\/wp-json\/wp\/v2\/product_cat?post=33791"},{"taxonomy":"product_tag","embeddable":true,"href":"https:\/\/e.kosmolat.eu\/lv\/wp-json\/wp\/v2\/product_tag?post=33791"}],"curies":[{"name":"wp","href":"https:\/\/api.w.org\/{rel}","templated":true}]}}