{"id":33787,"date":"2023-12-21T19:11:26","date_gmt":"2023-12-21T19:11:26","guid":{"rendered":"https:\/\/e.kosmolat.eu\/product\/za-maigs-pienins-intimai-higienai-auzas-un-kokvilna-nomierinoss-370-ml\/"},"modified":"2026-04-23T12:28:45","modified_gmt":"2026-04-23T12:28:45","slug":"gp-maigs-pienins-intimai-higienai-auzas-un-kokvilna-nomierinoss-370-ml","status":"publish","type":"product","link":"https:\/\/e.kosmolat.eu\/lv\/product\/gp-maigs-pienins-intimai-higienai-auzas-un-kokvilna-nomierinoss-370-ml\/","title":{"rendered":"GP Maigs pieni\u0146\u0161 int\u012bmai higi\u0113nai &#8220;Auzas un kokvilna&#8221; nomierino\u0161s, 370 ml"},"content":{"rendered":"<p>Jut\u012bgai \u0101dai. Ar piensk\u0101bi<\/p>\n<p>Maigs pieni\u0146\u0161 ar nomierino\u0161iem akt\u012bviem komponentiem piem\u0113rots int\u012bm\u0101s zonas \u0101das saudz\u012bgai att\u012br\u012b\u0161anai un kop\u0161anai. Sabalans\u0113ts pieni\u0146a sast\u0101vs \u0146em v\u0113r\u0101 int\u012bmo zonu maig\u0101s \u0101das \u012bpatn\u012bbas, nesausina to. Nodro\u0161ina ilgsto\u0161u komforta, svaiguma un t\u012bruma saj\u016btu. Rekomend\u0113ts ikdienas lieto\u0161anai.<\/p>\n<p>Lieto\u0161ana: uzkl\u0101t uz int\u012bmiem \u0137erme\u0146a laukumiem, nomazg\u0101t ar \u016bdeni.<\/p>\n<p>Piesardz\u012bbas pas\u0101kumi: paaugstin\u0101ta individu\u0101l\u0101 jut\u012bba pret atsevi\u0161\u0137\u0101m sast\u0101vda\u013c\u0101m.<\/p>\n<p>Uzglab\u0101\u0161anas temperat\u016bra: no +5\u00b0C l\u012bdz +25\u00b0C.<\/p>\n<p>Der\u012bguma termi\u0146\u0161: 30 m\u0113ne\u0161i no izgatavo\u0161anas datuma.<\/p>\n","protected":false},"excerpt":{"rendered":"<p>Jut\u012bgai \u0101dai. Ar piensk\u0101bi Maigs pieni\u0146\u0161 ar nomierino\u0161iem akt\u012bviem komponentiem piem\u0113rots int\u012bm\u0101s zonas \u0101das saudz\u012bgai att\u012br\u012b\u0161anai un kop\u0161anai. Sabalans\u0113ts pieni\u0146a sast\u0101vs \u0146em v\u0113r\u0101 int\u012bmo zonu maig\u0101s \u0101das \u012bpatn\u012bbas, nesausina to. Nodro\u0161ina ilgsto\u0161u komforta, svaiguma un t\u012bruma saj\u016btu. Rekomend\u0113ts ikdienas lieto\u0161anai. Lieto\u0161ana: uzkl\u0101t uz int\u012bmiem \u0137erme\u0146a laukumiem, nomazg\u0101t ar \u016bdeni. Piesardz\u012bbas pas\u0101kumi: paaugstin\u0101ta individu\u0101l\u0101 jut\u012bba pret [&#8230;]\n","protected":false},"featured_media":80794,"template":"","meta":[],"product_cat":[1372],"product_tag":[],"class_list":{"0":"post-33787","1":"product","2":"type-product","3":"status-publish","4":"has-post-thumbnail","6":"product_brand-elfa_ua","7":"product_cat-intima-higiena","9":"first","10":"instock","11":"taxable","12":"shipping-taxable","13":"product-type-simple"},"_links":{"self":[{"href":"https:\/\/e.kosmolat.eu\/lv\/wp-json\/wp\/v2\/product\/33787","targetHints":{"allow":["GET"]}}],"collection":[{"href":"https:\/\/e.kosmolat.eu\/lv\/wp-json\/wp\/v2\/product"}],"about":[{"href":"https:\/\/e.kosmolat.eu\/lv\/wp-json\/wp\/v2\/types\/product"}],"wp:featuredmedia":[{"embeddable":true,"href":"https:\/\/e.kosmolat.eu\/lv\/wp-json\/wp\/v2\/media\/80794"}],"wp:attachment":[{"href":"https:\/\/e.kosmolat.eu\/lv\/wp-json\/wp\/v2\/media?parent=33787"}],"wp:term":[{"taxonomy":"product_cat","embeddable":true,"href":"https:\/\/e.kosmolat.eu\/lv\/wp-json\/wp\/v2\/product_cat?post=33787"},{"taxonomy":"product_tag","embeddable":true,"href":"https:\/\/e.kosmolat.eu\/lv\/wp-json\/wp\/v2\/product_tag?post=33787"}],"curies":[{"name":"wp","href":"https:\/\/api.w.org\/{rel}","templated":true}]}}