{"id":33783,"date":"2023-12-21T19:11:04","date_gmt":"2023-12-21T19:11:04","guid":{"rendered":"https:\/\/e.kosmolat.eu\/product\/za-vannas-putas-meza-zemenes-un-piparmetra-1-l\/"},"modified":"2025-09-19T17:26:35","modified_gmt":"2025-09-19T17:26:35","slug":"i_gp-vannas-putas-meza-zemenes-un-piparmetra-1-l","status":"publish","type":"product","link":"https:\/\/e.kosmolat.eu\/lv\/product\/i_gp-vannas-putas-meza-zemenes-un-piparmetra-1-l\/","title":{"rendered":"I_GP Vannas putas &#8220;Me\u017ea zemenes un piparm\u0113tra&#8221;, 1 l"},"content":{"rendered":"<ul>\n<li>Uzmundrino&scaron;as, toniz\u0113jo&scaron;as, ar piparm\u0113tru e\u013c\u013cu.<\/li>\n<li>Relaks\u0101cija, aromaterapija, r\u016bpes par \u0101das skaistumu.&nbsp;<\/li>\n<\/ul>\n<p>Ar dab\u012bgo e\u013c\u013cu un ekstraktu bag\u0101tin\u0101t\u0101s maig\u0101s putas piepild\u012bs vannu ar ogu arom\u0101tu, uzmundrin\u0101s un uzlabos garast\u0101vokli. Piparm\u0113tru e\u013c\u013cai un zeme\u0146u ekstraktam piem\u012bt toniz\u0113jo&scaron;a iedarb\u012bba, tie atsvaidzina un saglab\u0101 \u0101das gludumu. Vanno&scaron;an\u0101s ar put\u0101m nodro&scaron;ina piln\u012bgu relaks\u0101ciju un sp\u0113ku atg\u016b&scaron;anu, savuk\u0101rt dab\u012bg\u0101s sast\u0101vda\u013cas r\u016bp\u0113jas par \u0101das skaistumu.&nbsp;<\/p>\n<p><strong>Lieto&scaron;ana: <\/strong>saputojiet 1-2 v\u0101ci\u0146us l\u012bdzek\u013ca zem teko&scaron;a \u016bdens. P\u0113c vanno&scaron;an\u0101s noskalojiet \u0101du ar t\u012bru \u016bdeni.&nbsp;<\/p>\n<p>Uzglab\u0101t t&deg; no +5 &deg;\u0421 l\u012bdz +25 &deg;\u0421.<br \/>\n&nbsp;<\/p>\n","protected":false},"excerpt":{"rendered":"<p>Uzmundrino&scaron;as, toniz\u0113jo&scaron;as, ar piparm\u0113tru e\u013c\u013cu. Relaks\u0101cija, aromaterapija, r\u016bpes par \u0101das skaistumu.&nbsp; Ar dab\u012bgo e\u013c\u013cu un ekstraktu bag\u0101tin\u0101t\u0101s maig\u0101s putas piepild\u012bs vannu ar ogu arom\u0101tu, uzmundrin\u0101s un uzlabos garast\u0101vokli. Piparm\u0113tru e\u013c\u013cai un zeme\u0146u ekstraktam piem\u012bt toniz\u0113jo&scaron;a iedarb\u012bba, tie atsvaidzina un saglab\u0101 \u0101das gludumu. Vanno&scaron;an\u0101s ar put\u0101m nodro&scaron;ina piln\u012bgu relaks\u0101ciju un sp\u0113ku atg\u016b&scaron;anu, savuk\u0101rt dab\u012bg\u0101s sast\u0101vda\u013cas r\u016bp\u0113jas [&#8230;]\n","protected":false},"featured_media":80790,"template":"","meta":[],"product_cat":[1610],"product_tag":[],"class_list":{"0":"post-33783","1":"product","2":"type-product","3":"status-publish","4":"has-post-thumbnail","6":"product_brand-elfa_ua","7":"product_cat-vannas-putas-sali-bumbas","9":"first","10":"outofstock","11":"taxable","12":"shipping-taxable","13":"product-type-simple"},"_links":{"self":[{"href":"https:\/\/e.kosmolat.eu\/lv\/wp-json\/wp\/v2\/product\/33783","targetHints":{"allow":["GET"]}}],"collection":[{"href":"https:\/\/e.kosmolat.eu\/lv\/wp-json\/wp\/v2\/product"}],"about":[{"href":"https:\/\/e.kosmolat.eu\/lv\/wp-json\/wp\/v2\/types\/product"}],"wp:featuredmedia":[{"embeddable":true,"href":"https:\/\/e.kosmolat.eu\/lv\/wp-json\/wp\/v2\/media\/80790"}],"wp:attachment":[{"href":"https:\/\/e.kosmolat.eu\/lv\/wp-json\/wp\/v2\/media?parent=33783"}],"wp:term":[{"taxonomy":"product_cat","embeddable":true,"href":"https:\/\/e.kosmolat.eu\/lv\/wp-json\/wp\/v2\/product_cat?post=33783"},{"taxonomy":"product_tag","embeddable":true,"href":"https:\/\/e.kosmolat.eu\/lv\/wp-json\/wp\/v2\/product_tag?post=33783"}],"curies":[{"name":"wp","href":"https:\/\/api.w.org\/{rel}","templated":true}]}}