{"id":33763,"date":"2023-12-21T19:09:20","date_gmt":"2023-12-21T19:09:20","guid":{"rendered":"https:\/\/e.kosmolat.eu\/product\/shik-bernu-ziepes-sunisu-140-g\/"},"modified":"2026-03-31T19:43:54","modified_gmt":"2026-03-31T19:43:54","slug":"i_shik-bernu-ziepes-sunisu-140-g","status":"publish","type":"product","link":"https:\/\/e.kosmolat.eu\/lv\/product\/i_shik-bernu-ziepes-sunisu-140-g\/","title":{"rendered":"I_Shik B\u0113rnu ziepes &#8220;Sun\u012b\u0161u&#8221;, 140 g"},"content":{"rendered":"<p><strong>Uzglab\u0101\u0161ana: <\/strong>uzglab\u0101t saus\u0101s, segt\u0101s, labi v\u0113din\u0101m\u0101s telp\u0101s.<\/p>\n<p><strong>Piesardz\u012bbas pas\u0101kumi:<\/strong> ja iek\u013c\u016bst ac\u012bs, r\u016bp\u012bgi izskalojiet ar lielu daudzumu teko\u0161a \u016bdens.<\/p>\n<p><strong>Der\u012bguma termi\u0146\u0161:<\/strong> 5 gadi no izgatavo\u0161anas datuma.<br \/>\n&nbsp;<\/p>\n","protected":false},"excerpt":{"rendered":"<p>Uzglab\u0101\u0161ana: uzglab\u0101t saus\u0101s, segt\u0101s, labi v\u0113din\u0101m\u0101s telp\u0101s. Piesardz\u012bbas pas\u0101kumi: ja iek\u013c\u016bst ac\u012bs, r\u016bp\u012bgi izskalojiet ar lielu daudzumu teko\u0161a \u016bdens. Der\u012bguma termi\u0146\u0161: 5 gadi no izgatavo\u0161anas datuma. &nbsp;<\/p>\n","protected":false},"featured_media":80802,"template":"","meta":[],"product_cat":[1799],"product_tag":[],"class_list":{"0":"post-33763","1":"product","2":"type-product","3":"status-publish","4":"has-post-thumbnail","6":"product_brand-slobozanskij-milovar_ua","7":"product_cat-duso-geliai-muilas-vonios-putos","9":"first","10":"outofstock","11":"taxable","12":"shipping-taxable","13":"product-type-simple"},"_links":{"self":[{"href":"https:\/\/e.kosmolat.eu\/lv\/wp-json\/wp\/v2\/product\/33763","targetHints":{"allow":["GET"]}}],"collection":[{"href":"https:\/\/e.kosmolat.eu\/lv\/wp-json\/wp\/v2\/product"}],"about":[{"href":"https:\/\/e.kosmolat.eu\/lv\/wp-json\/wp\/v2\/types\/product"}],"wp:featuredmedia":[{"embeddable":true,"href":"https:\/\/e.kosmolat.eu\/lv\/wp-json\/wp\/v2\/media\/80802"}],"wp:attachment":[{"href":"https:\/\/e.kosmolat.eu\/lv\/wp-json\/wp\/v2\/media?parent=33763"}],"wp:term":[{"taxonomy":"product_cat","embeddable":true,"href":"https:\/\/e.kosmolat.eu\/lv\/wp-json\/wp\/v2\/product_cat?post=33763"},{"taxonomy":"product_tag","embeddable":true,"href":"https:\/\/e.kosmolat.eu\/lv\/wp-json\/wp\/v2\/product_tag?post=33763"}],"curies":[{"name":"wp","href":"https:\/\/api.w.org\/{rel}","templated":true}]}}