{"id":33759,"date":"2023-12-21T19:08:59","date_gmt":"2023-12-21T19:08:59","guid":{"rendered":"https:\/\/e.kosmolat.eu\/product\/dolce-vero-vannas-sals-tiramisu-550-g\/"},"modified":"2025-09-19T17:57:34","modified_gmt":"2025-09-19T17:57:34","slug":"i_dolce-vero-vannas-sals-tiramisu-550-g","status":"publish","type":"product","link":"https:\/\/e.kosmolat.eu\/lv\/product\/i_dolce-vero-vannas-sals-tiramisu-550-g\/","title":{"rendered":"I_&#8221;Dolce Vero&#8221; Vannas s\u0101ls &#8220;Tiramisu&#8221;, 550 g"},"content":{"rendered":"<ul>\n<li>Uzlabo garast\u0101vokli. <\/li>\n<li>\u0160\u012b sviests. <\/li>\n<\/ul>\n<p>Silt\u0101 vanna ar j\u016bras s\u0101li ar maigu, satrieco\u0161u paz\u012bstama it\u0101\u013cu deserta Tiramisu arom\u0101tu, sasild\u012bs \u0137ermeni un dv\u0113seli. <\/p>\n<p><b>\u0160okol\u0101des arom\u0101ts<\/b> dod pozit\u012bva l\u0101di\u0146u, uzlabo garast\u0101vokli, stimul\u0113jot \u201elaimes hormona\u201d \u2013 endorh\u012bna izstr\u0101di. <\/p>\n<p><b>\u0160\u012b sviests <\/b>veicina \u0101das atjauno\u0161anu un mitrin\u0101\u0161anu, pie\u0161\u0137ir tai maigumu un elast\u012bbu, kav\u0113 noveco\u0161anas procesus. <\/p>\n<h4>Lieto\u0161ana:<\/h4>\n<p> iz\u0161\u0137\u012bdin\u0101ts s\u0101li siltaj\u0101 vannas \u016bden\u012b (+37\u00b0C) \u2013 100g uz vannu. Proced\u016bras ilgums 15-20 min\u016btes, p\u0113c tam skalot \u0101du ar \u016bdeni bez mazg\u0101jo\u0161iem l\u012bdzek\u013ciem 30 min\u016btes.<\/p>\n","protected":false},"excerpt":{"rendered":"<p>Uzlabo garast\u0101vokli. \u0160\u012b sviests. Silt\u0101 vanna ar j\u016bras s\u0101li ar maigu, satrieco\u0161u paz\u012bstama it\u0101\u013cu deserta Tiramisu arom\u0101tu, sasild\u012bs \u0137ermeni un dv\u0113seli. \u0160okol\u0101des arom\u0101ts dod pozit\u012bva l\u0101di\u0146u, uzlabo garast\u0101vokli, stimul\u0113jot \u201elaimes hormona\u201d \u2013 endorh\u012bna izstr\u0101di. \u0160\u012b sviests veicina \u0101das atjauno\u0161anu un mitrin\u0101\u0161anu, pie\u0161\u0137ir tai maigumu un elast\u012bbu, kav\u0113 noveco\u0161anas procesus. Lieto\u0161ana: iz\u0161\u0137\u012bdin\u0101ts s\u0101li siltaj\u0101 vannas \u016bden\u012b [&#8230;]\n","protected":false},"featured_media":81294,"template":"","meta":[],"product_cat":[1610],"product_tag":[],"class_list":{"0":"post-33759","1":"product","2":"type-product","3":"status-publish","4":"has-post-thumbnail","6":"product_brand-aqua-cosmetics_ua","7":"product_cat-vannas-putas-sali-bumbas","9":"first","10":"outofstock","11":"taxable","12":"shipping-taxable","13":"product-type-simple"},"_links":{"self":[{"href":"https:\/\/e.kosmolat.eu\/lv\/wp-json\/wp\/v2\/product\/33759","targetHints":{"allow":["GET"]}}],"collection":[{"href":"https:\/\/e.kosmolat.eu\/lv\/wp-json\/wp\/v2\/product"}],"about":[{"href":"https:\/\/e.kosmolat.eu\/lv\/wp-json\/wp\/v2\/types\/product"}],"wp:featuredmedia":[{"embeddable":true,"href":"https:\/\/e.kosmolat.eu\/lv\/wp-json\/wp\/v2\/media\/81294"}],"wp:attachment":[{"href":"https:\/\/e.kosmolat.eu\/lv\/wp-json\/wp\/v2\/media?parent=33759"}],"wp:term":[{"taxonomy":"product_cat","embeddable":true,"href":"https:\/\/e.kosmolat.eu\/lv\/wp-json\/wp\/v2\/product_cat?post=33759"},{"taxonomy":"product_tag","embeddable":true,"href":"https:\/\/e.kosmolat.eu\/lv\/wp-json\/wp\/v2\/product_tag?post=33759"}],"curies":[{"name":"wp","href":"https:\/\/api.w.org\/{rel}","templated":true}]}}