{"id":33755,"date":"2023-12-21T19:08:41","date_gmt":"2023-12-21T19:08:41","guid":{"rendered":"https:\/\/e.kosmolat.eu\/product\/dolce-vero-vannas-sals-mango-uzputenis-550-g\/"},"modified":"2025-09-19T17:21:43","modified_gmt":"2025-09-19T17:21:43","slug":"i_dolce-vero-vannas-sals-mango-uzputenis-550-g","status":"publish","type":"product","link":"https:\/\/e.kosmolat.eu\/lv\/product\/i_dolce-vero-vannas-sals-mango-uzputenis-550-g\/","title":{"rendered":"I_&#8221;Dolce Vero&#8221; Vannas s\u0101ls &#8220;Mango uzp\u016btenis&#8221;, 550 g"},"content":{"rendered":"<ul>\n<li>Atjauno sp\u0113kus<\/li>\n<li> Ar kam\u0113lijas e\u013c\u013cu<\/li>\n<\/ul>\n<p> S\u0101ls vanna ar apbr\u012bnojamu Mango uzp\u016bte\u0146a arom\u0101tu no\u0146em spriedzi un pie\u0161\u0137ir J\u016bsu \u0137ermenim mo\u017eumu. S\u0101ls att\u012br\u012bs un nogludin\u0101s J\u016bsu \u0101du, bet br\u012bni\u0161\u0137\u012bgs \u201e\u0100zijas aug\u013cu kara\u013ca\u201d mango arom\u0101ts dos Jums jaunus sp\u0113kus un vasaras ene\u0123ijas l\u0101di\u0146u. <\/p>\n<p><b>Kam\u0113lijas e\u013c\u013ca <\/b>veicina \u0101das m\u012bkstin\u0101\u0161anu un elast\u012bbu, kav\u0113 noveco\u0161anas procesus. <\/p>\n<h4>Lieto\u0161ana: <\/h4>\n<p>iz\u0161\u0137\u012bdin\u0101ts s\u0101li siltaj\u0101 vannas \u016bden\u012b (+37\u00b0C) \u2013 100g uz vannu. Proced\u016bras ilgums 15-20 min\u016btes, p\u0113c tam skalot \u0101du ar \u016bdeni bez mazg\u0101jo\u0161iem l\u012bdzek\u013ciem 30 min\u016btes.<\/p>\n","protected":false},"excerpt":{"rendered":"<p>Atjauno sp\u0113kus Ar kam\u0113lijas e\u013c\u013cu S\u0101ls vanna ar apbr\u012bnojamu Mango uzp\u016bte\u0146a arom\u0101tu no\u0146em spriedzi un pie\u0161\u0137ir J\u016bsu \u0137ermenim mo\u017eumu. S\u0101ls att\u012br\u012bs un nogludin\u0101s J\u016bsu \u0101du, bet br\u012bni\u0161\u0137\u012bgs \u201e\u0100zijas aug\u013cu kara\u013ca\u201d mango arom\u0101ts dos Jums jaunus sp\u0113kus un vasaras ene\u0123ijas l\u0101di\u0146u. Kam\u0113lijas e\u013c\u013ca veicina \u0101das m\u012bkstin\u0101\u0161anu un elast\u012bbu, kav\u0113 noveco\u0161anas procesus. Lieto\u0161ana: iz\u0161\u0137\u012bdin\u0101ts s\u0101li siltaj\u0101 vannas [&#8230;]\n","protected":false},"featured_media":80718,"template":"","meta":[],"product_cat":[1610],"product_tag":[],"class_list":{"0":"post-33755","1":"product","2":"type-product","3":"status-publish","4":"has-post-thumbnail","6":"product_brand-aqua-cosmetics_ua","7":"product_cat-vannas-putas-sali-bumbas","9":"first","10":"outofstock","11":"taxable","12":"shipping-taxable","13":"product-type-simple"},"_links":{"self":[{"href":"https:\/\/e.kosmolat.eu\/lv\/wp-json\/wp\/v2\/product\/33755","targetHints":{"allow":["GET"]}}],"collection":[{"href":"https:\/\/e.kosmolat.eu\/lv\/wp-json\/wp\/v2\/product"}],"about":[{"href":"https:\/\/e.kosmolat.eu\/lv\/wp-json\/wp\/v2\/types\/product"}],"wp:featuredmedia":[{"embeddable":true,"href":"https:\/\/e.kosmolat.eu\/lv\/wp-json\/wp\/v2\/media\/80718"}],"wp:attachment":[{"href":"https:\/\/e.kosmolat.eu\/lv\/wp-json\/wp\/v2\/media?parent=33755"}],"wp:term":[{"taxonomy":"product_cat","embeddable":true,"href":"https:\/\/e.kosmolat.eu\/lv\/wp-json\/wp\/v2\/product_cat?post=33755"},{"taxonomy":"product_tag","embeddable":true,"href":"https:\/\/e.kosmolat.eu\/lv\/wp-json\/wp\/v2\/product_tag?post=33755"}],"curies":[{"name":"wp","href":"https:\/\/api.w.org\/{rel}","templated":true}]}}