{"id":33751,"date":"2023-12-21T19:08:17","date_gmt":"2023-12-21T19:08:17","guid":{"rendered":"https:\/\/e.kosmolat.eu\/product\/dolce-vero-vannas-sals-avenu-panna-cotta-550-g\/"},"modified":"2025-09-19T17:21:28","modified_gmt":"2025-09-19T17:21:28","slug":"i_dolce-vero-vannas-sals-avenu-panna-cotta-550-g","status":"publish","type":"product","link":"https:\/\/e.kosmolat.eu\/lv\/product\/i_dolce-vero-vannas-sals-avenu-panna-cotta-550-g\/","title":{"rendered":"I_&#8221;Dolce Vero&#8221; Vannas s\u0101ls &#8220;Ave\u0146u panna-cotta&#8221;, 550 g"},"content":{"rendered":"<ul>\n<li>Rada romantisku noska\u0146u<\/li>\n<li> Piena prote\u012bni<\/li>\n<\/ul>\n<p>J\u016bras s\u0101ls ar valdzino\u0161u it\u0101\u013cu deserta Ave\u0146u panna-cottas arom\u0101tu. Kam\u0113r J\u016bs baudat proced\u016bru, j\u016bras s\u0101ls r\u016bp\u0113jas par \u0101du: no\u0146em nogurumu, stressa spriedzi, rada romantisku noska\u0146u. <\/p>\n<p><b>Piena prote\u012bni<\/b> ir \u013coti vesel\u012bgi sausai \u0101dai, tie mitrina un m\u012bkstina \u0101du. <\/p>\n<h4>Lieto\u0161ana:<\/h4>\n<p> iz\u0161\u0137\u012bdin\u0101ts s\u0101li siltaj\u0101 vannas \u016bden\u012b (+37\u00b0C) \u2013 100g uz vannu. Proced\u016bras ilgums 15-20 min\u016btes, p\u0113c tam skalot \u0101du ar \u016bdeni bez mazg\u0101jo\u0161iem l\u012bdzek\u013ciem 30 min\u016btes.<\/p>\n","protected":false},"excerpt":{"rendered":"<p>Rada romantisku noska\u0146u Piena prote\u012bni J\u016bras s\u0101ls ar valdzino\u0161u it\u0101\u013cu deserta Ave\u0146u panna-cottas arom\u0101tu. Kam\u0113r J\u016bs baudat proced\u016bru, j\u016bras s\u0101ls r\u016bp\u0113jas par \u0101du: no\u0146em nogurumu, stressa spriedzi, rada romantisku noska\u0146u. Piena prote\u012bni ir \u013coti vesel\u012bgi sausai \u0101dai, tie mitrina un m\u012bkstina \u0101du. Lieto\u0161ana: iz\u0161\u0137\u012bdin\u0101ts s\u0101li siltaj\u0101 vannas \u016bden\u012b (+37\u00b0C) \u2013 100g uz vannu. Proced\u016bras ilgums [&#8230;]\n","protected":false},"featured_media":80714,"template":"","meta":[],"product_cat":[1610],"product_tag":[],"class_list":{"0":"post-33751","1":"product","2":"type-product","3":"status-publish","4":"has-post-thumbnail","6":"product_brand-aqua-cosmetics_ua","7":"product_cat-vannas-putas-sali-bumbas","9":"first","10":"outofstock","11":"taxable","12":"shipping-taxable","13":"product-type-simple"},"_links":{"self":[{"href":"https:\/\/e.kosmolat.eu\/lv\/wp-json\/wp\/v2\/product\/33751","targetHints":{"allow":["GET"]}}],"collection":[{"href":"https:\/\/e.kosmolat.eu\/lv\/wp-json\/wp\/v2\/product"}],"about":[{"href":"https:\/\/e.kosmolat.eu\/lv\/wp-json\/wp\/v2\/types\/product"}],"wp:featuredmedia":[{"embeddable":true,"href":"https:\/\/e.kosmolat.eu\/lv\/wp-json\/wp\/v2\/media\/80714"}],"wp:attachment":[{"href":"https:\/\/e.kosmolat.eu\/lv\/wp-json\/wp\/v2\/media?parent=33751"}],"wp:term":[{"taxonomy":"product_cat","embeddable":true,"href":"https:\/\/e.kosmolat.eu\/lv\/wp-json\/wp\/v2\/product_cat?post=33751"},{"taxonomy":"product_tag","embeddable":true,"href":"https:\/\/e.kosmolat.eu\/lv\/wp-json\/wp\/v2\/product_tag?post=33751"}],"curies":[{"name":"wp","href":"https:\/\/api.w.org\/{rel}","templated":true}]}}