{"id":33747,"date":"2023-12-21T19:07:58","date_gmt":"2023-12-21T19:07:58","guid":{"rendered":"https:\/\/e.kosmolat.eu\/product\/dolce-vero-vannas-sals-pistaciju-sierakuka-550-g\/"},"modified":"2025-09-19T17:21:13","modified_gmt":"2025-09-19T17:21:13","slug":"i_dolce-vero-vannas-sals-pistaciju-sierakuka-550-g","status":"publish","type":"product","link":"https:\/\/e.kosmolat.eu\/lv\/product\/i_dolce-vero-vannas-sals-pistaciju-sierakuka-550-g\/","title":{"rendered":"I_&#8221;Dolce Vero&#8221; Vannas s\u0101ls &#8220;Pist\u0101ciju sierak\u016bka&#8221;, 550 g"},"content":{"rendered":"<p>No\u0146em nogurumu. Maig\u0101 vanna ar j\u016bras s\u0101li un izsmalcin\u0101tu pist\u0101cijas sierak\u016bkas arom\u0101tu \u2013 lielisks l\u012bdzeklis atp\u016btai p\u0113c smagas darba dienas. Atst\u0101j uz \u0101das smalku feihojas un kivi arom\u0101tu. <\/p>\n<p><b>Feihojas un kivi ekstrakti<\/b> veicina \u0101das bag\u0101tin\u0101\u0161anu ar vitam\u012bniem un atjauno vesel\u012bgu mirdzumu. <\/p>\n<h4>Lieto\u0161ana:<\/h4>\n<p> iz\u0161\u0137\u012bdin\u0101ts s\u0101li siltaj\u0101 vannas \u016bden\u012b (+37\u00b0C) \u2013 100g uz vannu. Proced\u016bras ilgums 15-20 min\u016btes, p\u0113c tam skalot \u0101du ar \u016bdeni bez mazg\u0101jo\u0161iem l\u012bdzek\u013ciem 30 min\u016btes.<\/p>\n","protected":false},"excerpt":{"rendered":"<p>No\u0146em nogurumu. Maig\u0101 vanna ar j\u016bras s\u0101li un izsmalcin\u0101tu pist\u0101cijas sierak\u016bkas arom\u0101tu \u2013 lielisks l\u012bdzeklis atp\u016btai p\u0113c smagas darba dienas. Atst\u0101j uz \u0101das smalku feihojas un kivi arom\u0101tu. Feihojas un kivi ekstrakti veicina \u0101das bag\u0101tin\u0101\u0161anu ar vitam\u012bniem un atjauno vesel\u012bgu mirdzumu. Lieto\u0161ana: iz\u0161\u0137\u012bdin\u0101ts s\u0101li siltaj\u0101 vannas \u016bden\u012b (+37\u00b0C) \u2013 100g uz vannu. Proced\u016bras ilgums 15-20 [&#8230;]\n","protected":false},"featured_media":80710,"template":"","meta":[],"product_cat":[1610],"product_tag":[],"class_list":{"0":"post-33747","1":"product","2":"type-product","3":"status-publish","4":"has-post-thumbnail","6":"product_brand-aqua-cosmetics_ua","7":"product_cat-vannas-putas-sali-bumbas","9":"first","10":"outofstock","11":"taxable","12":"shipping-taxable","13":"product-type-simple"},"_links":{"self":[{"href":"https:\/\/e.kosmolat.eu\/lv\/wp-json\/wp\/v2\/product\/33747","targetHints":{"allow":["GET"]}}],"collection":[{"href":"https:\/\/e.kosmolat.eu\/lv\/wp-json\/wp\/v2\/product"}],"about":[{"href":"https:\/\/e.kosmolat.eu\/lv\/wp-json\/wp\/v2\/types\/product"}],"wp:featuredmedia":[{"embeddable":true,"href":"https:\/\/e.kosmolat.eu\/lv\/wp-json\/wp\/v2\/media\/80710"}],"wp:attachment":[{"href":"https:\/\/e.kosmolat.eu\/lv\/wp-json\/wp\/v2\/media?parent=33747"}],"wp:term":[{"taxonomy":"product_cat","embeddable":true,"href":"https:\/\/e.kosmolat.eu\/lv\/wp-json\/wp\/v2\/product_cat?post=33747"},{"taxonomy":"product_tag","embeddable":true,"href":"https:\/\/e.kosmolat.eu\/lv\/wp-json\/wp\/v2\/product_tag?post=33747"}],"curies":[{"name":"wp","href":"https:\/\/api.w.org\/{rel}","templated":true}]}}