{"id":33735,"date":"2023-12-21T19:07:09","date_gmt":"2023-12-21T19:07:09","guid":{"rendered":"https:\/\/e.kosmolat.eu\/product\/rexona-dk-dezodorants-aerosols-kajam-aktivs-svaigums-150-ml\/"},"modified":"2025-09-19T17:19:45","modified_gmt":"2025-09-19T17:19:45","slug":"rexona-dk-dezodorants-aerosols-kajam-aktivs-svaigums-150-ml","status":"publish","type":"product","link":"https:\/\/e.kosmolat.eu\/lv\/product\/rexona-dk-dezodorants-aerosols-kajam-aktivs-svaigums-150-ml\/","title":{"rendered":"Rexona DK  Dezodorants-aerosols k\u0101j\u0101m &#8220;Akt\u012bvs svaigums&#8221;, 150 ml"},"content":{"rendered":"<p>Nodro&scaron;ina tul\u012bt\u0113ju aizsarb\u012bbu pret sviedru smaku l\u012bdz 24 stund\u0101m pat sporta nodarb\u012bb\u0101s un intens\u012bvaj\u0101 slodz\u0113. Dezodorants mazina sviedru izdal\u012b&scaron;anos, saglab\u0101jot \u0101das \u016bdens l\u012bdzsvaru, un kav\u0113jot bakt\u0113riju, kuras izsauc nepat\u012bkamu smaku, vairo&scaron;anos. Univers\u0101ls, der gan sieviet\u0113m, gan v\u012brie&scaron;iem. Piemerots lieto&scaron;anai uz k\u0101ju, padu&scaron;u un plaukstu \u0101das. Efekt\u012bvs jebkuros sporta apavos (slidas, sl\u0113po&scaron;anas z\u0101baki, krosa kurpes). Neatst\u0101j traipus uz ze\u0137\u0113m un apaviem. \u0100rti ies\u016bcas, nekairina un nesausina \u0101du.<\/p>\n<p><strong>Lieto&scaron;ana:<\/strong>&nbsp;p\u0113d\u0101m &ndash; pirms izsmidzin\u0101&scaron;anas sakrat\u012bt flakonu, izsmidzin\u0101t 2-3 sekundes uz t\u012br\u0101s saus\u0101s \u0101das no 10-15 cm att\u0101luma. Apaviem &ndash; pirms lieto&scaron;anas flakonu sakrat\u012bt, izsmidzin\u0101t l\u012bdzekli uz iek&scaron;\u0113j\u0101s apavu virsmas. Atst\u0101t l\u012bdz iz\u017e\u016bst.&nbsp;<\/p>\n","protected":false},"excerpt":{"rendered":"<p>Nodro&scaron;ina tul\u012bt\u0113ju aizsarb\u012bbu pret sviedru smaku l\u012bdz 24 stund\u0101m pat sporta nodarb\u012bb\u0101s un intens\u012bvaj\u0101 slodz\u0113. Dezodorants mazina sviedru izdal\u012b&scaron;anos, saglab\u0101jot \u0101das \u016bdens l\u012bdzsvaru, un kav\u0113jot bakt\u0113riju, kuras izsauc nepat\u012bkamu smaku, vairo&scaron;anos. Univers\u0101ls, der gan sieviet\u0113m, gan v\u012brie&scaron;iem. Piemerots lieto&scaron;anai uz k\u0101ju, padu&scaron;u un plaukstu \u0101das. Efekt\u012bvs jebkuros sporta apavos (slidas, sl\u0113po&scaron;anas z\u0101baki, krosa kurpes). Neatst\u0101j [&#8230;]\n","protected":false},"featured_media":80690,"template":"","meta":[],"product_cat":[1761],"product_tag":[],"class_list":{"0":"post-33735","1":"product","2":"type-product","3":"status-publish","4":"has-post-thumbnail","6":"product_brand-unilever-rus","7":"product_cat-kaju-kopsanas-kosmetika","9":"first","10":"outofstock","11":"taxable","12":"shipping-taxable","13":"product-type-simple"},"_links":{"self":[{"href":"https:\/\/e.kosmolat.eu\/lv\/wp-json\/wp\/v2\/product\/33735","targetHints":{"allow":["GET"]}}],"collection":[{"href":"https:\/\/e.kosmolat.eu\/lv\/wp-json\/wp\/v2\/product"}],"about":[{"href":"https:\/\/e.kosmolat.eu\/lv\/wp-json\/wp\/v2\/types\/product"}],"wp:featuredmedia":[{"embeddable":true,"href":"https:\/\/e.kosmolat.eu\/lv\/wp-json\/wp\/v2\/media\/80690"}],"wp:attachment":[{"href":"https:\/\/e.kosmolat.eu\/lv\/wp-json\/wp\/v2\/media?parent=33735"}],"wp:term":[{"taxonomy":"product_cat","embeddable":true,"href":"https:\/\/e.kosmolat.eu\/lv\/wp-json\/wp\/v2\/product_cat?post=33735"},{"taxonomy":"product_tag","embeddable":true,"href":"https:\/\/e.kosmolat.eu\/lv\/wp-json\/wp\/v2\/product_tag?post=33735"}],"curies":[{"name":"wp","href":"https:\/\/api.w.org\/{rel}","templated":true}]}}