{"id":33731,"date":"2023-12-21T19:06:47","date_gmt":"2023-12-21T19:06:47","guid":{"rendered":"https:\/\/e.kosmolat.eu\/product\/cl-balzams-matu-skalos-kviesu-diglu-ekstr-planiem-novajin-matiem-230-ml\/"},"modified":"2025-09-19T17:19:30","modified_gmt":"2025-09-19T17:19:30","slug":"cl-balzams-matu-skalos-kviesu-diglu-ekstr-planiem-novajin-matiem-230-ml","status":"publish","type":"product","link":"https:\/\/e.kosmolat.eu\/lv\/product\/cl-balzams-matu-skalos-kviesu-diglu-ekstr-planiem-novajin-matiem-230-ml\/","title":{"rendered":"CL Balzams matu skalo\u0161. &#8220;Kvie\u0161u d\u012bg\u013cu ekstr.&#8221;, pl\u0101niem, nov\u0101jin. matiem, 230 ml"},"content":{"rendered":"<p>Jaun\u0101 formula NATURE PLUS 5 ekstrakti un e\u013c\u013cas (verbenas ekstrakts, salvijas ekstrakts, me\u017eroz\u012b\u0161u ekstrakts, me\u017eroz\u012b\u0161u un linu e\u013c\u013ca).<\/p>\n<p>Akt\u012bvas dab\u012bgas sast\u0101vda\u013cas kav\u0113 matu izkri\u0161anu, baro un aizsarg\u0101 matus pret boj\u0101jumiem. Kvie\u0161u d\u012bg\u013cu un linu ekstrakts pie\u0161\u0137ir matiem apjomu pie sakn\u0113m un padara tos biez\u0101kus vis\u0101 matu garum\u0101.<\/p>\n<p>Auzu pieni\u0146\u0161 izl\u012bdzina matus un atjauno to dabisku strukt\u016bru bez taukainuma un smagu efekta pie\u0161\u0137ir\u0161anas.<\/p>\n<p><strong>Lieto\u0161ana: <\/strong><\/p>\n<p>uzkl\u0101t uz mitriem t\u012briem matiem, atst\u0101t uz 1 min\u016bti, nomazg\u0101t ar \u016bdeni. Ja iek\u013c\u016bs ac\u012bs, skalojiet t\u0101s ar \u016bdeni.&nbsp;<\/p>\n","protected":false},"excerpt":{"rendered":"<p>Jaun\u0101 formula NATURE PLUS 5 ekstrakti un e\u013c\u013cas (verbenas ekstrakts, salvijas ekstrakts, me\u017eroz\u012b\u0161u ekstrakts, me\u017eroz\u012b\u0161u un linu e\u013c\u013ca). Akt\u012bvas dab\u012bgas sast\u0101vda\u013cas kav\u0113 matu izkri\u0161anu, baro un aizsarg\u0101 matus pret boj\u0101jumiem. Kvie\u0161u d\u012bg\u013cu un linu ekstrakts pie\u0161\u0137ir matiem apjomu pie sakn\u0113m un padara tos biez\u0101kus vis\u0101 matu garum\u0101. Auzu pieni\u0146\u0161 izl\u012bdzina matus un atjauno to dabisku [&#8230;]\n","protected":false},"featured_media":80686,"template":"","meta":[],"product_cat":[1638],"product_tag":[],"class_list":{"0":"post-33731","1":"product","2":"type-product","3":"status-publish","4":"has-post-thumbnail","6":"product_brand-unilever-rus","7":"product_cat-balzami","9":"first","10":"outofstock","11":"taxable","12":"shipping-taxable","13":"product-type-simple"},"_links":{"self":[{"href":"https:\/\/e.kosmolat.eu\/lv\/wp-json\/wp\/v2\/product\/33731","targetHints":{"allow":["GET"]}}],"collection":[{"href":"https:\/\/e.kosmolat.eu\/lv\/wp-json\/wp\/v2\/product"}],"about":[{"href":"https:\/\/e.kosmolat.eu\/lv\/wp-json\/wp\/v2\/types\/product"}],"wp:featuredmedia":[{"embeddable":true,"href":"https:\/\/e.kosmolat.eu\/lv\/wp-json\/wp\/v2\/media\/80686"}],"wp:attachment":[{"href":"https:\/\/e.kosmolat.eu\/lv\/wp-json\/wp\/v2\/media?parent=33731"}],"wp:term":[{"taxonomy":"product_cat","embeddable":true,"href":"https:\/\/e.kosmolat.eu\/lv\/wp-json\/wp\/v2\/product_cat?post=33731"},{"taxonomy":"product_tag","embeddable":true,"href":"https:\/\/e.kosmolat.eu\/lv\/wp-json\/wp\/v2\/product_tag?post=33731"}],"curies":[{"name":"wp","href":"https:\/\/api.w.org\/{rel}","templated":true}]}}