{"id":33727,"date":"2023-12-21T19:06:24","date_gmt":"2023-12-21T19:06:24","guid":{"rendered":"https:\/\/e.kosmolat.eu\/product\/cl-balzams-matu-skalos-natre-visiem-matu-tipiem-stiprinoss-230-ml\/"},"modified":"2025-09-19T17:19:15","modified_gmt":"2025-09-19T17:19:15","slug":"cl-balzams-matu-skalos-natre-visiem-matu-tipiem-stiprinoss-230-ml","status":"publish","type":"product","link":"https:\/\/e.kosmolat.eu\/lv\/product\/cl-balzams-matu-skalos-natre-visiem-matu-tipiem-stiprinoss-230-ml\/","title":{"rendered":"CL Balzams matu skalo\u0161. &#8220;N\u0101tre&#8221; visiem matu tipiem, stiprino\u0161s, 230 ml"},"content":{"rendered":"<p>Mati ir 2 reizes stipr\u0101ki. \u012apa\u0161as fitokerat\u012bna kompleksa mol\u0113kulas sabiez\u0113 matus pie pamata, pace\u013c tos pie sakn\u0113m bez smaguma saj\u016btas pie\u0161\u0137ir\u0161anas.<\/p>\n<p><strong>N\u0101tres ekstrakts <\/strong>dubult\u0101 koncentr\u0101cij\u0101 veicina to aug\u0161anu. \u0100rstniec\u012bbas augu nov\u0101r\u012bjums pasarga matus no boj\u0101jumiem, samazina to izkri\u0161anu.<\/p>\n<p><strong>Lieto\u0161ana:&nbsp;<\/strong>uzkl\u0101t uz mitriem matiem, atst\u0101t uz 1 min\u016bti un nomazg\u0101t ar \u016bdeni. Nav \u0101rstniecisks l\u012bdzeklis. Ja iek\u013c\u016bst ac\u012bs, r\u016bp\u012bgi izskalojiet ar \u016bdeni.<\/p>\n","protected":false},"excerpt":{"rendered":"<p>Mati ir 2 reizes stipr\u0101ki. \u012apa\u0161as fitokerat\u012bna kompleksa mol\u0113kulas sabiez\u0113 matus pie pamata, pace\u013c tos pie sakn\u0113m bez smaguma saj\u016btas pie\u0161\u0137ir\u0161anas. N\u0101tres ekstrakts dubult\u0101 koncentr\u0101cij\u0101 veicina to aug\u0161anu. \u0100rstniec\u012bbas augu nov\u0101r\u012bjums pasarga matus no boj\u0101jumiem, samazina to izkri\u0161anu. Lieto\u0161ana:&nbsp;uzkl\u0101t uz mitriem matiem, atst\u0101t uz 1 min\u016bti un nomazg\u0101t ar \u016bdeni. Nav \u0101rstniecisks l\u012bdzeklis. Ja iek\u013c\u016bst [&#8230;]\n","protected":false},"featured_media":80682,"template":"","meta":[],"product_cat":[1638],"product_tag":[],"class_list":{"0":"post-33727","1":"product","2":"type-product","3":"status-publish","4":"has-post-thumbnail","6":"product_brand-unilever-rus","7":"product_cat-balzami","9":"first","10":"outofstock","11":"taxable","12":"shipping-taxable","13":"product-type-simple"},"_links":{"self":[{"href":"https:\/\/e.kosmolat.eu\/lv\/wp-json\/wp\/v2\/product\/33727","targetHints":{"allow":["GET"]}}],"collection":[{"href":"https:\/\/e.kosmolat.eu\/lv\/wp-json\/wp\/v2\/product"}],"about":[{"href":"https:\/\/e.kosmolat.eu\/lv\/wp-json\/wp\/v2\/types\/product"}],"wp:featuredmedia":[{"embeddable":true,"href":"https:\/\/e.kosmolat.eu\/lv\/wp-json\/wp\/v2\/media\/80682"}],"wp:attachment":[{"href":"https:\/\/e.kosmolat.eu\/lv\/wp-json\/wp\/v2\/media?parent=33727"}],"wp:term":[{"taxonomy":"product_cat","embeddable":true,"href":"https:\/\/e.kosmolat.eu\/lv\/wp-json\/wp\/v2\/product_cat?post=33727"},{"taxonomy":"product_tag","embeddable":true,"href":"https:\/\/e.kosmolat.eu\/lv\/wp-json\/wp\/v2\/product_tag?post=33727"}],"curies":[{"name":"wp","href":"https:\/\/api.w.org\/{rel}","templated":true}]}}