{"id":33723,"date":"2023-12-21T19:05:58","date_gmt":"2023-12-21T19:05:58","guid":{"rendered":"https:\/\/e.kosmolat.eu\/product\/dr-s-keratin-sampuns-1-l-rus\/"},"modified":"2026-04-21T07:44:50","modified_gmt":"2026-04-21T07:44:50","slug":"dr-s-keratin-sampuns-1-l-rus","status":"publish","type":"product","link":"https:\/\/e.kosmolat.eu\/lv\/product\/dr-s-keratin-sampuns-1-l-rus\/","title":{"rendered":"&#8220;Dr.S Keratin&#8221; \u0160amp\u016bns, 1 l (RUS)"},"content":{"rendered":"<p>\u012apa\u0161\u0101 Pro-Keratin kompleksa l\u012bnija uz kerat\u012bna, argin\u012bna un kolag\u0113na b\u0101zes pal\u012bdz atjaunot matus no sakn\u0113m l\u012bdz gali\u0146iem. Kerat\u012bns ir galven\u0101 matu strukt\u016bras sast\u0101vda\u013ca, kas iek\u013c\u016bstot dzi\u013ci mat\u0101, aizpilda boj\u0101t\u0101s vietas un atjauno strukt\u016bru no iek\u0161puses. Argin\u012bns ir aminosk\u0101be, kas stiprina matus un pie\u0161\u0137ir tiem ener\u0123iju. Kolag\u0113ns rada neredzamu k\u0101rti\u0146u uz matu virsmas, kas stiprina un aizsarg\u0101 tos no termisk\u0101s iedarb\u012bbas. &Scaron;amp\u016bns nodro\u0161ina maigu att\u012br\u012b\u0161anu, mitrina matus vis\u0101 to garum\u0101, neradot smagumu. T\u0101 sast\u0101vda\u013cas piepilda matu strukt\u016bru no iek\u0161puses. P\u0113c katras lieto\u0161anas reizes \u0161amp\u016bns pie\u0161\u0137ir matiem bl\u012bvumu, apjomu, elast\u012bbu un sp\u012bdumu. Lai sasniegtu maksim\u0101lu efektu, ieteicams lietot visus l\u012bnijas produktus. Dermatolo\u0123iski p\u0101rbaud\u012bts.<\/p>\n<p><strong>Lieto\u0161ana: <\/strong>uzkl\u0101jiet uz mitriem matiem, saputojiet, noskalojiet ar \u016bdeni. Nepiecie\u0161am\u012bbas gad\u012bjum\u0101 atk\u0101rtot proced\u016bru.<\/p>\n<p><strong>Piesardz\u012bbas pas\u0101kumi: <\/strong>ja iek\u013c\u016bst ac\u012bs, r\u016bp\u012bgi izskalot ar \u016bdeni.<\/p>\n","protected":false},"excerpt":{"rendered":"<p>\u012apa\u0161\u0101 Pro-Keratin kompleksa l\u012bnija uz kerat\u012bna, argin\u012bna un kolag\u0113na b\u0101zes pal\u012bdz atjaunot matus no sakn\u0113m l\u012bdz gali\u0146iem. Kerat\u012bns ir galven\u0101 matu strukt\u016bras sast\u0101vda\u013ca, kas iek\u013c\u016bstot dzi\u013ci mat\u0101, aizpilda boj\u0101t\u0101s vietas un atjauno strukt\u016bru no iek\u0161puses. Argin\u012bns ir aminosk\u0101be, kas stiprina matus un pie\u0161\u0137ir tiem ener\u0123iju. Kolag\u0113ns rada neredzamu k\u0101rti\u0146u uz matu virsmas, kas stiprina un [&#8230;]\n","protected":false},"featured_media":80642,"template":"","meta":[],"product_cat":[1248],"product_tag":[],"class_list":{"0":"post-33723","1":"product","2":"type-product","3":"status-publish","4":"has-post-thumbnail","6":"product_brand-elfa_ua","7":"product_cat-sampuni","9":"first","10":"instock","11":"taxable","12":"shipping-taxable","13":"product-type-simple"},"_links":{"self":[{"href":"https:\/\/e.kosmolat.eu\/lv\/wp-json\/wp\/v2\/product\/33723","targetHints":{"allow":["GET"]}}],"collection":[{"href":"https:\/\/e.kosmolat.eu\/lv\/wp-json\/wp\/v2\/product"}],"about":[{"href":"https:\/\/e.kosmolat.eu\/lv\/wp-json\/wp\/v2\/types\/product"}],"wp:featuredmedia":[{"embeddable":true,"href":"https:\/\/e.kosmolat.eu\/lv\/wp-json\/wp\/v2\/media\/80642"}],"wp:attachment":[{"href":"https:\/\/e.kosmolat.eu\/lv\/wp-json\/wp\/v2\/media?parent=33723"}],"wp:term":[{"taxonomy":"product_cat","embeddable":true,"href":"https:\/\/e.kosmolat.eu\/lv\/wp-json\/wp\/v2\/product_cat?post=33723"},{"taxonomy":"product_tag","embeddable":true,"href":"https:\/\/e.kosmolat.eu\/lv\/wp-json\/wp\/v2\/product_tag?post=33723"}],"curies":[{"name":"wp","href":"https:\/\/api.w.org\/{rel}","templated":true}]}}