{"id":33711,"date":"2023-12-21T19:04:55","date_gmt":"2023-12-21T19:04:55","guid":{"rendered":"https:\/\/e.kosmolat.eu\/product\/novita-soft-kosmetiskie-vates-diski-100-gab\/"},"modified":"2026-03-31T19:25:51","modified_gmt":"2026-03-31T19:25:51","slug":"novita-soft-kosmetiskie-vates-diski-100-gab","status":"publish","type":"product","link":"https:\/\/e.kosmolat.eu\/lv\/product\/novita-soft-kosmetiskie-vates-diski-100-gab\/","title":{"rendered":"&#8220;Novita Soft&#8221; Kosm\u0113tiskie vates diski, 100 gab."},"content":{"rendered":"<p>Paredz\u0113ti kosm\u0113tisk\u0101m un higi\u0113nisk\u0101m proced\u016br\u0101m.<\/p>\n<p><strong>Lieto&scaron;ana:<\/strong>&nbsp;iz\u0146emiet disku no iepakojuma, lietojiet to p\u0113c nor\u0101d\u012bjuma.&nbsp;<\/p>\n","protected":false},"excerpt":{"rendered":"<p>Paredz\u0113ti kosm\u0113tisk\u0101m un higi\u0113nisk\u0101m proced\u016br\u0101m. Lieto&scaron;ana:&nbsp;iz\u0146emiet disku no iepakojuma, lietojiet to p\u0113c nor\u0101d\u012bjuma.&nbsp;<\/p>\n","protected":false},"featured_media":80618,"template":"","meta":[],"product_cat":[1812],"product_tag":[],"class_list":{"0":"post-33711","1":"product","2":"type-product","3":"status-publish","4":"has-post-thumbnail","6":"product_brand-biosphere-corporation_ua","7":"product_cat-vatos-produktai","9":"first","10":"outofstock","11":"taxable","12":"shipping-taxable","13":"product-type-simple"},"_links":{"self":[{"href":"https:\/\/e.kosmolat.eu\/lv\/wp-json\/wp\/v2\/product\/33711","targetHints":{"allow":["GET"]}}],"collection":[{"href":"https:\/\/e.kosmolat.eu\/lv\/wp-json\/wp\/v2\/product"}],"about":[{"href":"https:\/\/e.kosmolat.eu\/lv\/wp-json\/wp\/v2\/types\/product"}],"wp:featuredmedia":[{"embeddable":true,"href":"https:\/\/e.kosmolat.eu\/lv\/wp-json\/wp\/v2\/media\/80618"}],"wp:attachment":[{"href":"https:\/\/e.kosmolat.eu\/lv\/wp-json\/wp\/v2\/media?parent=33711"}],"wp:term":[{"taxonomy":"product_cat","embeddable":true,"href":"https:\/\/e.kosmolat.eu\/lv\/wp-json\/wp\/v2\/product_cat?post=33711"},{"taxonomy":"product_tag","embeddable":true,"href":"https:\/\/e.kosmolat.eu\/lv\/wp-json\/wp\/v2\/product_tag?post=33711"}],"curies":[{"name":"wp","href":"https:\/\/api.w.org\/{rel}","templated":true}]}}