{"id":33687,"date":"2023-12-21T19:02:44","date_gmt":"2023-12-21T19:02:44","guid":{"rendered":"https:\/\/e.kosmolat.eu\/product\/suprim-balinatajs-500-g\/"},"modified":"2025-09-19T17:07:54","modified_gmt":"2025-09-19T17:07:54","slug":"suprim-balinatajs-500-g","status":"publish","type":"product","link":"https:\/\/e.kosmolat.eu\/lv\/product\/suprim-balinatajs-500-g\/","title":{"rendered":"Suprim Balin\u0101t\u0101js, 500 g"},"content":{"rendered":"<ul>\n<li>Pie&scaron;\u0137ir \u017eilbino&scaron;u baltumu baltiem audumiem<\/li>\n<li>Likvid\u0113 notur\u012bgus un iz\u017euvu&scaron;us traipus, dzeltenumu un pel\u0113c\u012bgu toni<\/li>\n<li>Pastiprina ve\u013cas pulvera mazg\u0101jo&scaron;\u0101s un balino&scaron;\u0101s \u012bpa&scaron;\u012bbas<\/li>\n<li>Piem\u0113rots visiem ve\u013cas ma&scaron;\u012bnu veidiem un mazg\u0101&scaron;anai ar rok\u0101m<\/li>\n<li>Efekt\u012bvs pat zemas temperat\u016bras \u016bden\u012b<\/li>\n<li>Optim\u0101la mazg\u0101&scaron;anas temperat\u016bra +60 &deg;C.<\/li>\n<\/ul>\n<p>Saudz\u012bgai un efekt\u012bvai kokvilnas, lina, viskozes, sint\u0113tisko audumu un to mais\u012bjumu balin\u0101&scaron;anai. Nelietot vilnas, z\u012bda un \u0101das izstr\u0101d\u0101jumu un kr\u0101sainas ve\u013cas mazg\u0101&scaron;anai. Paredz\u0113ts sint\u0113tisko mazg\u0101&scaron;anas l\u012bdzek\u013cu iedarb\u012bbas pastiprin\u0101&scaron;anai, mazg\u0101jot stipri net\u012brus audumu izstr\u0101d\u0101jumus (iz\u0146emot vilnu un z\u012bdu) ve\u013cas ma&scaron;\u012bn\u0101s un ar rok\u0101m.&nbsp;<\/p>\n<p><strong>Lieto&scaron;ana:<\/strong> mazg\u0101jot ve\u013cas ma&scaron;\u012bn\u0101 (4-5 kg ve\u013cas) pamatprogramm\u0101s vid\u0113ji net\u012brai ve\u013cai m\u012bkst\u0101 \u016bden\u012b pievienot 45 ml\/30 g, vid\u0113ji ciet\u0101 &ndash; 70 ml\/50 g, ciet\u0101 &ndash; 100 ml\/70 g, gr\u016bti att\u012br\u0101mu traipu gad\u012bjum\u0101, mazg\u0101jot m\u012bkst\u0101 \u016bden\u012b, pievienot 70 ml\/ 50 g, vid\u0113ji ciet\u0101 &ndash; 100 ml\/70 g, ciet\u0101 140 ml\/100 g. Priek&scaron;mazg\u0101&scaron;anas programm\u0101s vid\u0113ji net\u012brai ve\u013cai m\u012bkst\u0101 \u016bden\u012b pievienot 30 ml\/20 g, vid\u0113ji ciet\u0101 &ndash; 50 ml\/35 g, ciet\u0101 &ndash; 70 ml\/50 g, gr\u016bti att\u012br\u0101mu traipu gad\u012bjum\u0101 m\u012bkst\u0101 \u016bden\u012b pievienot 50 ml\/ 35 g, vid\u0113ji ciet\u0101 70 ml\/50 g, ciet\u0101 100 ml\/70 g. Mazg\u0101jot ar rok\u0101m vai m\u0113rc\u0113jot 30 min. uz 10 l \u016bdens vid\u0113ji net\u012brai ve\u013cai pievienot 80 ml\/60 g, stipri net\u012brai ve\u013cai &ndash; 110 ml\/80 g l\u012bdzek\u013ca.<\/p>\n<p><strong>Piesardz\u012bbas pas\u0101kumi: <\/strong>Paaugstin\u0101tas jut\u012bbas un \u0101das boj\u0101jumu gad\u012bjum\u0101 izvair\u012bties no ilgsto&scaron;as saskares ar jebk\u0101diem mazg\u0101&scaron;anas l\u012bdzek\u013ciem.<br \/>\nNeuzglab\u0101t p\u0101rtikas produktu tuvum\u0101. Uzglab\u0101t temperat\u016br\u0101 l\u012bdz +35 &deg;C un relat\u012bvaj\u0101 gaisa mitrum\u0101 l\u012bdz 95%, sarg\u0101jot no tie&scaron;iem saules stariem. L\u012bdzeklis j\u0101uzglab\u0101 tikai ra\u017eot\u0101ja iepakojum\u0101, iev\u0113rojot visas noteikt\u0101s uzglab\u0101&scaron;anas pras\u012bbas.<\/p>\n<p><strong>Sast\u0101v\u0101: <\/strong>15 % un vair\u0101k, bet maz\u0101k nek\u0101 30 % balin\u0101t\u0101ju, kuru pamat\u0101 ir sk\u0101beklis, maz\u0101k par 5 % anjonu virsmakt\u012bvo vielu, maz\u0101k par 5 % polikarboksil\u0101tu, maz\u0101k par 5 % &nbsp;EDTA un t\u0101s s\u0101\u013cu. Fermenti. Optiskie balin\u0101t\u0101ji.<\/p>\n<p>&nbsp;<\/p>\n<p><strong><img decoding=\"async\" alt=\"\" src=\"file:\/\/\/C:\/Users\/masha\/Desktop\/GHS07.png\" style=\"height:40px; width:40px\" \/>GHS07 Uzman\u012bbu<\/strong><br \/>\nH319 Izraisa nopietnu acu kairin\u0101jumu.<br \/>\nH315 Kairina \u0101du<\/p>\n<p>Dro&scaron;\u012bbas pras\u012bbu apz\u012bm\u0113jumi:<br \/>\nP102 Sarg\u0101t no b\u0113rniem.<br \/>\nP264 P\u0113c izmanto&scaron;anas rokas k\u0101rt\u012bgi nomazg\u0101t.<br \/>\nP280 Izmantot aizsargcimdus\/aizsargdr\u0113bes\/ acu aizsargus\/sejas aizsargus.<br \/>\nP305+P351+P338 Saskar\u0113 ar ac\u012bm: Uzman\u012bgi izskalot ar \u016bdeni vair\u0101kas min\u016btes. Iz\u0146emt kontaktl\u0113cas, ja t\u0101s ir ievietotas un ja to var vienk\u0101r&scaron;i izdar\u012bt. Turpin\u0101t skalot.<br \/>\nP337+P313 Ja acu iekaisums nep\u0101riet: l\u016bdziet medi\u0137u pal\u012bdz\u012bbu&nbsp;<br \/>\nP302+P352 Saskar\u0113 ar \u0101du: nomazg\u0101t ar lielu \u016bdens daudzumu. &nbsp;&nbsp;<br \/>\nP332+P313 Ja rodas \u0101das iekaisums: l\u016bdziet medi\u0137u pal\u012bdz\u012bbu.<br \/>\n&nbsp;<\/p>\n<p>&nbsp;<\/p>\n","protected":false},"excerpt":{"rendered":"<p>Pie&scaron;\u0137ir \u017eilbino&scaron;u baltumu baltiem audumiem Likvid\u0113 notur\u012bgus un iz\u017euvu&scaron;us traipus, dzeltenumu un pel\u0113c\u012bgu toni Pastiprina ve\u013cas pulvera mazg\u0101jo&scaron;\u0101s un balino&scaron;\u0101s \u012bpa&scaron;\u012bbas Piem\u0113rots visiem ve\u013cas ma&scaron;\u012bnu veidiem un mazg\u0101&scaron;anai ar rok\u0101m Efekt\u012bvs pat zemas temperat\u016bras \u016bden\u012b Optim\u0101la mazg\u0101&scaron;anas temperat\u016bra +60 &deg;C. Saudz\u012bgai un efekt\u012bvai kokvilnas, lina, viskozes, sint\u0113tisko audumu un to mais\u012bjumu balin\u0101&scaron;anai. Nelietot vilnas, z\u012bda [&#8230;]\n","protected":false},"featured_media":78445,"template":"","meta":[],"product_cat":[1481],"product_tag":[],"class_list":{"0":"post-33687","1":"product","2":"type-product","3":"status-publish","4":"has-post-thumbnail","6":"product_brand-sontsa-by","7":"product_cat-velas-mazgasanas-lidzekli","9":"first","10":"outofstock","11":"taxable","12":"shipping-taxable","13":"product-type-simple"},"_links":{"self":[{"href":"https:\/\/e.kosmolat.eu\/lv\/wp-json\/wp\/v2\/product\/33687","targetHints":{"allow":["GET"]}}],"collection":[{"href":"https:\/\/e.kosmolat.eu\/lv\/wp-json\/wp\/v2\/product"}],"about":[{"href":"https:\/\/e.kosmolat.eu\/lv\/wp-json\/wp\/v2\/types\/product"}],"wp:featuredmedia":[{"embeddable":true,"href":"https:\/\/e.kosmolat.eu\/lv\/wp-json\/wp\/v2\/media\/78445"}],"wp:attachment":[{"href":"https:\/\/e.kosmolat.eu\/lv\/wp-json\/wp\/v2\/media?parent=33687"}],"wp:term":[{"taxonomy":"product_cat","embeddable":true,"href":"https:\/\/e.kosmolat.eu\/lv\/wp-json\/wp\/v2\/product_cat?post=33687"},{"taxonomy":"product_tag","embeddable":true,"href":"https:\/\/e.kosmolat.eu\/lv\/wp-json\/wp\/v2\/product_tag?post=33687"}],"curies":[{"name":"wp","href":"https:\/\/api.w.org\/{rel}","templated":true}]}}