{"id":33683,"date":"2023-12-21T18:57:38","date_gmt":"2023-12-21T18:57:38","guid":{"rendered":"https:\/\/e.kosmolat.eu\/product\/pilinga-zeku-maska-kajam-izmers-40-45\/"},"modified":"2025-08-14T13:07:10","modified_gmt":"2025-08-14T13:07:10","slug":"i_pilinga-zeku-maska-kajam-izmers-40-45","status":"publish","type":"product","link":"https:\/\/e.kosmolat.eu\/lv\/product\/i_pilinga-zeku-maska-kajam-izmers-40-45\/","title":{"rendered":"I_P\u012blinga ze\u0137u maska k\u0101j\u0101m (izm\u0113rs 40-45)"},"content":{"rendered":"<p><span style=\"line-height: 1.42857;\">1 p\u0101ris, univers\u0101ls izm\u0113rs 40-45.<br \/>\n<\/span><\/p>\n<p><span style=\"line-height: 1.42857;\">SKINLITE p\u012blinga ze\u0137u maska k\u0101j\u0101m \u2013 tas ir inovat\u012bvs produkts, kas apvieno sev\u012b p\u0113du dzi\u013co p\u012blingu un ilglaic\u012bgas atvese\u013co\u0161anas efektu. Tas ir efekt\u012bvs l\u012bdzeklis tulznu, var\u017eacu likvid\u0113\u0161anai un plais\u0101jo\u0161as p\u0113du \u0101das izl\u012bdzin\u0101\u0161anai. Nov\u0113r\u0161 \u0101das sarep\u0113jumus un jaunu plaisu veido\u0161anos. Dab\u012bgie papaijas un \u0101bola ekstrakti iedarbojas m\u012bkstino\u0161i, mitrino\u0161i un atjaunino\u0161i. Kumel\u012b\u0161u ekstrakts nomierina \u0101du. Jau p\u0113c 7 dien\u0101m J\u016bsu k\u0101ju \u0101da k\u013c\u016bs gluda un maiga k\u0101 z\u012bdainim, bet ieg\u016btais rezult\u0101ts saglab\u0101sies 2-3 m\u0113ne\u0161us.<br \/>\n<\/span><\/p>\n<p><span style=\"line-height: 1.42857;\">Lieto\u0161anas instrukcija:<br \/>\n<\/span><\/p>\n<p><span style=\"line-height: 1.42857;\">Pirms lieto\u0161anas nomazg\u0101jiet k\u0101jas silt\u0101 \u016bden\u012b.<br \/>\n<\/span><\/p>\n<p><span style=\"line-height: 1.42857;\">Atveriet iepakojumu un uzvelciet ze\u0137u masku.<br \/>\n<\/span><\/p>\n<p><span style=\"line-height: 1.42857;\">P\u0113c 90 min\u016bt\u0113m novelciet ze\u0137u masku. Maskas paliekas nomazg\u0101jiet ar siltu \u016bdeni.<br \/>\n<\/span><\/p>\n<p><span style=\"line-height: 1.42857;\">Sarep\u0113jusi \u0101da s\u0101ks atsl\u0101\u0146oties 4-7.dien\u0101 p\u0113c maskas lieto\u0161anas. Praktiski visas tulznas un var\u017eacis noies n\u0101kamo 3-5 dienu laik\u0101, atkar\u012bb\u0101 no to biezuma.<br \/>\n<\/span><\/p>\n<p><span style=\"line-height: 1.42857;\">Piesardz\u012bbas pas\u0101kumi: Neizmantot masku, ja uz k\u0101j\u0101m ir atkl\u0101ti ievainojumi, griezumi, kairin\u0101jumi, ekz\u0113mas vai, ja \u0101dai ir tieksme uz aler\u0123iju. Neizmantot produktu, ja ir paaugstin\u0101ts jut\u012bgums pret k\u0101du no sast\u0101va komponentiem. Ja lieto\u0161anas proces\u0101 uz \u0101das par\u0101d\u0101s aps\u0101rtums vai kairin\u0101jums, p\u0101rtraukt lieto\u0161anu un v\u0113rsties pie \u0101rsta. Lai izvair\u012btos no aler\u0123isk\u0101m reakcij\u0101m, pirms lieto\u0161anas uzlikt nelielu daudzumu maskas uz neliela \u0101das laukumi\u0146a p\u0101rbaudei. Izmantot tikai k\u0101j\u0101m! Nenor\u012bt! Nepie\u013caut iek\u013c\u016b\u0161anu ac\u012bs. Ja tas ir noticis \u2013 r\u016bp\u012bgi mazg\u0101t ar \u016bdeni. Glab\u0101t b\u0113rniem nepieejam\u0101 viet\u0101. Sarg\u0101t no tie\u0161ajiem saules stariem.\u00a0\u00a0<\/span><\/p>\n<p><\/p>\n","protected":false},"excerpt":{"rendered":"<p>1 p\u0101ris, univers\u0101ls izm\u0113rs 40-45. SKINLITE p\u012blinga ze\u0137u maska k\u0101j\u0101m \u2013 tas ir inovat\u012bvs produkts, kas apvieno sev\u012b p\u0113du dzi\u013co p\u012blingu un ilglaic\u012bgas atvese\u013co\u0161anas efektu. Tas ir efekt\u012bvs l\u012bdzeklis tulznu, var\u017eacu likvid\u0113\u0161anai un plais\u0101jo\u0161as p\u0113du \u0101das izl\u012bdzin\u0101\u0161anai. Nov\u0113r\u0161 \u0101das sarep\u0113jumus un jaunu plaisu veido\u0161anos. Dab\u012bgie papaijas un \u0101bola ekstrakti iedarbojas m\u012bkstino\u0161i, mitrino\u0161i un atjaunino\u0161i. Kumel\u012b\u0161u [&#8230;]\n","protected":false},"featured_media":7918,"template":"","meta":[],"product_cat":[1761],"product_tag":[],"class_list":{"0":"post-33683","1":"product","2":"type-product","3":"status-publish","4":"has-post-thumbnail","6":"product_brand-skinlite","7":"product_cat-kaju-kopsanas-kosmetika","9":"first","10":"outofstock","11":"taxable","12":"shipping-taxable","13":"product-type-simple"},"_links":{"self":[{"href":"https:\/\/e.kosmolat.eu\/lv\/wp-json\/wp\/v2\/product\/33683","targetHints":{"allow":["GET"]}}],"collection":[{"href":"https:\/\/e.kosmolat.eu\/lv\/wp-json\/wp\/v2\/product"}],"about":[{"href":"https:\/\/e.kosmolat.eu\/lv\/wp-json\/wp\/v2\/types\/product"}],"wp:featuredmedia":[{"embeddable":true,"href":"https:\/\/e.kosmolat.eu\/lv\/wp-json\/wp\/v2\/media\/7918"}],"wp:attachment":[{"href":"https:\/\/e.kosmolat.eu\/lv\/wp-json\/wp\/v2\/media?parent=33683"}],"wp:term":[{"taxonomy":"product_cat","embeddable":true,"href":"https:\/\/e.kosmolat.eu\/lv\/wp-json\/wp\/v2\/product_cat?post=33683"},{"taxonomy":"product_tag","embeddable":true,"href":"https:\/\/e.kosmolat.eu\/lv\/wp-json\/wp\/v2\/product_tag?post=33683"}],"curies":[{"name":"wp","href":"https:\/\/api.w.org\/{rel}","templated":true}]}}