{"id":33675,"date":"2023-12-21T18:56:46","date_gmt":"2023-12-21T18:56:46","guid":{"rendered":"https:\/\/e.kosmolat.eu\/product\/intensivi-atjauninosa-zeku-maska-kajam-aprikoze\/"},"modified":"2026-04-03T05:58:01","modified_gmt":"2026-04-03T05:58:01","slug":"intensivi-atjauninosa-zeku-maska-kajam-aprikoze","status":"publish","type":"product","link":"https:\/\/e.kosmolat.eu\/lv\/product\/intensivi-atjauninosa-zeku-maska-kajam-aprikoze\/","title":{"rendered":"Intens\u012bvi atjaunino\u0161a ze\u0137u maska k\u0101j\u0101m &#8220;Aprikoze&#8221;"},"content":{"rendered":"<p>Intens\u012bvi atjaunino\u0161a ze\u0137u maska k\u0101j\u0101m &#8220;Aprikoze&#8221;.\n<\/p>\n<p>Atjaunina raupju un sausu k\u0101ju \u0101du, veicina br\u016b\u010du sadz\u012b\u0161anu. Rada antiseptisku iedarb\u012bbu. Izl\u012bdzina, m\u012bkstina un atjaunina sausas, saspr\u0113g\u0101ju\u0161as, tulznainas p\u0113das un pap\u0113\u017eus, iev\u0113rojami uzlabojot \u0101r\u0113jo izskatu. Nov\u0113r\u0161 plaisu ra\u0161anos un dzied\u0113 jau eso\u0161\u0101s plaisas. Univers\u0101ls izm\u0113rs 35-40.\n<\/p>\n<p>Lieto\u0161ana: Uzvilkt ze\u0137u masku t\u012br\u0101s k\u0101j\u0101s. P\u0113c 20-30 min\u016bt\u0113m no\u0146emt un maskas paliekas ier\u012bv\u0113t \u0101d\u0101.\n<\/p>\n<p>Piesardz\u012bbas pas\u0101kumi: Neizmantot uz boj\u0101tas, sakairin\u0101tas vai p\u0101rsau\u013cotas \u0101das. Neizmantot, ja pret k\u0101du no sast\u0101va komponentiem ir paaugstin\u0101ts j\u016bt\u012bgums. Nepie\u013caut nok\u013c\u016b\u0161anu uz ac\u012bs. Ja tas ir noticis \u2013 r\u016bp\u012bgi mazg\u0101t ar \u016bdeni. Tikai \u0101r\u012bgai lieto\u0161anai. Glab\u0101t b\u0113rniem nepieejam\u0101 viet\u0101. Izvair\u012bties no tie\u0161ajiem saules stariem.<\/p>\n","protected":false},"excerpt":{"rendered":"<p>Intens\u012bvi atjaunino\u0161a ze\u0137u maska k\u0101j\u0101m &#8220;Aprikoze&#8221;. Atjaunina raupju un sausu k\u0101ju \u0101du, veicina br\u016b\u010du sadz\u012b\u0161anu. Rada antiseptisku iedarb\u012bbu. Izl\u012bdzina, m\u012bkstina un atjaunina sausas, saspr\u0113g\u0101ju\u0161as, tulznainas p\u0113das un pap\u0113\u017eus, iev\u0113rojami uzlabojot \u0101r\u0113jo izskatu. Nov\u0113r\u0161 plaisu ra\u0161anos un dzied\u0113 jau eso\u0161\u0101s plaisas. Univers\u0101ls izm\u0113rs 35-40. Lieto\u0161ana: Uzvilkt ze\u0137u masku t\u012br\u0101s k\u0101j\u0101s. P\u0113c 20-30 min\u016bt\u0113m no\u0146emt un maskas [&#8230;]\n","protected":false},"featured_media":96810,"template":"","meta":[],"product_cat":[1761],"product_tag":[],"class_list":{"0":"post-33675","1":"product","2":"type-product","3":"status-publish","4":"has-post-thumbnail","6":"product_brand-skinlite","7":"product_cat-kaju-kopsanas-kosmetika","9":"first","10":"outofstock","11":"taxable","12":"shipping-taxable","13":"product-type-simple"},"_links":{"self":[{"href":"https:\/\/e.kosmolat.eu\/lv\/wp-json\/wp\/v2\/product\/33675","targetHints":{"allow":["GET"]}}],"collection":[{"href":"https:\/\/e.kosmolat.eu\/lv\/wp-json\/wp\/v2\/product"}],"about":[{"href":"https:\/\/e.kosmolat.eu\/lv\/wp-json\/wp\/v2\/types\/product"}],"wp:featuredmedia":[{"embeddable":true,"href":"https:\/\/e.kosmolat.eu\/lv\/wp-json\/wp\/v2\/media\/96810"}],"wp:attachment":[{"href":"https:\/\/e.kosmolat.eu\/lv\/wp-json\/wp\/v2\/media?parent=33675"}],"wp:term":[{"taxonomy":"product_cat","embeddable":true,"href":"https:\/\/e.kosmolat.eu\/lv\/wp-json\/wp\/v2\/product_cat?post=33675"},{"taxonomy":"product_tag","embeddable":true,"href":"https:\/\/e.kosmolat.eu\/lv\/wp-json\/wp\/v2\/product_tag?post=33675"}],"curies":[{"name":"wp","href":"https:\/\/api.w.org\/{rel}","templated":true}]}}