{"id":33671,"date":"2023-12-21T18:56:19","date_gmt":"2023-12-21T18:56:19","guid":{"rendered":"https:\/\/e.kosmolat.eu\/product\/cimdu-veida-maska-rokam-auzu-ultra-mitrinosa\/"},"modified":"2026-04-21T10:36:04","modified_gmt":"2026-04-21T10:36:04","slug":"cimdu-veida-maska-rokam-auzu-ultra-mitrinosa","status":"publish","type":"product","link":"https:\/\/e.kosmolat.eu\/lv\/product\/cimdu-veida-maska-rokam-auzu-ultra-mitrinosa\/","title":{"rendered":"Cimdu veida maska rok\u0101m &#8220;Auzu&#8221; ultra mitrino\u0161a"},"content":{"rendered":"<p>\u012apa\u0161i mitrino\u0161a maska-cimdi rok\u0101m nov\u0113r\u0161 roku \u0101das sausumu, raupjumu un lob\u012b\u0161anos. Auzu, za\u013c\u0101s t\u0113jas, \u017ee\u0146\u0161e\u0146a, burvju lazdas, Baik\u0101la \u0137iverenes, k\u0101 ar\u012b \u0161\u012b sviesta un makad\u0101mijas e\u013c\u013cas dab\u012bgo ekstraktu komplekss \u0101tri un dzi\u013ci ies\u016bcas roku \u0101d\u0101, barojot un mitrinot to. Jaun\u0101kais maskas dizains cimdu form\u0101 nodro\u0161in\u0101s maksim\u0101li efekt\u012bvu un pat\u012bkamu proced\u016bru. Izmantojot masku-cimdus, j\u016bs, neizejot no m\u0101j\u0101m, ieg\u016bsiet paraf\u012bna terapijas salona v\u0113rtu efektu. P\u0113c roku maskas uzkl\u0101\u0161anas \u0101da ilgu laiku paliks gluda, elast\u012bga un z\u012bdaina. Izmantojiet masku-cimdus vismaz reizi ned\u0113\u013c\u0101. Efekt\u012bv\u0101kai roku \u0101das kop\u0161anai iesak\u0101m regul\u0101ri lietot roku kr\u0113mu. Lietojiet Skinlite &ldquo;Glieme\u017eu&rdquo; mitrino\u0161o roku kr\u0113mu no r\u012btiem, savuk\u0101rt uz nakti uzkl\u0101jiet Skinlite &ldquo;Mande\u013cu&rdquo; barojo\u0161o roku kr\u0113mu.<\/p>\n<p><strong>Lieto\u0161ana: <\/strong>1) Nomazg\u0101jiet rokas ar siltu \u016bdeni. 2) Atveriet iepakojumu un uzvelciet masku-cimdus uz rok\u0101m. 3) Lab\u0101kam efektam maskai virs\u016b varat uzvilkt siltus d\u016brai\u0146us, cimdus, vai gumijas cimdus trauku mazg\u0101\u0161anai. 4) No\u0146emiet masku p\u0113c 20-30 min\u016bt\u0113m. Vienm\u0113r\u012bgi iemas\u0113jiet maskas palieka roku \u0101d\u0101.<\/p>\n<p><strong>Piesardz\u012bbas pas\u0101kumi:<\/strong> 1) Nelietot uz boj\u0101tas, iekaisu\u0161as un saul\u0113 apdegu\u0161as \u0101das. Nelietot p\u016bt\u012b\u0161u \u0101rst\u0113\u0161anai. 2) Nelietot masku, ja ir paaugstin\u0101ta jut\u012bba pret k\u0101du no maskas sast\u0101vda\u013c\u0101m. Ja lieto\u0161anas laik\u0101 par\u0101d\u0101s \u0101das aps\u0101rtums vai kairin\u0101jums, p\u0101rtrauciet lieto\u0161anu un konsult\u0113jieties ar \u0101rstu.&nbsp;3) Izvairieties no saskares ar ac\u012bm. Ja iek\u013c\u016bst ac\u012bs, r\u016bp\u012bgi noskalojiet ar \u016bdeni. Tikai \u0101r\u012bgai lieto\u0161anai. Nenor\u012bt! Uzglab\u0101t b\u0113rniem nepieejam\u0101 viet\u0101, temperat\u016br\u0101 no 0&deg;C l\u012bdz 25&deg;C. 4) Sarg\u0101t no tie\u0161iem saules stariem.<\/p>\n<p><strong>Der\u012bguma termi\u0146\u0161:<\/strong> 3 gadi no izgatavo\u0161anas datuma.<br \/>\n&nbsp;<\/p>\n<p>&nbsp;<\/p>\n","protected":false},"excerpt":{"rendered":"<p>\u012apa\u0161i mitrino\u0161a maska-cimdi rok\u0101m nov\u0113r\u0161 roku \u0101das sausumu, raupjumu un lob\u012b\u0161anos. Auzu, za\u013c\u0101s t\u0113jas, \u017ee\u0146\u0161e\u0146a, burvju lazdas, Baik\u0101la \u0137iverenes, k\u0101 ar\u012b \u0161\u012b sviesta un makad\u0101mijas e\u013c\u013cas dab\u012bgo ekstraktu komplekss \u0101tri un dzi\u013ci ies\u016bcas roku \u0101d\u0101, barojot un mitrinot to. Jaun\u0101kais maskas dizains cimdu form\u0101 nodro\u0161in\u0101s maksim\u0101li efekt\u012bvu un pat\u012bkamu proced\u016bru. Izmantojot masku-cimdus, j\u016bs, neizejot no [&#8230;]\n","protected":false},"featured_media":96786,"template":"","meta":[],"product_cat":[1999],"product_tag":[],"class_list":{"0":"post-33671","1":"product","2":"type-product","3":"status-publish","4":"has-post-thumbnail","6":"product_brand-skinlite","7":"product_cat-bez-kategorijas","9":"first","10":"outofstock","11":"taxable","12":"shipping-taxable","13":"product-type-simple"},"_links":{"self":[{"href":"https:\/\/e.kosmolat.eu\/lv\/wp-json\/wp\/v2\/product\/33671","targetHints":{"allow":["GET"]}}],"collection":[{"href":"https:\/\/e.kosmolat.eu\/lv\/wp-json\/wp\/v2\/product"}],"about":[{"href":"https:\/\/e.kosmolat.eu\/lv\/wp-json\/wp\/v2\/types\/product"}],"wp:featuredmedia":[{"embeddable":true,"href":"https:\/\/e.kosmolat.eu\/lv\/wp-json\/wp\/v2\/media\/96786"}],"wp:attachment":[{"href":"https:\/\/e.kosmolat.eu\/lv\/wp-json\/wp\/v2\/media?parent=33671"}],"wp:term":[{"taxonomy":"product_cat","embeddable":true,"href":"https:\/\/e.kosmolat.eu\/lv\/wp-json\/wp\/v2\/product_cat?post=33671"},{"taxonomy":"product_tag","embeddable":true,"href":"https:\/\/e.kosmolat.eu\/lv\/wp-json\/wp\/v2\/product_tag?post=33671"}],"curies":[{"name":"wp","href":"https:\/\/api.w.org\/{rel}","templated":true}]}}