{"id":33667,"date":"2023-12-21T18:55:57","date_gmt":"2023-12-21T18:55:57","guid":{"rendered":"https:\/\/e.kosmolat.eu\/product\/skinlite-barojosa-maska-sokolade-1-gb-18-ml\/"},"modified":"2025-06-30T12:07:42","modified_gmt":"2025-06-30T12:07:42","slug":"i_skinlite-barojosa-maska-sokolade-1-gb-18-ml","status":"publish","type":"product","link":"https:\/\/e.kosmolat.eu\/lv\/product\/i_skinlite-barojosa-maska-sokolade-1-gb-18-ml\/","title":{"rendered":"I_&#8221;Skinlite&#8221; Barojo\u0161a maska &#8220;\u0160okol\u0101de&#8221;, 1 gb.\/18 ml"},"content":{"rendered":"<p>Barojo\u0161a maska \u0160OKOL\u0100DE\n<\/p>\n<p>Satur kakao e\u013c\u013cu, kolag\u0113nu, alanto\u012bnu un E vitam\u012bnu. Maskas bag\u0101t\u012bg\u0101 formula intens\u012bvi baro, pasarg\u0101 un atjaunina \u0101du.\n<\/p>\n<p>Lieto\u0161ana: Piln\u012bb\u0101 not\u012briet un no\u017e\u0101v\u0113jiet seju. Iz\u0146emiet masku no iepakojuma un attiniet. Uzman\u012bgi uzlieciet masku uz sejas, p\u0101rliecinieties, ka t\u0101 cie\u0161i piegu\u013c \u0101dai. Paturiet masku 15-20 min\u016btes. No\u0146emiet, viegli pavelkot aiz mal\u0101m.\n<\/p>\n<p>Piesardz\u012bbas pas\u0101kumi: Neizmantot masku uz boj\u0101tas, sakairin\u0101tas vai saul\u0113 apdegu\u0161as \u0101das, nelietot p\u016bt\u012b\u0161u \u0101rst\u0113\u0161anai. Neizmantot produktu, ja ir paaugstin\u0101ts jut\u012bgums pret k\u0101du no sast\u0101va komponentiem. Ja lieto\u0161anas proces\u0101 uz \u0101das par\u0101d\u0101s aps\u0101rtums vai kairin\u0101jums, p\u0101rtraukt lieto\u0161anu un v\u0113rsties pie \u0101rsta. Nepie\u013caut iek\u013c\u016b\u0161anu ac\u012bs. Ja tas ir noticis \u2013 r\u016bp\u012bgi mazg\u0101t ar \u016bdeni. Nelietot uz \u0101das, kura ir jut\u012bga pret band\u0101\u017e\u0101m, aps\u0113jiem un l\u012bm\u0113jo\u0161\u0101m mask\u0101m. Tikai \u0101r\u012bgai lieto\u0161anai! Nenor\u012bt! Glab\u0101t b\u0113rniem nepieejam\u0101 viet\u0101. Izvair\u012bties no tie\u0161ajiem saules stariem. Lai maska neiz\u017e\u016btu, izmantot to uzreiz p\u0113c atv\u0113r\u0161anas.<\/p>\n<p><\/p>\n","protected":false},"excerpt":{"rendered":"<p>Barojo\u0161a maska \u0160OKOL\u0100DE Satur kakao e\u013c\u013cu, kolag\u0113nu, alanto\u012bnu un E vitam\u012bnu. Maskas bag\u0101t\u012bg\u0101 formula intens\u012bvi baro, pasarg\u0101 un atjaunina \u0101du. Lieto\u0161ana: Piln\u012bb\u0101 not\u012briet un no\u017e\u0101v\u0113jiet seju. Iz\u0146emiet masku no iepakojuma un attiniet. Uzman\u012bgi uzlieciet masku uz sejas, p\u0101rliecinieties, ka t\u0101 cie\u0161i piegu\u013c \u0101dai. Paturiet masku 15-20 min\u016btes. No\u0146emiet, viegli pavelkot aiz mal\u0101m. Piesardz\u012bbas pas\u0101kumi: Neizmantot [&#8230;]\n","protected":false},"featured_media":7894,"template":"","meta":[],"product_cat":[1999],"product_tag":[],"class_list":{"0":"post-33667","1":"product","2":"type-product","3":"status-publish","4":"has-post-thumbnail","6":"product_brand-skinlite","7":"product_cat-bez-kategorijas","9":"first","10":"outofstock","11":"taxable","12":"shipping-taxable","13":"product-type-simple"},"_links":{"self":[{"href":"https:\/\/e.kosmolat.eu\/lv\/wp-json\/wp\/v2\/product\/33667","targetHints":{"allow":["GET"]}}],"collection":[{"href":"https:\/\/e.kosmolat.eu\/lv\/wp-json\/wp\/v2\/product"}],"about":[{"href":"https:\/\/e.kosmolat.eu\/lv\/wp-json\/wp\/v2\/types\/product"}],"wp:featuredmedia":[{"embeddable":true,"href":"https:\/\/e.kosmolat.eu\/lv\/wp-json\/wp\/v2\/media\/7894"}],"wp:attachment":[{"href":"https:\/\/e.kosmolat.eu\/lv\/wp-json\/wp\/v2\/media?parent=33667"}],"wp:term":[{"taxonomy":"product_cat","embeddable":true,"href":"https:\/\/e.kosmolat.eu\/lv\/wp-json\/wp\/v2\/product_cat?post=33667"},{"taxonomy":"product_tag","embeddable":true,"href":"https:\/\/e.kosmolat.eu\/lv\/wp-json\/wp\/v2\/product_tag?post=33667"}],"curies":[{"name":"wp","href":"https:\/\/api.w.org\/{rel}","templated":true}]}}