{"id":33659,"date":"2023-12-21T18:55:02","date_gmt":"2023-12-21T18:55:02","guid":{"rendered":"https:\/\/e.kosmolat.eu\/product\/skinlite-gela-spilventini-pret-tumsajiem-lokiem-zem-acim-saulespuke-4-gb\/"},"modified":"2025-07-07T11:53:00","modified_gmt":"2025-07-07T11:53:00","slug":"i_skinlite-gela-spilventini-pret-tumsajiem-lokiem-zem-acim-saulespuke-4-gb","status":"publish","type":"product","link":"https:\/\/e.kosmolat.eu\/lv\/product\/i_skinlite-gela-spilventini-pret-tumsajiem-lokiem-zem-acim-saulespuke-4-gb\/","title":{"rendered":"I_&#8221;Skinlite&#8221; G\u0113la spilventi\u0146i pret tum\u0161ajiem lokiem zem ac\u012bm &#8220;Saulespu\u0137e&#8221;, 4 gb."},"content":{"rendered":"<p>G\u0113la spilventi\u0146i pret tum\u0161ajiem lokiem zem ac\u012bm SAULESPU\u0136E.\n<\/p>\n<p>Mazina tum\u0161os lokus zem ac\u012bm. Satur saulespu\u0137u s\u0113klu e\u013c\u013cu un fitokolag\u0113nu. Piem\u0113roti izmanto\u0161anai uz \u0101das zem ac\u012bm. 4 g\u0113la spilventi\u0146i. Visiem \u0101das tipiem.\n<\/p>\n<p>Satur speci\u0101lu formulu, kas samazina tum\u0161os lokus zem ac\u012bm, k\u0101 ar\u012b aizkav\u0113 to veido\u0161anos. Saulespu\u0137u s\u0113klu e\u013c\u013ca, A un E vitam\u012bni veicina \u0101das balin\u0101\u0161anu un m\u012bkstin\u0101\u0161anu ap ac\u012bm, padara to tvirt\u0101ku un elast\u012bg\u0101ku. Dermatolo\u0123iski test\u0113ti. Bez arom\u0101tiskas piedevas. Hipoalerg\u0113ni. Intens\u012bvi mitrina \u0101du.\n<\/p>\n<p>Lieto\u0161ana: R\u016bp\u012bgi nomazg\u0101t un no\u017e\u0101v\u0113t seju. No\u0146emt no spilventi\u0146iem aizsargpl\u0113vi. Uzlikt spilventi\u0146us uz \u0101das zem ac\u012bm ar spo\u017eo pusi uz sejas. Tur\u0113t uz sejas 30 min\u016btes. Uzman\u012bgi no\u0146emt spilventi\u0146us, s\u0101kot ar mal\u0101m. Ja uz \u0101das ir paliku\u0161as spilventi\u0146u da\u013ci\u0146as, noskalot ar \u016bdeni.\n<\/p>\n<p>Piesardz\u012bbas pas\u0101kumi: Neizmantot produktu, ja ir paaugstin\u0101ts jut\u012bgums pret k\u0101du no sast\u0101va komponentiem. Ja lieto\u0161anas proces\u0101 uz \u0101das par\u0101d\u0101s apsarkums vai kairin\u0101jums, p\u0101rtraukt lieto\u0161anu un v\u0113rsties pie \u0101rsta. Nepie\u013caut iek\u013c\u016b\u0161anu ac\u012bs. Ja tas ir noticis \u2013 r\u016bp\u012bgi mazg\u0101t ar \u016bdeni. Nelietot uz \u0101das, kura ir jut\u012bga pret band\u0101\u017e\u0101m, aps\u0113jiem un l\u012bm\u0113jo\u0161\u0101m mask\u0101m. Tikai \u0101r\u012bgai lieto\u0161anai! Nenor\u012bt! Izvair\u012bties no tie\u0161ajiem saules stariem. Glab\u0101t b\u0113rniem nepieejam\u0101 viet\u0101.<\/p>\n<p><\/p>\n","protected":false},"excerpt":{"rendered":"<p>G\u0113la spilventi\u0146i pret tum\u0161ajiem lokiem zem ac\u012bm SAULESPU\u0136E. Mazina tum\u0161os lokus zem ac\u012bm. Satur saulespu\u0137u s\u0113klu e\u013c\u013cu un fitokolag\u0113nu. Piem\u0113roti izmanto\u0161anai uz \u0101das zem ac\u012bm. 4 g\u0113la spilventi\u0146i. Visiem \u0101das tipiem. Satur speci\u0101lu formulu, kas samazina tum\u0161os lokus zem ac\u012bm, k\u0101 ar\u012b aizkav\u0113 to veido\u0161anos. Saulespu\u0137u s\u0113klu e\u013c\u013ca, A un E vitam\u012bni veicina \u0101das balin\u0101\u0161anu [&#8230;]\n","protected":false},"featured_media":2216,"template":"","meta":[],"product_cat":[1999],"product_tag":[],"class_list":{"0":"post-33659","1":"product","2":"type-product","3":"status-publish","4":"has-post-thumbnail","6":"product_brand-skinlite","7":"product_cat-bez-kategorijas","9":"first","10":"outofstock","11":"taxable","12":"shipping-taxable","13":"product-type-simple"},"_links":{"self":[{"href":"https:\/\/e.kosmolat.eu\/lv\/wp-json\/wp\/v2\/product\/33659","targetHints":{"allow":["GET"]}}],"collection":[{"href":"https:\/\/e.kosmolat.eu\/lv\/wp-json\/wp\/v2\/product"}],"about":[{"href":"https:\/\/e.kosmolat.eu\/lv\/wp-json\/wp\/v2\/types\/product"}],"wp:featuredmedia":[{"embeddable":true,"href":"https:\/\/e.kosmolat.eu\/lv\/wp-json\/wp\/v2\/media\/2216"}],"wp:attachment":[{"href":"https:\/\/e.kosmolat.eu\/lv\/wp-json\/wp\/v2\/media?parent=33659"}],"wp:term":[{"taxonomy":"product_cat","embeddable":true,"href":"https:\/\/e.kosmolat.eu\/lv\/wp-json\/wp\/v2\/product_cat?post=33659"},{"taxonomy":"product_tag","embeddable":true,"href":"https:\/\/e.kosmolat.eu\/lv\/wp-json\/wp\/v2\/product_tag?post=33659"}],"curies":[{"name":"wp","href":"https:\/\/api.w.org\/{rel}","templated":true}]}}