{"id":33655,"date":"2023-12-21T18:54:37","date_gmt":"2023-12-21T18:54:37","guid":{"rendered":"https:\/\/e.kosmolat.eu\/product\/skinlite-gela-spilventini-pret-pietukumu-zem-acim-zensen-4-gb\/"},"modified":"2025-08-14T13:03:06","modified_gmt":"2025-08-14T13:03:06","slug":"i_skinlite-gela-spilventini-pret-pietukumu-zem-acim-zensen-4-gb","status":"publish","type":"product","link":"https:\/\/e.kosmolat.eu\/lv\/product\/i_skinlite-gela-spilventini-pret-pietukumu-zem-acim-zensen-4-gb\/","title":{"rendered":"I_&#8221;Skinlite&#8221; G\u0113la spilventi\u0146i pret piet\u016bkumu zem ac\u012bm &#8220;\u017de\u0146\u0161e\u0146&#8221;, 4 gb."},"content":{"rendered":"<p>G\u0113la spilventi\u0146i pret piet\u016bkumu zem ac\u012bm \u017dE\u0145\u0160E\u0145.\n<\/p>\n<p>Mazina piet\u016bkumu un maisi\u0146us zem ac\u012bm. Satur \u017ee\u0146\u0161e\u0146a ekstraktu un fitokolag\u0113nu. Piem\u0113roti izmanto\u0161anai uz \u0101das zem ac\u012bm. 4 g\u0113la spilventi\u0146i. Visiem \u0101das tipiem.\n<\/p>\n<p>Efekt\u012bvs l\u012bdzeklis, lai samazin\u0101tu maisi\u0146us zem ac\u012bm, atbr\u012bvotos no piet\u016bkuma un padar\u012btu \u0101du ap ac\u012bm elast\u012bg\u0101ku. \u017de\u0146\u0161e\u0146a un valriekstu ekstrakti pastiprina asins cirkul\u0101ciju, t\u0101p\u0113c tie tiek uzskat\u012bti par sp\u0113c\u012bgu pretpiet\u016bkuma l\u012bdzekli, pal\u012bdz \u0101dai tikt va\u013c\u0101 no stresa.\n<\/p>\n<p>Lieto\u0161ana: R\u016bp\u012bgi nomazg\u0101t un no\u017e\u0101v\u0113t seju. No\u0146emt no spilventi\u0146iem aizsargpl\u0113vi. Uzlikt spilventi\u0146us uz \u0101das zem ac\u012bm ar spo\u017eo pusi uz sejas. Tur\u0113t uz sejas 30 min\u016btes. Uzman\u012bgi no\u0146emt spilventi\u0146us, s\u0101kot ar mal\u0101m. Ja uz \u0101das ir paliku\u0161as spilventi\u0146u da\u013ci\u0146as, noskalot ar \u016bdeni.\u00a0<\/p>\n<h4><\/h4>\n","protected":false},"excerpt":{"rendered":"<p>G\u0113la spilventi\u0146i pret piet\u016bkumu zem ac\u012bm \u017dE\u0145\u0160E\u0145. Mazina piet\u016bkumu un maisi\u0146us zem ac\u012bm. Satur \u017ee\u0146\u0161e\u0146a ekstraktu un fitokolag\u0113nu. Piem\u0113roti izmanto\u0161anai uz \u0101das zem ac\u012bm. 4 g\u0113la spilventi\u0146i. Visiem \u0101das tipiem. Efekt\u012bvs l\u012bdzeklis, lai samazin\u0101tu maisi\u0146us zem ac\u012bm, atbr\u012bvotos no piet\u016bkuma un padar\u012btu \u0101du ap ac\u012bm elast\u012bg\u0101ku. \u017de\u0146\u0161e\u0146a un valriekstu ekstrakti pastiprina asins cirkul\u0101ciju, t\u0101p\u0113c tie [&#8230;]\n","protected":false},"featured_media":28736,"template":"","meta":[],"product_cat":[1369],"product_tag":[],"class_list":{"0":"post-33655","1":"product","2":"type-product","3":"status-publish","4":"has-post-thumbnail","6":"product_brand-skinlite","7":"product_cat-veido-kaukes","9":"first","10":"outofstock","11":"taxable","12":"shipping-taxable","13":"product-type-simple"},"_links":{"self":[{"href":"https:\/\/e.kosmolat.eu\/lv\/wp-json\/wp\/v2\/product\/33655","targetHints":{"allow":["GET"]}}],"collection":[{"href":"https:\/\/e.kosmolat.eu\/lv\/wp-json\/wp\/v2\/product"}],"about":[{"href":"https:\/\/e.kosmolat.eu\/lv\/wp-json\/wp\/v2\/types\/product"}],"wp:featuredmedia":[{"embeddable":true,"href":"https:\/\/e.kosmolat.eu\/lv\/wp-json\/wp\/v2\/media\/28736"}],"wp:attachment":[{"href":"https:\/\/e.kosmolat.eu\/lv\/wp-json\/wp\/v2\/media?parent=33655"}],"wp:term":[{"taxonomy":"product_cat","embeddable":true,"href":"https:\/\/e.kosmolat.eu\/lv\/wp-json\/wp\/v2\/product_cat?post=33655"},{"taxonomy":"product_tag","embeddable":true,"href":"https:\/\/e.kosmolat.eu\/lv\/wp-json\/wp\/v2\/product_tag?post=33655"}],"curies":[{"name":"wp","href":"https:\/\/api.w.org\/{rel}","templated":true}]}}