{"id":33631,"date":"2023-12-21T18:51:52","date_gmt":"2023-12-21T18:51:52","guid":{"rendered":"https:\/\/e.kosmolat.eu\/product\/sunday-automats-universals-velas-pulveris-400-g\/"},"modified":"2025-09-11T09:17:12","modified_gmt":"2025-09-11T09:17:12","slug":"sunday-automats-universals-velas-pulveris-400-g","status":"publish","type":"product","link":"https:\/\/e.kosmolat.eu\/lv\/product\/sunday-automats-universals-velas-pulveris-400-g\/","title":{"rendered":"Sunday Autom\u0101ts Univers\u0101ls ve\u013cas pulveris, 400 g"},"content":{"rendered":"<p>Sint\u0113tisks pulverveid\u012bgs mazg\u0101&scaron;anas l\u012bdzeklis, kr\u0101sainai ve\u013cai. Paredz\u0113ts visu veidu audumu (iz\u0146emot vilnu un z\u012bdu) mazg\u0101&scaron;anai visu tipu ve\u013cas ma&scaron;\u012bn\u0101s un mazg\u0101&scaron;anai ar rok\u0101m.<\/p>\n<p><strong>Lieto&scaron;ana:&nbsp;<\/strong><\/p>\n<ul>\n<li>Mazg\u0101jot ve\u013cas ma&scaron;\u012bn\u0101 (uz 4-5 kg) vid\u0113ji net\u012brai ve\u013cai m\u012bkst\u0101\/vid\u0113ji ciet\u0101 \u016bden\u012b (&gt;20&deg; dH) pievienot 140 ml\/100 g, ciet\u0101 (&lt;20&deg; dH) &ndash; 175 ml\/125 g. \u013boti net\u012brai ve\u013cai m\u012bkst\u0101\/vid\u0113ji ciet\u0101 \u016bden\u012b pievienot 205 ml\/145 g + 60 ml\/43 g, ciet\u0101 &ndash; 240 ml\/170 g + 60 ml\/43 g.&nbsp;<\/li>\n<li>Mazg\u0101jot ar rok\u0101m (uz 10 l \u016bdens) vid\u0113ji net\u012brai ve\u013cai pievienot 70 ml\/50 g, \u013coti net\u012brai ve\u013cai &ndash; 105 ml\/75 g l\u012bdzek\u013ca.<\/li>\n<\/ul>\n<p><strong>Piesardz\u012bbas pas\u0101kumi: <\/strong>Paaugstin\u0101tas jut\u012bbas un \u0101das boj\u0101jumu gad\u012bjum\u0101 izvair\u012bties no ilgsto&scaron;as saskares ar jebk\u0101diem mazg\u0101&scaron;anas l\u012bdzek\u013ciem.<br \/>\nNeuzglab\u0101t p\u0101rtikas produktu tuvum\u0101. Uzglab\u0101t temperat\u016br\u0101 l\u012bdz +35 &deg;C un relat\u012bvaj\u0101 gaisa mitrum\u0101 l\u012bdz 95%, sarg\u0101jot no tie&scaron;iem saules stariem. L\u012bdzeklis j\u0101uzglab\u0101 tikai ra\u017eot\u0101ja iepakojum\u0101, iev\u0113rojot visas noteikt\u0101s uzglab\u0101&scaron;anas pras\u012bbas.&nbsp;<\/p>\n<p><strong>Sast\u0101v\u0101:<\/strong> 5 % un vair\u0101k, bet maz\u0101k nek\u0101 15 % anjonu virsmakt\u012bvaj\u0101s viel\u0101s, maz\u0101k par 5 % polikarboksil\u0101ti, maz\u0101k par 5 % nejonu virsmakt\u012bvaj\u0101s viel\u0101s. Smar\u017eas un arom\u0101tisk\u0101s kompoz\u012bcijas\/ Limonene.<\/p>\n<p><strong><img decoding=\"async\" alt=\"\" src=\"file:\/\/\/C:\/Users\/masha\/Desktop\/GHS07.png\" style=\"height:40px; width:40px\" \/>GHS07&nbsp;Uzman\u012bbu<\/strong><br \/>\nH315 Kairina \u0101du<br \/>\nH319 Izraisa nopietnu acu kairin\u0101jumu.<br \/>\nP102 Sarg\u0101t no b\u0113rniem.<br \/>\nP264 P\u0113c izmanto&scaron;anas rokas k\u0101rt\u012bgi nomazg\u0101t.<br \/>\nP280 Izmantot aizsargcimdus\/aizsargdr\u0113bes\/acu aizsargus\/sejas aizsargus.<\/p>\n<p>P305+P351+P338 SASKAR\u0112 AR AC\u012aM: Uzman\u012bgi izskalot ar \u016bdeni vair\u0101kas min\u016btes. Iz\u0146emt kontaktl\u0113cas, ja t\u0101s ir ievietotas un ja to var vienk\u0101r&scaron;i izdar\u012bt. Turpin\u0101t skalot.<br \/>\nP337+P313 Ja acu iekaisums nep\u0101riet: l\u016bdziet medi\u0137u pal\u012bdz\u012bbu<br \/>\nP302+P352 SASKAR\u0112 AR \u0100DU: nomazg\u0101t ar lielu ziepju un \u016bdens daudzumu. &nbsp;&nbsp;<br \/>\nP332+P313 Ja rodas \u0101das iekaisums: l\u016bdziet medi\u0137u pal\u012bdz\u012bbu.<br \/>\nP321 \u012apa&scaron;a medic\u012bnisk\u0101 pal\u012bdz\u012bba (skat. uz &scaron;\u012bs eti\u0137etes).<br \/>\n&nbsp;<\/p>\n","protected":false},"excerpt":{"rendered":"<p>Sint\u0113tisks pulverveid\u012bgs mazg\u0101&scaron;anas l\u012bdzeklis, kr\u0101sainai ve\u013cai. Paredz\u0113ts visu veidu audumu (iz\u0146emot vilnu un z\u012bdu) mazg\u0101&scaron;anai visu tipu ve\u013cas ma&scaron;\u012bn\u0101s un mazg\u0101&scaron;anai ar rok\u0101m. Lieto&scaron;ana:&nbsp; Mazg\u0101jot ve\u013cas ma&scaron;\u012bn\u0101 (uz 4-5 kg) vid\u0113ji net\u012brai ve\u013cai m\u012bkst\u0101\/vid\u0113ji ciet\u0101 \u016bden\u012b (&gt;20&deg; dH) pievienot 140 ml\/100 g, ciet\u0101 (&lt;20&deg; dH) &ndash; 175 ml\/125 g. \u013boti net\u012brai ve\u013cai m\u012bkst\u0101\/vid\u0113ji ciet\u0101 \u016bden\u012b [&#8230;]\n","protected":false},"featured_media":0,"template":"","meta":[],"product_cat":[1484],"product_tag":[],"class_list":{"0":"post-33631","1":"product","2":"type-product","3":"status-publish","5":"product_brand-sontsa-by","6":"product_cat-1484","8":"first","9":"outofstock","10":"taxable","11":"shipping-taxable","12":"product-type-simple"},"_links":{"self":[{"href":"https:\/\/e.kosmolat.eu\/lv\/wp-json\/wp\/v2\/product\/33631","targetHints":{"allow":["GET"]}}],"collection":[{"href":"https:\/\/e.kosmolat.eu\/lv\/wp-json\/wp\/v2\/product"}],"about":[{"href":"https:\/\/e.kosmolat.eu\/lv\/wp-json\/wp\/v2\/types\/product"}],"wp:attachment":[{"href":"https:\/\/e.kosmolat.eu\/lv\/wp-json\/wp\/v2\/media?parent=33631"}],"wp:term":[{"taxonomy":"product_cat","embeddable":true,"href":"https:\/\/e.kosmolat.eu\/lv\/wp-json\/wp\/v2\/product_cat?post=33631"},{"taxonomy":"product_tag","embeddable":true,"href":"https:\/\/e.kosmolat.eu\/lv\/wp-json\/wp\/v2\/product_tag?post=33631"}],"curies":[{"name":"wp","href":"https:\/\/api.w.org\/{rel}","templated":true}]}}