{"id":33623,"date":"2023-12-21T18:51:05","date_gmt":"2023-12-21T18:51:05","guid":{"rendered":"https:\/\/e.kosmolat.eu\/product\/ptsalon-matu-laka-loti-stipra-fiksacija-un-mirdzums-265-ml\/"},"modified":"2026-04-01T07:07:04","modified_gmt":"2026-04-01T07:07:04","slug":"ptsalon-matu-laka-loti-stipra-fiksacija-un-mirdzums-265-ml","status":"publish","type":"product","link":"https:\/\/e.kosmolat.eu\/lv\/product\/ptsalon-matu-laka-loti-stipra-fiksacija-un-mirdzums-265-ml\/","title":{"rendered":"&#8220;PTSalon&#8221; Matu laka &#8220;\u013boti stipra fiks\u0101cija un mirdzums&#8221;, 265 ml"},"content":{"rendered":"<p><strong>Lieto&scaron;ana: <\/strong>viegli un vienm\u0113r\u012bgi izsmidzin\u0101t uz matiem no 30 cm att\u0101luma, izvairoties no saskares ar ac\u012bm.&nbsp;<\/p>\n<p><strong>Piesardz\u012bbas pas\u0101kumi:<\/strong> izvair\u012bties no kontakta ar pul\u0113t\u0101m virsm\u0101m.&nbsp;<\/p>\n<p><strong>B\u012bstami!<\/strong> \u012apa&scaron;i viegli uzliesmojo&scaron;s aerosols. Tvertne zem spiediena: karstum\u0101 var eksplod\u0113t. Sarg\u0101t no karstuma, karst\u0101m virsm\u0101m, dzirkstel\u0113m, atkl\u0101tas uguns un citiem aizdeg&scaron;an\u0101s avotiem. Nesm\u0113\u0137\u0113t. Neizsmidzin\u0101t uz atkl\u0101tas uguns vai citiem aizdeg&scaron;an\u0101s avotiem. Nedurt vai nededzin\u0101t, ar\u012b p\u0113c izlieto&scaron;anas. Aizsarg\u0101t no saules gaismas. Nepak\u013caut temperat\u016brai, kas p\u0101rsniedz 50 &ordm;C\/122 &ordm;F. Sarg\u0101t no b\u0113rniem.<\/p>\n","protected":false},"excerpt":{"rendered":"<p>Lieto&scaron;ana: viegli un vienm\u0113r\u012bgi izsmidzin\u0101t uz matiem no 30 cm att\u0101luma, izvairoties no saskares ar ac\u012bm.&nbsp; Piesardz\u012bbas pas\u0101kumi: izvair\u012bties no kontakta ar pul\u0113t\u0101m virsm\u0101m.&nbsp; B\u012bstami! \u012apa&scaron;i viegli uzliesmojo&scaron;s aerosols. Tvertne zem spiediena: karstum\u0101 var eksplod\u0113t. Sarg\u0101t no karstuma, karst\u0101m virsm\u0101m, dzirkstel\u0113m, atkl\u0101tas uguns un citiem aizdeg&scaron;an\u0101s avotiem. Nesm\u0113\u0137\u0113t. Neizsmidzin\u0101t uz atkl\u0101tas uguns vai citiem aizdeg&scaron;an\u0101s [&#8230;]\n","protected":false},"featured_media":96782,"template":"","meta":[],"product_cat":[1644],"product_tag":[],"class_list":{"0":"post-33623","1":"product","2":"type-product","3":"status-publish","4":"has-post-thumbnail","6":"product_brand-statestrong_gb","7":"product_cat-lakas","9":"first","10":"outofstock","11":"taxable","12":"shipping-taxable","13":"product-type-simple"},"_links":{"self":[{"href":"https:\/\/e.kosmolat.eu\/lv\/wp-json\/wp\/v2\/product\/33623","targetHints":{"allow":["GET"]}}],"collection":[{"href":"https:\/\/e.kosmolat.eu\/lv\/wp-json\/wp\/v2\/product"}],"about":[{"href":"https:\/\/e.kosmolat.eu\/lv\/wp-json\/wp\/v2\/types\/product"}],"wp:featuredmedia":[{"embeddable":true,"href":"https:\/\/e.kosmolat.eu\/lv\/wp-json\/wp\/v2\/media\/96782"}],"wp:attachment":[{"href":"https:\/\/e.kosmolat.eu\/lv\/wp-json\/wp\/v2\/media?parent=33623"}],"wp:term":[{"taxonomy":"product_cat","embeddable":true,"href":"https:\/\/e.kosmolat.eu\/lv\/wp-json\/wp\/v2\/product_cat?post=33623"},{"taxonomy":"product_tag","embeddable":true,"href":"https:\/\/e.kosmolat.eu\/lv\/wp-json\/wp\/v2\/product_tag?post=33623"}],"curies":[{"name":"wp","href":"https:\/\/api.w.org\/{rel}","templated":true}]}}