{"id":33611,"date":"2023-12-21T18:49:59","date_gmt":"2023-12-21T18:49:59","guid":{"rendered":"https:\/\/e.kosmolat.eu\/product\/sportstar-skusanas-putas-jutigai-adai-viriesiem-200ml\/"},"modified":"2026-04-23T09:00:45","modified_gmt":"2026-04-23T09:00:45","slug":"i_sportstar-skusanas-putas-jutigai-adai-viriesiem-200ml","status":"publish","type":"product","link":"https:\/\/e.kosmolat.eu\/lv\/product\/i_sportstar-skusanas-putas-jutigai-adai-viriesiem-200ml\/","title":{"rendered":"I_&#8221;Sportstar&#8221; Sk\u016b\u0161an\u0101s putas j\u016btigai \u0101dai v\u012brie\u0161iem, 200ml"},"content":{"rendered":"<p>Jut\u012bgai \u0101dai. Satur alvejas ekstraktu un glicer\u012bnu komfortablai un gludai sk\u016b&scaron;anai, vienlaic\u012bgi mitrinot \u0101du.<\/p>\n<p><strong>Lieto&scaron;ana:<\/strong> k\u0101rt\u012bgi sakratiet pudeli. Izspiediet sk\u016b&scaron;an\u0101s putas plaukst\u0101. Ar viegl\u0101m kust\u012bb\u0101m uzkl\u0101jiet uz mitras \u0101das. P\u0113c sk\u016b&scaron;an\u0101s r\u016bp\u012bgi nomazg\u0101jiet \u0101du.<\/p>\n<p><strong>B\u012bstami:<\/strong> \u012apa&scaron;i viegli uzliesmojo&scaron;s aerosols. Tvertne zem spiediena: karstum\u0101 var eksplod\u0113t. Sarg\u0101t no karstuma, karst\u0101m virsm\u0101m, dzirkstel\u0113m, atkl\u0101tas uguns un citiem aizdeg&scaron;an\u0101s avotiem. Nesm\u0113\u0137\u0113t. Neizsmidzin\u0101t uz atkl\u0101tas uguns vai citiem aizdeg&scaron;an\u0101s avotiem. Nedurt vai nededzin\u0101t, ar\u012b p\u0113c izlieto&scaron;anas. Aizsarg\u0101t no saules gaismas. Nepak\u013caut temperat\u016brai, kas p\u0101rsniedz 50 &ordm;C\/122 &ordm;F. Sarg\u0101t no b\u0113rniem.<\/p>\n","protected":false},"excerpt":{"rendered":"<p>Jut\u012bgai \u0101dai. Satur alvejas ekstraktu un glicer\u012bnu komfortablai un gludai sk\u016b&scaron;anai, vienlaic\u012bgi mitrinot \u0101du. Lieto&scaron;ana: k\u0101rt\u012bgi sakratiet pudeli. Izspiediet sk\u016b&scaron;an\u0101s putas plaukst\u0101. Ar viegl\u0101m kust\u012bb\u0101m uzkl\u0101jiet uz mitras \u0101das. P\u0113c sk\u016b&scaron;an\u0101s r\u016bp\u012bgi nomazg\u0101jiet \u0101du. B\u012bstami: \u012apa&scaron;i viegli uzliesmojo&scaron;s aerosols. Tvertne zem spiediena: karstum\u0101 var eksplod\u0113t. Sarg\u0101t no karstuma, karst\u0101m virsm\u0101m, dzirkstel\u0113m, atkl\u0101tas uguns un citiem [&#8230;]\n","protected":false},"featured_media":96778,"template":"","meta":[],"product_cat":[1680],"product_tag":[],"class_list":{"0":"post-33611","1":"product","2":"type-product","3":"status-publish","4":"has-post-thumbnail","6":"product_brand-statestrong_gb","7":"product_cat-skusanas-kosmetika","9":"first","10":"instock","11":"taxable","12":"shipping-taxable","13":"product-type-simple"},"_links":{"self":[{"href":"https:\/\/e.kosmolat.eu\/lv\/wp-json\/wp\/v2\/product\/33611","targetHints":{"allow":["GET"]}}],"collection":[{"href":"https:\/\/e.kosmolat.eu\/lv\/wp-json\/wp\/v2\/product"}],"about":[{"href":"https:\/\/e.kosmolat.eu\/lv\/wp-json\/wp\/v2\/types\/product"}],"wp:featuredmedia":[{"embeddable":true,"href":"https:\/\/e.kosmolat.eu\/lv\/wp-json\/wp\/v2\/media\/96778"}],"wp:attachment":[{"href":"https:\/\/e.kosmolat.eu\/lv\/wp-json\/wp\/v2\/media?parent=33611"}],"wp:term":[{"taxonomy":"product_cat","embeddable":true,"href":"https:\/\/e.kosmolat.eu\/lv\/wp-json\/wp\/v2\/product_cat?post=33611"},{"taxonomy":"product_tag","embeddable":true,"href":"https:\/\/e.kosmolat.eu\/lv\/wp-json\/wp\/v2\/product_tag?post=33611"}],"curies":[{"name":"wp","href":"https:\/\/api.w.org\/{rel}","templated":true}]}}