{"id":33607,"date":"2023-12-21T18:49:41","date_gmt":"2023-12-21T18:49:41","guid":{"rendered":"https:\/\/e.kosmolat.eu\/product\/sportstar-dezodorants-sprejs-kermenim-ice-blue-viriesiem-150-ml\/"},"modified":"2025-09-10T12:32:10","modified_gmt":"2025-09-10T12:32:10","slug":"i_sportstar-dezodorants-sprejs-kermenim-ice-blue-viriesiem-150-ml","status":"publish","type":"product","link":"https:\/\/e.kosmolat.eu\/lv\/product\/i_sportstar-dezodorants-sprejs-kermenim-ice-blue-viriesiem-150-ml\/","title":{"rendered":"I_&#8221;Sportstar&#8221; Dezodorants-sprejs \u0137ermenim &#8220;Ice Blue&#8221; v\u012brie\u0161iem, 150 ml"},"content":{"rendered":"<p><strong>Lieto&scaron;ana: <\/strong>izsmidzin\u0101t uz \u0137erme\u0146a \u0101das no 15 cm att\u0101luma.<\/p>\n<p><strong>Piesardz\u012bbas pas\u0101kumi: <\/strong>neizsmidzin\u0101t ac\u012bs, uz kairin\u0101tas vai boj\u0101tas \u0101das.&nbsp;<\/p>\n<p>B\u012bstami: \u012apa&scaron;i viegli uzliesmojo&scaron;s aerosols. Tvertne zem spiediena: karstum\u0101 var eksplod\u0113t. Sarg\u0101t no karstuma, karst\u0101m virsm\u0101m, dzirkstel\u0113m, atkl\u0101tas uguns un citiem aizdeg&scaron;an\u0101s avotiem. Nesm\u0113\u0137\u0113t. Neizsmidzin\u0101t uz atkl\u0101tas uguns vai citiem aizdeg&scaron;an\u0101s avotiem. Nedurt vai nededzin\u0101t, ar\u012b p\u0113c izlieto&scaron;anas. Aizsarg\u0101t no saules gaismas. Nepak\u013caut temperat\u016brai, kas p\u0101rsniedz 50 &ordm;C\/122 &ordm;F. Sarg\u0101t no b\u0113rniem.<\/p>\n","protected":false},"excerpt":{"rendered":"<p>Lieto&scaron;ana: izsmidzin\u0101t uz \u0137erme\u0146a \u0101das no 15 cm att\u0101luma. Piesardz\u012bbas pas\u0101kumi: neizsmidzin\u0101t ac\u012bs, uz kairin\u0101tas vai boj\u0101tas \u0101das.&nbsp; B\u012bstami: \u012apa&scaron;i viegli uzliesmojo&scaron;s aerosols. Tvertne zem spiediena: karstum\u0101 var eksplod\u0113t. Sarg\u0101t no karstuma, karst\u0101m virsm\u0101m, dzirkstel\u0113m, atkl\u0101tas uguns un citiem aizdeg&scaron;an\u0101s avotiem. Nesm\u0113\u0137\u0113t. Neizsmidzin\u0101t uz atkl\u0101tas uguns vai citiem aizdeg&scaron;an\u0101s avotiem. Nedurt vai nededzin\u0101t, ar\u012b p\u0113c [&#8230;]\n","protected":false},"featured_media":0,"template":"","meta":[],"product_cat":[1450],"product_tag":[],"class_list":{"0":"post-33607","1":"product","2":"type-product","3":"status-publish","5":"product_brand-statestrong_gb","6":"product_cat-dezodorantai-vyrams","8":"first","9":"outofstock","10":"taxable","11":"shipping-taxable","12":"product-type-simple"},"_links":{"self":[{"href":"https:\/\/e.kosmolat.eu\/lv\/wp-json\/wp\/v2\/product\/33607","targetHints":{"allow":["GET"]}}],"collection":[{"href":"https:\/\/e.kosmolat.eu\/lv\/wp-json\/wp\/v2\/product"}],"about":[{"href":"https:\/\/e.kosmolat.eu\/lv\/wp-json\/wp\/v2\/types\/product"}],"wp:attachment":[{"href":"https:\/\/e.kosmolat.eu\/lv\/wp-json\/wp\/v2\/media?parent=33607"}],"wp:term":[{"taxonomy":"product_cat","embeddable":true,"href":"https:\/\/e.kosmolat.eu\/lv\/wp-json\/wp\/v2\/product_cat?post=33607"},{"taxonomy":"product_tag","embeddable":true,"href":"https:\/\/e.kosmolat.eu\/lv\/wp-json\/wp\/v2\/product_tag?post=33607"}],"curies":[{"name":"wp","href":"https:\/\/api.w.org\/{rel}","templated":true}]}}