{"id":33587,"date":"2023-12-21T18:48:04","date_gmt":"2023-12-21T18:48:04","guid":{"rendered":"https:\/\/e.kosmolat.eu\/product\/i_dorco-shai-mainas-kasetes-skuveklim-sweetie-33-6-gb\/"},"modified":"2026-04-01T04:44:28","modified_gmt":"2026-04-01T04:44:28","slug":"i_dorco-shai-mainas-kasetes-skuveklim-sweetie-33-6-gb","status":"publish","type":"product","link":"https:\/\/e.kosmolat.eu\/lv\/product\/i_dorco-shai-mainas-kasetes-skuveklim-sweetie-33-6-gb\/","title":{"rendered":"I_&#8221;Dorco Shai&#8221; Mai\u0146as kasetes skuveklim\u00a0&#8220;Sweetie 3+3&#8221;, 6 gb."},"content":{"rendered":"<p>Dubultkasetne, 6 asme\u0146i. Nodro\u0161ina akomfortu sk\u016b\u0161anu. <\/p>\n<p>BR\u012aDIN\u0100JUMS: Glab\u0101t b\u0113rniem nepieejam\u0101 viet\u0101! T\u012brot, izvairieties no pieskar\u0161an\u0101s asme\u0146iem. Uzglab\u0101t saus\u0101 viet\u0101.<\/p>\n","protected":false},"excerpt":{"rendered":"<p>Dubultkasetne, 6 asme\u0146i. Nodro\u0161ina akomfortu sk\u016b\u0161anu. BR\u012aDIN\u0100JUMS: Glab\u0101t b\u0113rniem nepieejam\u0101 viet\u0101! T\u012brot, izvairieties no pieskar\u0161an\u0101s asme\u0146iem. Uzglab\u0101t saus\u0101 viet\u0101.<\/p>\n","protected":false},"featured_media":96766,"template":"","meta":[],"product_cat":[1624],"product_tag":[],"class_list":{"0":"post-33587","1":"product","2":"type-product","3":"status-publish","4":"has-post-thumbnail","6":"product_brand-dorco_pl","7":"product_cat-depiliacijos-priemones","9":"first","10":"instock","11":"taxable","12":"shipping-taxable","13":"product-type-simple"},"_links":{"self":[{"href":"https:\/\/e.kosmolat.eu\/lv\/wp-json\/wp\/v2\/product\/33587","targetHints":{"allow":["GET"]}}],"collection":[{"href":"https:\/\/e.kosmolat.eu\/lv\/wp-json\/wp\/v2\/product"}],"about":[{"href":"https:\/\/e.kosmolat.eu\/lv\/wp-json\/wp\/v2\/types\/product"}],"wp:featuredmedia":[{"embeddable":true,"href":"https:\/\/e.kosmolat.eu\/lv\/wp-json\/wp\/v2\/media\/96766"}],"wp:attachment":[{"href":"https:\/\/e.kosmolat.eu\/lv\/wp-json\/wp\/v2\/media?parent=33587"}],"wp:term":[{"taxonomy":"product_cat","embeddable":true,"href":"https:\/\/e.kosmolat.eu\/lv\/wp-json\/wp\/v2\/product_cat?post=33587"},{"taxonomy":"product_tag","embeddable":true,"href":"https:\/\/e.kosmolat.eu\/lv\/wp-json\/wp\/v2\/product_tag?post=33587"}],"curies":[{"name":"wp","href":"https:\/\/api.w.org\/{rel}","templated":true}]}}