{"id":33579,"date":"2023-12-21T18:47:18","date_gmt":"2023-12-21T18:47:18","guid":{"rendered":"https:\/\/e.kosmolat.eu\/product\/eteriska-ella-rozkoks-10-ml\/"},"modified":"2025-04-01T20:37:12","modified_gmt":"2025-04-01T20:37:12","slug":"eteriska-ella-rozkoks-10-ml","status":"publish","type":"product","link":"https:\/\/e.kosmolat.eu\/lv\/product\/eteriska-ella-rozkoks-10-ml\/","title":{"rendered":"\u0112terisk\u0101 e\u013c\u013ca &#8220;Ro\u017ekoks&#8221;, 10 ml"},"content":{"rendered":"<p><strong>Lieto&scaron;anas veidi:<\/strong> gaisa aromatiz\u0113&scaron;anai, mas\u0101\u017e\u0101s kop\u0101 ar b\u0101zes e\u013c\u013c\u0101m, pievieno&scaron;anai vannas \u016bdenim.<\/p>\n<p><strong>Lieto&scaron;ana:<\/strong><\/p>\n<p>&bull; &nbsp; &nbsp;Vanno&scaron;an\u0101s proced\u016br\u0101s: pievienot 4-7 pilienus \u0113terisk\u0101s e\u013c\u013cas vann\u0101 ar 37-40 &deg;C \u016bdeni. Proced\u016bras ilgums: 15-30 min.<br \/>\n&bull; &nbsp; &nbsp;Mas\u0101\u017eas proced\u016br\u0101s: 10 \u0113terisk\u0101s e\u013c\u013cas pilienus sajaukt ar 1-2 \u0113damkarot\u0113m mas\u0101\u017eas e\u013c\u013cas.<br \/>\n&bull; &nbsp; &nbsp;3-6 pilienus \u0113terisk\u0101s e\u013c\u013cas pievienot aromalampas \u016bdenim (uz 15 m2 telpas gaisa).&nbsp;<\/p>\n<p>Uzglab\u0101t temperat\u016br\u0101 no +5 l\u012bdz +25 &deg;C. P\u0113c atv\u0113r&scaron;anas izlietot 12 m\u0113n. laik\u0101.<\/p>\n<p><strong>Der\u012bguma termi\u0146&scaron;: <\/strong>36 m\u0113ne&scaron;i.<\/p>\n<p>&nbsp;<\/p>\n<p><strong><img decoding=\"async\" alt=\"\" src=\"https:\/\/www.reach-compliance.ch\/images\/flamme1cols3.jpg\" style=\"height:40px; width:40px\" \/>GHS02; &nbsp;<img decoding=\"async\" alt=\"\" src=\"https:\/\/www.reach-compliance.ch\/images\/pollut1cols3.jpg\" style=\"height:40px; width:40px\" \/>GHS09; &nbsp;<img decoding=\"async\" alt=\"\" src=\"https:\/\/www.reach-compliance.ch\/images\/exclam1cols3.jpg\" style=\"height:40px; width:40px\" \/>GHS07; &nbsp;<img decoding=\"async\" alt=\"\" src=\"https:\/\/www.reach-compliance.ch\/images\/silhouet1cols3.jpg\" style=\"height:40px; width:40px\" \/>GHS08 &nbsp;<\/strong><\/p>\n<p><strong>B\u012bstami<\/strong><br \/>\nH226 Uzliesmojo&scaron;s &scaron;\u0137idrums un tvaiki.<br \/>\nH304 Var izrais\u012bt n\u0101vi, ja norij vai iek\u013c\u016bst elpce\u013cos.<br \/>\nH315 Kairina \u0101du<br \/>\nH317 Var izrais\u012bt aler\u0123isku \u0101das reakciju.<br \/>\nH319 Izraisa nopietnu acu kairin\u0101jumu.<br \/>\nH411 Toksisks \u016bdens organismiem ar ilgsto&scaron;\u0101m sek\u0101m.<\/p>\n<p>Dro&scaron;\u012bbas pras\u012bbu apz\u012bm\u0113jumi:<br \/>\nP102 Sarg\u0101t no b\u0113rniem.<br \/>\nP210 Sarg\u0101t no karstuma, karst\u0101m virsm\u0101m, dzirkstel\u0113m, atkl\u0101tas uguns un citiem aizdeg&scaron;an\u0101s avotiem. Nesm\u0113\u0137\u0113t.<br \/>\nP273 Izvair\u012bties no izplat\u012b&scaron;anas apk\u0101rt\u0113j\u0101 vid\u0113.<br \/>\nP301+P310 Nor\u012b&scaron;anas gad\u012bjum\u0101: Nekav\u0113joties sazinieties ar saind\u0113&scaron;an\u0101s inform\u0101cijas centru\/\u0101rstu.<br \/>\nP302+P352 Saskar\u0113<\/p>\n","protected":false},"excerpt":{"rendered":"<p>Lieto&scaron;anas veidi: gaisa aromatiz\u0113&scaron;anai, mas\u0101\u017e\u0101s kop\u0101 ar b\u0101zes e\u013c\u013c\u0101m, pievieno&scaron;anai vannas \u016bdenim. Lieto&scaron;ana: &bull; &nbsp; &nbsp;Vanno&scaron;an\u0101s proced\u016br\u0101s: pievienot 4-7 pilienus \u0113terisk\u0101s e\u013c\u013cas vann\u0101 ar 37-40 &deg;C \u016bdeni. Proced\u016bras ilgums: 15-30 min. &bull; &nbsp; &nbsp;Mas\u0101\u017eas proced\u016br\u0101s: 10 \u0113terisk\u0101s e\u013c\u013cas pilienus sajaukt ar 1-2 \u0113damkarot\u0113m mas\u0101\u017eas e\u013c\u013cas. &bull; &nbsp; &nbsp;3-6 pilienus \u0113terisk\u0101s e\u013c\u013cas pievienot aromalampas \u016bdenim (uz [&#8230;]\n","protected":false},"featured_media":2012,"template":"","meta":[],"product_cat":[1619],"product_tag":[],"class_list":{"0":"post-33579","1":"product","2":"type-product","3":"status-publish","4":"has-post-thumbnail","6":"product_brand-malina-akcija","7":"product_cat-ellas","9":"first","10":"outofstock","11":"taxable","12":"shipping-taxable","13":"product-type-simple"},"_links":{"self":[{"href":"https:\/\/e.kosmolat.eu\/lv\/wp-json\/wp\/v2\/product\/33579","targetHints":{"allow":["GET"]}}],"collection":[{"href":"https:\/\/e.kosmolat.eu\/lv\/wp-json\/wp\/v2\/product"}],"about":[{"href":"https:\/\/e.kosmolat.eu\/lv\/wp-json\/wp\/v2\/types\/product"}],"wp:featuredmedia":[{"embeddable":true,"href":"https:\/\/e.kosmolat.eu\/lv\/wp-json\/wp\/v2\/media\/2012"}],"wp:attachment":[{"href":"https:\/\/e.kosmolat.eu\/lv\/wp-json\/wp\/v2\/media?parent=33579"}],"wp:term":[{"taxonomy":"product_cat","embeddable":true,"href":"https:\/\/e.kosmolat.eu\/lv\/wp-json\/wp\/v2\/product_cat?post=33579"},{"taxonomy":"product_tag","embeddable":true,"href":"https:\/\/e.kosmolat.eu\/lv\/wp-json\/wp\/v2\/product_tag?post=33579"}],"curies":[{"name":"wp","href":"https:\/\/api.w.org\/{rel}","templated":true}]}}