{"id":33559,"date":"2023-12-21T18:45:12","date_gmt":"2023-12-21T18:45:12","guid":{"rendered":"https:\/\/e.kosmolat.eu\/product\/masazas-ella-anticelulita-150-ml\/"},"modified":"2025-07-29T05:03:50","modified_gmt":"2025-07-29T05:03:50","slug":"masazas-ella-anticelulita-150-ml","status":"publish","type":"product","link":"https:\/\/e.kosmolat.eu\/lv\/product\/masazas-ella-anticelulita-150-ml\/","title":{"rendered":"Mas\u0101\u017eas e\u013c\u013ca, anticelul\u012bta, 150 ml"},"content":{"rendered":"<p>Pretcelul\u012bta mas\u0101\u017eas e\u013c\u013ca &ldquo;Mirolla&rdquo; uz j\u016bras a\u013c\u0123u pamata (lamin\u0101rija un fukuss) aktiviz\u0113 apmai\u0146as procesus \u0161\u016bn\u0101s, uzlabo metabolismu un veicina mikroreljefa izl\u012bdzin\u0101\u0161anu. \u0100da ieg\u016bst tvirtumu un elast\u012bbu, izskat\u0101s pievilkta. Kvie\u0161u d\u012bgu e\u013c\u013ca, rozmar\u012bna e\u013c\u013ca un E vitam\u012bni, kas ir sast\u0101v\u0101, paaugstina \u0101das tonusu, nov\u0113r\u0161ot to priek\u0161laic\u012bgu noveco\u0161an\u0101s. Lieto\u0161ana: nelielu e\u013c\u013cas daudzumu uzkl\u0101t uz \u0101das mas\u0101\u017eas kust\u012bb\u0101m. Var lietot k\u0101 \u0137erme\u0146a \u0101das kop\u0161anas l\u012bdzekli p\u0113c vannas vai du\u0161as. Piesardz\u012bbas pas\u0101kumi: izvair\u012bties no iek\u013c\u016b\u0161anas ac\u012bs. Ja iek\u013c\u016bst ac\u012bs, r\u016bp\u012bgi noskalot ar lielu silt\u0101 \u016bdens daudzumu. Tikai \u0101r\u012bgai lieto\u0161anai. Uzman\u012bbu: ir iesp\u0113jama individu\u0101l\u0101 sast\u0101vda\u013cu nepanesam\u012bba. Uzglab\u0101\u0161anas noteikumi: uzglab\u0101t temperat\u016br\u0101 no +5&deg;C l\u012bdz +25&deg;C b\u0113rniem nepieejam\u0101 viet\u0101. Sarg\u0101t no tie\u0161iem saules stariem.&nbsp;<\/p>\n","protected":false},"excerpt":{"rendered":"<p>Pretcelul\u012bta mas\u0101\u017eas e\u013c\u013ca &ldquo;Mirolla&rdquo; uz j\u016bras a\u013c\u0123u pamata (lamin\u0101rija un fukuss) aktiviz\u0113 apmai\u0146as procesus \u0161\u016bn\u0101s, uzlabo metabolismu un veicina mikroreljefa izl\u012bdzin\u0101\u0161anu. \u0100da ieg\u016bst tvirtumu un elast\u012bbu, izskat\u0101s pievilkta. Kvie\u0161u d\u012bgu e\u013c\u013ca, rozmar\u012bna e\u013c\u013ca un E vitam\u012bni, kas ir sast\u0101v\u0101, paaugstina \u0101das tonusu, nov\u0113r\u0161ot to priek\u0161laic\u012bgu noveco\u0161an\u0101s. Lieto\u0161ana: nelielu e\u013c\u013cas daudzumu uzkl\u0101t uz \u0101das mas\u0101\u017eas kust\u012bb\u0101m. [&#8230;]\n","protected":false},"featured_media":1932,"template":"","meta":[],"product_cat":[1388],"product_tag":[],"class_list":{"0":"post-33559","1":"product","2":"type-product","3":"status-publish","4":"has-post-thumbnail","6":"product_brand-malina-akcija","7":"product_cat-kermena-kremi-pienini-sviesti","9":"first","10":"outofstock","11":"taxable","12":"shipping-taxable","13":"product-type-simple"},"_links":{"self":[{"href":"https:\/\/e.kosmolat.eu\/lv\/wp-json\/wp\/v2\/product\/33559","targetHints":{"allow":["GET"]}}],"collection":[{"href":"https:\/\/e.kosmolat.eu\/lv\/wp-json\/wp\/v2\/product"}],"about":[{"href":"https:\/\/e.kosmolat.eu\/lv\/wp-json\/wp\/v2\/types\/product"}],"wp:featuredmedia":[{"embeddable":true,"href":"https:\/\/e.kosmolat.eu\/lv\/wp-json\/wp\/v2\/media\/1932"}],"wp:attachment":[{"href":"https:\/\/e.kosmolat.eu\/lv\/wp-json\/wp\/v2\/media?parent=33559"}],"wp:term":[{"taxonomy":"product_cat","embeddable":true,"href":"https:\/\/e.kosmolat.eu\/lv\/wp-json\/wp\/v2\/product_cat?post=33559"},{"taxonomy":"product_tag","embeddable":true,"href":"https:\/\/e.kosmolat.eu\/lv\/wp-json\/wp\/v2\/product_tag?post=33559"}],"curies":[{"name":"wp","href":"https:\/\/api.w.org\/{rel}","templated":true}]}}