{"id":33555,"date":"2023-12-21T18:44:52","date_gmt":"2023-12-21T18:44:52","guid":{"rendered":"https:\/\/e.kosmolat.eu\/product\/kokosa-ella-25-ml\/"},"modified":"2025-07-29T05:03:37","modified_gmt":"2025-07-29T05:03:37","slug":"kokosa-ella-25-ml","status":"publish","type":"product","link":"https:\/\/e.kosmolat.eu\/lv\/product\/kokosa-ella-25-ml\/","title":{"rendered":"Kokosa e\u013c\u013ca, 25 ml"},"content":{"rendered":"<p>APRAKSTS: Mitrina, baro \u0101du. Piem\u012bt aizsarg\u0101jo\u0161as \u012bpa\u0161\u012bbas. Nov\u0113r\u0161 \u0101das plais\u0101\u0161anu un m\u012bkstina raupju \u0101du. Pal\u012bdz mazin\u0101t iekaisumu un kairin\u0101jumu. Pal\u012bdz atjaunot boj\u0101tus matus.<\/p>\n<div>SAST\u0100VS: Kokosa Nucifera e\u013c\u013ca.\n<\/div>\n<div>PIEM\u0112RO\u0160ANAS VEIDS: izmantojiet t\u012br\u0101 veid\u0101 vai pievienojiet kosm\u0113tikas l\u012bdzeklim (kr\u0113mi, losjoni, balzami utt.). Sejas \u0101das kop\u0161anai &#8211; uzkl\u0101jiet uz sejas pa mas\u0101\u017eas l\u012bnij\u0101m. Matu kop\u0161anai &#8211; matus iezie\u017e ar uzsild\u012btu e\u013c\u013cu. Piem\u0113ro\u0161anas laiks l\u012bdz 120 min.<\/div>\n","protected":false},"excerpt":{"rendered":"<p>APRAKSTS: Mitrina, baro \u0101du. Piem\u012bt aizsarg\u0101jo\u0161as \u012bpa\u0161\u012bbas. Nov\u0113r\u0161 \u0101das plais\u0101\u0161anu un m\u012bkstina raupju \u0101du. Pal\u012bdz mazin\u0101t iekaisumu un kairin\u0101jumu. Pal\u012bdz atjaunot boj\u0101tus matus. SAST\u0100VS: Kokosa Nucifera e\u013c\u013ca. PIEM\u0112RO\u0160ANAS VEIDS: izmantojiet t\u012br\u0101 veid\u0101 vai pievienojiet kosm\u0113tikas l\u012bdzeklim (kr\u0113mi, losjoni, balzami utt.). Sejas \u0101das kop\u0161anai &#8211; uzkl\u0101jiet uz sejas pa mas\u0101\u017eas l\u012bnij\u0101m. Matu kop\u0161anai &#8211; matus iezie\u017e [&#8230;]\n","protected":false},"featured_media":1924,"template":"","meta":[],"product_cat":[1621],"product_tag":[],"class_list":{"0":"post-33555","1":"product","2":"type-product","3":"status-publish","4":"has-post-thumbnail","6":"product_brand-malina-akcija","7":"product_cat-aliejai","9":"first","10":"outofstock","11":"taxable","12":"shipping-taxable","13":"product-type-simple"},"_links":{"self":[{"href":"https:\/\/e.kosmolat.eu\/lv\/wp-json\/wp\/v2\/product\/33555","targetHints":{"allow":["GET"]}}],"collection":[{"href":"https:\/\/e.kosmolat.eu\/lv\/wp-json\/wp\/v2\/product"}],"about":[{"href":"https:\/\/e.kosmolat.eu\/lv\/wp-json\/wp\/v2\/types\/product"}],"wp:featuredmedia":[{"embeddable":true,"href":"https:\/\/e.kosmolat.eu\/lv\/wp-json\/wp\/v2\/media\/1924"}],"wp:attachment":[{"href":"https:\/\/e.kosmolat.eu\/lv\/wp-json\/wp\/v2\/media?parent=33555"}],"wp:term":[{"taxonomy":"product_cat","embeddable":true,"href":"https:\/\/e.kosmolat.eu\/lv\/wp-json\/wp\/v2\/product_cat?post=33555"},{"taxonomy":"product_tag","embeddable":true,"href":"https:\/\/e.kosmolat.eu\/lv\/wp-json\/wp\/v2\/product_tag?post=33555"}],"curies":[{"name":"wp","href":"https:\/\/api.w.org\/{rel}","templated":true}]}}